{"id":19871,"date":"2024-04-18T12:09:01","date_gmt":"2024-04-18T10:09:01","guid":{"rendered":"https:\/\/baselle.com\/?post_type=product&#038;p=19871"},"modified":"2024-04-28T00:11:41","modified_gmt":"2024-04-27T22:11:41","slug":"louis-vuitton-facettes-taschenschmuck-schluesselanhaenger-19871","status":"publish","type":"product","link":"https:\/\/baselle.com\/en\/product\/louis-vuitton-facettes-taschenschmuck-schluesselanhaenger-19871\/","title":{"rendered":"Louis Vuitton Facettes Taschenschmuck"},"content":{"rendered":"<p><strong>Louis Vuitton Facettes Taschenschmuck &#038; Schl\u00fcsselanh\u00e4nger Beschreibung<\/strong><\/p>\n<p>Dieser originale Louis Vuitton Facettes Bag Charm Taschenschmuck &#038; Schl\u00fcsselanh\u00e4nger ist eine elegante Erg\u00e4nzung f\u00fcr jede Louis Vuitton Handtasche. Er verf\u00fcgt \u00fcber einen Karabinerverschluss sowie Schl\u00fcsselring und ist sowohl als Taschenschmuck wie auch als Schl\u00fcsselanh\u00e4nger verwendbar. In jedem Fall ist dieses Schmuckst\u00fcck garantiert ein Eyecatcher!<\/p>\n<p><strong>Mint condition<\/strong><br \/>\nDieser Louis Vuitton Facettes Bag Charm Taschenschmuck &#038; Schl\u00fcsselanh\u00e4nger ist in einem neuwertigen Zustand. <\/p>\n<p><strong>Dimensions (approx.):<\/strong> Gesamtl\u00e4nge = 12,5 cm<\/p>\n<p><strong>Material:<\/strong> Zamack, Metall<\/p>\n<p>The pictures represent the offered bag charm. The picture rights are held by MyLovelyBoutique.com. <\/p>\n<p>Follow us on <a href=\"https:\/\/www.instagram.com\/mylovelyboutique.de\/\" rel=\"noopener noreferrer\" target=\"_blank\">Instagram<\/a> and get inspired.<\/p>","protected":false},"excerpt":{"rendered":"<table class=\"mlb-product-details\">\n<tbody>\n<tr>\n<td class=\"mlb-details-caption\">Model<\/td>\n<td class=\"mlb-details-value\">LV Facettes Schl\u00fcsselanh\u00e4nger &#038; Taschenschmuck<\/td>\n<\/tr>\n<tr>\n<td class=\"mlb-details-caption\">Colour<\/td>\n<td class=\"mlb-details-value\">Gold<\/td>\n<\/tr>\n<tr>\n<td class=\"mlb-details-caption\">Hardware<\/td>\n<td class=\"mlb-details-value\">Zamack, Metall<\/td>\n<\/tr>\n<tr>\n<td class=\"mlb-details-caption\">Year<\/td>\n<td class=\"mlb-details-value\">2019<\/td>\n<\/tr>\n<tr>\n<td class=\"mlb-details-caption\">Accessoires<\/td>\n<td class=\"mlb-details-value\">Invoice, box, dustbag<\/td>\n<\/tr>\n<tr>\n<td class=\"mlb-details-caption\">Condition<\/td>\n<td class=\"mlb-details-value\">Mint condition<\/td>\n<\/tr>\n<\/tbody>\n<\/table>","protected":false},"featured_media":19875,"template":"","meta":[],"product_brand":[],"product_cat":[57,154,1431,92],"product_tag":[],"class_list":{"0":"post-19871","1":"product","2":"type-product","3":"status-publish","4":"has-post-thumbnail","6":"product_cat-accessories","7":"product_cat-designer","8":"product_cat-louisvuitton","9":"product_cat-taschenschmuck","10":"product_shipping_class-0-500","12":"first","13":"outofstock","14":"sold-individually","15":"shipping-taxable","16":"purchasable","17":"product-type-simple"},"_links":{"self":[{"href":"https:\/\/baselle.com\/en\/wp-json\/wp\/v2\/product\/19871","targetHints":{"allow":["GET"]}}],"collection":[{"href":"https:\/\/baselle.com\/en\/wp-json\/wp\/v2\/product"}],"about":[{"href":"https:\/\/baselle.com\/en\/wp-json\/wp\/v2\/types\/product"}],"wp:featuredmedia":[{"embeddable":true,"href":"https:\/\/baselle.com\/en\/wp-json\/wp\/v2\/media\/19875"}],"wp:attachment":[{"href":"https:\/\/baselle.com\/en\/wp-json\/wp\/v2\/media?parent=19871"}],"wp:term":[{"taxonomy":"product_brand","embeddable":true,"href":"https:\/\/baselle.com\/en\/wp-json\/wp\/v2\/product_brand?post=19871"},{"taxonomy":"product_cat","embeddable":true,"href":"https:\/\/baselle.com\/en\/wp-json\/wp\/v2\/product_cat?post=19871"},{"taxonomy":"product_tag","embeddable":true,"href":"https:\/\/baselle.com\/en\/wp-json\/wp\/v2\/product_tag?post=19871"}],"curies":[{"name":"wp","href":"https:\/\/api.w.org\/{rel}","templated":true}]}}