{"id":19869,"date":"2024-04-18T12:26:19","date_gmt":"2024-04-18T10:26:19","guid":{"rendered":"https:\/\/baselle.com\/?post_type=product&#038;p=19869"},"modified":"2024-04-28T00:11:36","modified_gmt":"2024-04-27T22:11:36","slug":"louis-vuitton-circle-bag-charm-taschenschmuck-schluesselanhaenger-19869","status":"publish","type":"product","link":"https:\/\/baselle.com\/en\/product\/louis-vuitton-circle-bag-charm-taschenschmuck-schluesselanhaenger-19869\/","title":{"rendered":"Louis Vuitton Circle Taschenschmuck"},"content":{"rendered":"<p><strong>Louis Vuitton Circle Bag Charm Taschenschmuck &#038; Schl\u00fcsselanh\u00e4nger Beschreibung<\/strong><\/p>\n<p>Dieser originale Louis Vuitton Circle Bag Charm Taschenschmuck &#038; Schl\u00fcsselanh\u00e4nger besticht durch seine ikonischen LV Initialen. Er verf\u00fcgt \u00fcber einen Karabinerverschluss sowie Schl\u00fcsselring und ist sowohl als Taschenschmuck wie auch als Schl\u00fcsselanh\u00e4nger verwendbar. In jedem Fall ist dieses Schmuckst\u00fcck garantiert ein Eyecatcher!<\/p>\n<p><strong>Mint condition<\/strong><br \/>\nDieser Louis Vuitton Circle Bag Charm Taschenschmuck &#038; Schl\u00fcsselanh\u00e4nger ist in einem neuwertigen Zustand. <\/p>\n<p><strong>Dimensions (approx.):<\/strong> Gesamtl\u00e4nge = 11,5 cm<\/p>\n<p><strong>Material:<\/strong> Metal<\/p>\n<p>The pictures represent the offered bag charm. The picture rights are held by MyLovelyBoutique.com. <\/p>\n<p>Follow us on <a href=\"https:\/\/www.instagram.com\/mylovelyboutique.de\/\" rel=\"noopener noreferrer\" target=\"_blank\">Instagram\/a> und lass Dich inspirieren.<\/p>","protected":false},"excerpt":{"rendered":"<table class=\"mlb-product-details\">\n<tbody>\n<tr>\n<td class=\"mlb-details-caption\">Model<\/td>\n<td class=\"mlb-details-value\">LV Circle Schl\u00fcsselanh\u00e4nger &#038; Taschenschmuck<\/td>\n<\/tr>\n<tr>\n<td class=\"mlb-details-caption\">Colour<\/td>\n<td class=\"mlb-details-value\">Gold<\/td>\n<\/tr>\n<tr>\n<td class=\"mlb-details-caption\">Hardware<\/td>\n<td class=\"mlb-details-value\">Metal<\/td>\n<\/tr>\n<tr>\n<td class=\"mlb-details-caption\">Year<\/td>\n<td class=\"mlb-details-value\">2019<\/td>\n<\/tr>\n<tr>\n<td class=\"mlb-details-caption\">Accessoires<\/td>\n<td class=\"mlb-details-value\">Invoice, box, dustbag<\/td>\n<\/tr>\n<tr>\n<td class=\"mlb-details-caption\">Condition<\/td>\n<td class=\"mlb-details-value\">Mint condition<\/td>\n<\/tr>\n<\/tbody>\n<\/table>","protected":false},"featured_media":19879,"template":"","meta":[],"product_brand":[],"product_cat":[57,154,1431,92],"product_tag":[],"class_list":{"0":"post-19869","1":"product","2":"type-product","3":"status-publish","4":"has-post-thumbnail","6":"product_cat-accessories","7":"product_cat-designer","8":"product_cat-louisvuitton","9":"product_cat-taschenschmuck","10":"product_shipping_class-0-500","12":"first","13":"outofstock","14":"sold-individually","15":"shipping-taxable","16":"purchasable","17":"product-type-simple"},"_links":{"self":[{"href":"https:\/\/baselle.com\/en\/wp-json\/wp\/v2\/product\/19869","targetHints":{"allow":["GET"]}}],"collection":[{"href":"https:\/\/baselle.com\/en\/wp-json\/wp\/v2\/product"}],"about":[{"href":"https:\/\/baselle.com\/en\/wp-json\/wp\/v2\/types\/product"}],"wp:featuredmedia":[{"embeddable":true,"href":"https:\/\/baselle.com\/en\/wp-json\/wp\/v2\/media\/19879"}],"wp:attachment":[{"href":"https:\/\/baselle.com\/en\/wp-json\/wp\/v2\/media?parent=19869"}],"wp:term":[{"taxonomy":"product_brand","embeddable":true,"href":"https:\/\/baselle.com\/en\/wp-json\/wp\/v2\/product_brand?post=19869"},{"taxonomy":"product_cat","embeddable":true,"href":"https:\/\/baselle.com\/en\/wp-json\/wp\/v2\/product_cat?post=19869"},{"taxonomy":"product_tag","embeddable":true,"href":"https:\/\/baselle.com\/en\/wp-json\/wp\/v2\/product_tag?post=19869"}],"curies":[{"name":"wp","href":"https:\/\/api.w.org\/{rel}","templated":true}]}}