{"id":19844,"date":"2024-04-15T19:25:59","date_gmt":"2024-04-15T17:25:59","guid":{"rendered":"https:\/\/baselle.com\/?post_type=product&#038;p=19844"},"modified":"2024-05-06T09:44:39","modified_gmt":"2024-05-06T07:44:39","slug":"chanel-heart-wallet-on-chain-woc-handtasche-19844","status":"publish","type":"product","link":"https:\/\/baselle.com\/en\/product\/chanel-heart-wallet-on-chain-woc-handtasche-19844\/","title":{"rendered":"CHANEL Heart Wallet On Chain"},"content":{"rendered":"<p>\n<strong>CHANEL Heart Wallet On Chain WOC Description<\/strong><\/p>\n<p>Diese originale CHANEL Heart Wallet On Chain WOC Handtasche ist eine limitierte Rarit\u00e4t aus der Fr\u00fchjahr- Sommerkollektion 2023. Der Turnlock-Verschluss mit CC-Signatur in Herzform setzt bei diesem Modell ein besonderes Highlight. Die kleine Handtasche ist aus Lammleder gefertigt und verf\u00fcgt \u00fcber gewebte Kettenriemen sowie goldene Beschl\u00e4ge mit Ruthenium-Finish.<\/p>\n<p>Die CHANEL Heart Wallet On Chain WOC Handtasche kann \u00fcber der Schulter sowie diagonal am K\u00f6rper getragen werden. Die Klappe \u00f6ffnet sich zu einem roten Lederinnenfutter mit zwei Steckf\u00e4chern, einem Rei\u00dfverschlussfach sowie 6 Kartenf\u00e4cher. Auf dem Taschenr\u00fccken befindet sich ein weiteres Steckfach.\n<\/p>\n<p>\n<strong>New condition:<\/strong><br \/>\nThis CHANEL Heart Wallet On Chain WOC handbag is unworn and therefore in new condition.\n<\/p>\n<p>\n<strong>Style:<\/strong> Shoulder bag, clutch, crossbody<br \/>\n<strong>Size:<\/strong> Small<br \/>\n<strong>Dimensions (approx.):<\/strong> width 19 cm * height 12 cm * depth 4,5 cm\n<\/p>\n<p>\n<strong>Exterior material:<\/strong> Lambskin leather<br \/>\n<strong>Interior Material<\/strong> fabric and leather lining\n<\/p>\n<p>The pictures represent the offered bag. The picture rights are held by MyLovelyBoutique.com. <\/p>\n<p>Follow us on <a href=\"https:\/\/www.instagram.com\/mylovelyboutique.de\/\" rel=\"noopener noreferrer\" target=\"_blank\"><strong>Instagram<\/strong><\/a> and get inspired. <\/p>","protected":false},"excerpt":{"rendered":"<table class=\"mlb-product-details\">\n<tbody>\n<tr>\n<td class=\"mlb-details-caption\">Model<\/td>\n<td class=\"mlb-details-value\">23P Heart Wallet On Chain<\/td>\n<\/tr>\n<tr>\n<td class=\"mlb-details-caption\">Colour<\/td>\n<td class=\"mlb-details-value\">Black<\/td>\n<\/tr>\n<tr>\n<td class=\"mlb-details-caption\">Hardware<\/td>\n<td class=\"mlb-details-value\">Gold with ruthenium finish<\/td>\n<\/tr>\n<tr>\n<td class=\"mlb-details-caption\">Year<\/td>\n<td class=\"mlb-details-value\">2023<\/td>\n<\/tr>\n<tr>\n<td class=\"mlb-details-caption\">Accessoires<\/td>\n<td class=\"mlb-details-value\">Invoice, box, dustbag, RFID Chip<\/td>\n<\/tr>\n<tr>\n<td class=\"mlb-details-caption\">Condition<\/td>\n<td class=\"mlb-details-value\">New<\/td>\n<\/tr>\n<\/tbody>\n<\/table>","protected":false},"featured_media":19847,"template":"","meta":[],"product_brand":[],"product_cat":[1430,87,154,68,86,85,99],"product_tag":[],"class_list":{"0":"post-19844","1":"product","2":"type-product","3":"status-publish","4":"has-post-thumbnail","6":"product_cat-chanel","7":"product_cat-crossbodytaschen","8":"product_cat-designer","9":"product_cat-handtaschen","10":"product_cat-kleinetaschen","11":"product_cat-schultertaschen","12":"product_cat-taschen","13":"product_shipping_class-bis5000","15":"first","16":"outofstock","17":"sold-individually","18":"shipping-taxable","19":"purchasable","20":"product-type-simple"},"_links":{"self":[{"href":"https:\/\/baselle.com\/en\/wp-json\/wp\/v2\/product\/19844","targetHints":{"allow":["GET"]}}],"collection":[{"href":"https:\/\/baselle.com\/en\/wp-json\/wp\/v2\/product"}],"about":[{"href":"https:\/\/baselle.com\/en\/wp-json\/wp\/v2\/types\/product"}],"wp:featuredmedia":[{"embeddable":true,"href":"https:\/\/baselle.com\/en\/wp-json\/wp\/v2\/media\/19847"}],"wp:attachment":[{"href":"https:\/\/baselle.com\/en\/wp-json\/wp\/v2\/media?parent=19844"}],"wp:term":[{"taxonomy":"product_brand","embeddable":true,"href":"https:\/\/baselle.com\/en\/wp-json\/wp\/v2\/product_brand?post=19844"},{"taxonomy":"product_cat","embeddable":true,"href":"https:\/\/baselle.com\/en\/wp-json\/wp\/v2\/product_cat?post=19844"},{"taxonomy":"product_tag","embeddable":true,"href":"https:\/\/baselle.com\/en\/wp-json\/wp\/v2\/product_tag?post=19844"}],"curies":[{"name":"wp","href":"https:\/\/api.w.org\/{rel}","templated":true}]}}