{"id":19748,"date":"2024-04-01T15:21:06","date_gmt":"2024-04-01T13:21:06","guid":{"rendered":"https:\/\/baselle.com\/?post_type=product&#038;p=19748"},"modified":"2024-04-28T00:11:30","modified_gmt":"2024-04-27T22:11:30","slug":"louis-vuitton-very-bag-charm-taschenschmuck-und-schluesselanhaenger-19748","status":"publish","type":"product","link":"https:\/\/baselle.com\/en\/product\/louis-vuitton-very-bag-charm-taschenschmuck-und-schluesselanhaenger-19748\/","title":{"rendered":"Louis Vuitton Very Taschenschmuck"},"content":{"rendered":"<p><strong>Louis Vuitton Very Bag Charm Taschenschmuck und Schl\u00fcsselanh\u00e4nger Beschreibung<\/strong><\/p>\n<p>Dieser originale Louis Vuitton Very Bag Charm Taschenschmuck und Schl\u00fcsselanh\u00e4nger verzaubert durch seine wundersch\u00f6nen Details wie der ikonischen LV Circle Signatur und die Monogram-Bl\u00fcten. Er verf\u00fcgt \u00fcber einen Karabinerverschluss und einen Schl\u00fcsselring und ist sowohl als Taschenschmuck wie auch als Schl\u00fcsselanh\u00e4nger verwendbar. In jedem Fall ist dieses Schmuckst\u00fcck garantiert ein Eyecatcher!<\/p>\n<p><strong>Very good condition:<\/strong><br \/>\nDieser Louis Vuitton Very Bag Charm Taschenschmuck und Schl\u00fcsselanh\u00e4nger aus zweiter Hand ist insgesamt in einem sehr guten Zustand. <\/p>\n<p><strong>Dimensions (approx.):<\/strong> Gesamtl\u00e4nge = 18,6 cm<\/p>\n<p><strong>Material:<\/strong> Messing, Emaille, Leder<\/p>\n<p>The pictures represent the offered bag charm. The picture rights are held by MyLovelyBoutique.com. <\/p>\n<p>Follow us on <a href=\"https:\/\/www.instagram.com\/mylovelyboutique.de\/\" rel=\"noopener noreferrer\" target=\"_blank\">Instagram<\/a> and get inspired.<\/p>","protected":false},"excerpt":{"rendered":"<table class=\"mlb-product-details\">\n<tbody>\n<tr>\n<td class=\"mlb-details-caption\">Model<\/td>\n<td class=\"mlb-details-value\">Very Taschenschmuck<\/td>\n<\/tr>\n<tr>\n<td class=\"mlb-details-caption\">Colour<\/td>\n<td class=\"mlb-details-value\">Gold, black<\/td>\n<\/tr>\n<tr>\n<td class=\"mlb-details-caption\">Hardware<\/td>\n<td class=\"mlb-details-value\">Gold<\/td>\n<\/tr>\n<tr>\n<td class=\"mlb-details-caption\">Year<\/td>\n<td class=\"mlb-details-value\">2023<\/td>\n<\/tr>\n<tr>\n<td class=\"mlb-details-caption\">Accessoires<\/td>\n<td class=\"mlb-details-value\">Invoice, box, dustbag<\/td>\n<\/tr>\n<tr>\n<td class=\"mlb-details-caption\">Condition<\/td>\n<td class=\"mlb-details-value\">Very good condition<\/td>\n<\/tr>\n<\/tbody>\n<\/table>","protected":false},"featured_media":19749,"template":"","meta":[],"product_brand":[],"product_cat":[57,154,1431,92],"product_tag":[],"class_list":{"0":"post-19748","1":"product","2":"type-product","3":"status-publish","4":"has-post-thumbnail","6":"product_cat-accessories","7":"product_cat-designer","8":"product_cat-louisvuitton","9":"product_cat-taschenschmuck","10":"product_shipping_class-0-500","12":"first","13":"outofstock","14":"sold-individually","15":"shipping-taxable","16":"purchasable","17":"product-type-simple"},"_links":{"self":[{"href":"https:\/\/baselle.com\/en\/wp-json\/wp\/v2\/product\/19748","targetHints":{"allow":["GET"]}}],"collection":[{"href":"https:\/\/baselle.com\/en\/wp-json\/wp\/v2\/product"}],"about":[{"href":"https:\/\/baselle.com\/en\/wp-json\/wp\/v2\/types\/product"}],"wp:featuredmedia":[{"embeddable":true,"href":"https:\/\/baselle.com\/en\/wp-json\/wp\/v2\/media\/19749"}],"wp:attachment":[{"href":"https:\/\/baselle.com\/en\/wp-json\/wp\/v2\/media?parent=19748"}],"wp:term":[{"taxonomy":"product_brand","embeddable":true,"href":"https:\/\/baselle.com\/en\/wp-json\/wp\/v2\/product_brand?post=19748"},{"taxonomy":"product_cat","embeddable":true,"href":"https:\/\/baselle.com\/en\/wp-json\/wp\/v2\/product_cat?post=19748"},{"taxonomy":"product_tag","embeddable":true,"href":"https:\/\/baselle.com\/en\/wp-json\/wp\/v2\/product_tag?post=19748"}],"curies":[{"name":"wp","href":"https:\/\/api.w.org\/{rel}","templated":true}]}}