{"id":19743,"date":"2024-03-28T08:55:08","date_gmt":"2024-03-28T07:55:08","guid":{"rendered":"https:\/\/baselle.com\/?post_type=product&#038;p=19743"},"modified":"2024-09-13T17:58:00","modified_gmt":"2024-09-13T15:58:00","slug":"louis-vuitton-sunrise-pastel-taschenschmuck-schluesselanhaenger-19743","status":"publish","type":"product","link":"https:\/\/baselle.com\/en\/product\/louis-vuitton-sunrise-pastel-taschenschmuck-schluesselanhaenger-19743\/","title":{"rendered":"Louis Vuitton Taschenschmuck"},"content":{"rendered":"<p>\n<strong>Louis Vuitton Spring in the City Sunrise Pastel Taschenschmuck Schl\u00fcsselanh\u00e4nger Beschreibung<\/strong> <\/p>\n<p>Dieser originale Louis Vuitton Sunrise Pastel Taschenschmuck Schl\u00fcsselanh\u00e4nger ist aus Monogram Canvas gefertigt und verf\u00fcgt \u00fcber einen Karabiner sowie einen Schl\u00fcsselring. Ob an Deiner Tasche befestigt oder als Schl\u00fcsselanh\u00e4nger &#8211; er ist immer ein Hingucker!\n<\/p>\n<p>\n<strong>Mint condition<\/strong><br \/>\nDieser Louis Vuitton Spring in the City Sunrise Pastel Taschenschmuck aus zweiter Hand ist ungetragen und dementsprechend in einem neuwertigen Zustand. An dem Schl\u00fcsselring ist nach wie vor die Schutzfolie angebracht.\n<\/p>\n<p>\n<strong>Dimensions (approx.):<\/strong> Durchmesser = 8 cm\n<\/p>\n<p>\n<strong>Materials:<\/strong> Beschichtetes Canvas, Metall\n<\/p>\n<p>The pictures represent the offered bag charm. The picture rights are held by MyLovelyBoutique.com. <\/p>\n<p>Follow us on <a href=\"https:\/\/www.instagram.com\/mylovelyboutique.de\/\" rel=\"noopener noreferrer\" target=\"_blank\">Instagram<\/a> and get inspired. <\/p>","protected":false},"excerpt":{"rendered":"<table class=\"mlb-product-details\">\n<tbody>\n<tr>\n<td class=\"mlb-details-caption\">Model<\/td>\n<td class=\"mlb-details-value\">Spring in The City bag charm<\/td>\n<\/tr>\n<tr>\n<td class=\"mlb-details-caption\">Colour<\/td>\n<td class=\"mlb-details-value\">Sunrise Pastel<\/td>\n<\/tr>\n<tr>\n<td class=\"mlb-details-caption\">Hardware<\/td>\n<td class=\"mlb-details-value\">Gold<\/td>\n<\/tr>\n<tr>\n<td class=\"mlb-details-caption\">Year<\/td>\n<td class=\"mlb-details-value\">2022<\/td>\n<\/tr>\n<tr>\n<td class=\"mlb-details-caption\">Accessoires<\/td>\n<td class=\"mlb-details-value\">Box, dustbag<\/td>\n<\/tr>\n<tr>\n<td class=\"mlb-details-caption\">Condition<\/td>\n<td class=\"mlb-details-value\">Mint condition<\/td>\n<\/tr>\n<\/tbody>\n<\/table>","protected":false},"featured_media":19744,"template":"","meta":[],"product_brand":[],"product_cat":[57,154,1431,92],"product_tag":[],"class_list":{"0":"post-19743","1":"product","2":"type-product","3":"status-publish","4":"has-post-thumbnail","6":"product_cat-accessories","7":"product_cat-designer","8":"product_cat-louisvuitton","9":"product_cat-taschenschmuck","10":"product_shipping_class-0-500","12":"first","13":"outofstock","14":"sold-individually","15":"shipping-taxable","16":"purchasable","17":"product-type-simple"},"_links":{"self":[{"href":"https:\/\/baselle.com\/en\/wp-json\/wp\/v2\/product\/19743","targetHints":{"allow":["GET"]}}],"collection":[{"href":"https:\/\/baselle.com\/en\/wp-json\/wp\/v2\/product"}],"about":[{"href":"https:\/\/baselle.com\/en\/wp-json\/wp\/v2\/types\/product"}],"wp:featuredmedia":[{"embeddable":true,"href":"https:\/\/baselle.com\/en\/wp-json\/wp\/v2\/media\/19744"}],"wp:attachment":[{"href":"https:\/\/baselle.com\/en\/wp-json\/wp\/v2\/media?parent=19743"}],"wp:term":[{"taxonomy":"product_brand","embeddable":true,"href":"https:\/\/baselle.com\/en\/wp-json\/wp\/v2\/product_brand?post=19743"},{"taxonomy":"product_cat","embeddable":true,"href":"https:\/\/baselle.com\/en\/wp-json\/wp\/v2\/product_cat?post=19743"},{"taxonomy":"product_tag","embeddable":true,"href":"https:\/\/baselle.com\/en\/wp-json\/wp\/v2\/product_tag?post=19743"}],"curies":[{"name":"wp","href":"https:\/\/api.w.org\/{rel}","templated":true}]}}