{"id":19737,"date":"2024-03-26T23:12:53","date_gmt":"2024-03-26T22:12:53","guid":{"rendered":"https:\/\/baselle.com\/?post_type=product&#038;p=19737"},"modified":"2024-04-15T19:29:30","modified_gmt":"2024-04-15T17:29:30","slug":"louis-vuitton-pochette-neverfull-damier-azur-19737","status":"publish","type":"product","link":"https:\/\/baselle.com\/en\/product\/louis-vuitton-pochette-neverfull-damier-azur-19737\/","title":{"rendered":"Louis Vuitton Pochette Neverfull"},"content":{"rendered":"<p>\n<strong>Louis Vuitton Pochette Neverfull Damier Azur Handtasche Beschreibung<\/strong><\/p>\n<p>Diese originale Louis Vuitton Pochette Neverfull Damier Azur Handtasche ist ein vielseitiges T\u00e4schchen f\u00fcr die moderne Frau. Sie ist aus beschichtetem Canvas gefertigt und verf\u00fcgt \u00fcber eine eckige Silhouette sowie goldfarbene Hardware-Akzente. Der abnehmbare Lederriemen garantiert maximalen Tragekomfort. Der Rei\u00dfverschluss \u00f6ffnet sich zu einem hellen Textilinnenfutter mit einem Steckfach.\n<\/p>\n<p>\n<strong>Very good condition:<\/strong><br \/>\nDiese Louis Vuitton Pochette Neverfull Damier Azur Handtasche ist insgesamt in einem sehr guten Zustand. Das beschichtete Canvas sowie die naturbelassenen Rindslederbes\u00e4tze sind in einem einwandfreien Zustand. Das Tascheninnere ist sauber und weist keine L\u00f6cher\/Risse auf.\n<\/p>\n<p>\n<strong>Style:<\/strong> handbag, clutch, pochette<br \/>\n<strong>Size:<\/strong> NM<br \/>\n<strong>Dimensions (approx.):<\/strong> width 25 cm * height 15 cm * depth 1 cm\n<\/p>\n<p>\n<strong>Exterior material:<\/strong> Coatet canvas<br \/>\n<strong>Interior Material<\/strong> fabric lining\n<\/p>\n<p>The pictures represent the offered bag. The picture rights are held by MyLovelyBoutique.com. <\/p>\n<p>Follow us on <a href=\"https:\/\/www.instagram.com\/mylovelyboutique.de\/\" rel=\"noopener noreferrer\" target=\"_blank\">Instagram><\/a> and get inspired. <\/p>","protected":false},"excerpt":{"rendered":"<table class=\"mlb-product-details\">\n<tbody>\n<tr>\n<td class=\"mlb-details-caption\">Model<\/td>\n<td class=\"mlb-details-value\">Pochette Neverfull Damier Azur<\/td>\n<\/tr>\n<tr>\n<td class=\"mlb-details-caption\">Colour<\/td>\n<td class=\"mlb-details-value\">White, blue<\/td>\n<\/tr>\n<tr>\n<td class=\"mlb-details-caption\">Hardware<\/td>\n<td class=\"mlb-details-value\">Gold<\/td>\n<\/tr>\n<tr>\n<td class=\"mlb-details-caption\">Year<\/td>\n<td class=\"mlb-details-value\">2018<\/td>\n<\/tr>\n<tr>\n<td class=\"mlb-details-caption\">Accessoires<\/td>\n<td class=\"mlb-details-value\">LV-Rechnungskopie der Neverfull<\/td>\n<\/tr>\n<tr>\n<td class=\"mlb-details-caption\">Condition<\/td>\n<td class=\"mlb-details-value\">Very good condition<\/td>\n<\/tr>\n<\/tbody>\n<\/table>","protected":false},"featured_media":19738,"template":"","meta":[],"product_brand":[],"product_cat":[154,68,86,1431,99],"product_tag":[],"class_list":{"0":"post-19737","1":"product","2":"type-product","3":"status-publish","4":"has-post-thumbnail","6":"product_cat-designer","7":"product_cat-handtaschen","8":"product_cat-kleinetaschen","9":"product_cat-louisvuitton","10":"product_cat-taschen","11":"product_shipping_class-0-500","13":"first","14":"outofstock","15":"sold-individually","16":"shipping-taxable","17":"purchasable","18":"product-type-simple"},"_links":{"self":[{"href":"https:\/\/baselle.com\/en\/wp-json\/wp\/v2\/product\/19737","targetHints":{"allow":["GET"]}}],"collection":[{"href":"https:\/\/baselle.com\/en\/wp-json\/wp\/v2\/product"}],"about":[{"href":"https:\/\/baselle.com\/en\/wp-json\/wp\/v2\/types\/product"}],"wp:featuredmedia":[{"embeddable":true,"href":"https:\/\/baselle.com\/en\/wp-json\/wp\/v2\/media\/19738"}],"wp:attachment":[{"href":"https:\/\/baselle.com\/en\/wp-json\/wp\/v2\/media?parent=19737"}],"wp:term":[{"taxonomy":"product_brand","embeddable":true,"href":"https:\/\/baselle.com\/en\/wp-json\/wp\/v2\/product_brand?post=19737"},{"taxonomy":"product_cat","embeddable":true,"href":"https:\/\/baselle.com\/en\/wp-json\/wp\/v2\/product_cat?post=19737"},{"taxonomy":"product_tag","embeddable":true,"href":"https:\/\/baselle.com\/en\/wp-json\/wp\/v2\/product_tag?post=19737"}],"curies":[{"name":"wp","href":"https:\/\/api.w.org\/{rel}","templated":true}]}}