{"id":19692,"date":"2024-03-19T09:33:36","date_gmt":"2024-03-19T08:33:36","guid":{"rendered":"https:\/\/baselle.com\/?post_type=product&#038;p=19692"},"modified":"2024-12-22T15:35:24","modified_gmt":"2024-12-22T14:35:24","slug":"chanel-22k-small-zip-around-wallet-geldboerse-19692","status":"publish","type":"product","link":"https:\/\/baselle.com\/en\/product\/chanel-22k-small-zip-around-wallet-geldboerse-19692\/","title":{"rendered":"CHANEL Zippy Geldb\u00f6rse"},"content":{"rendered":"<p>\n<strong>CHANEL 22K Small Zip Around Wallet Geldb\u00f6rse mit Rei\u00dfverschluss Beschreibung<\/strong> <\/p>\n<p>Diese originale CHANEL 22K Small Zip Around Wallet Geldb\u00f6rse mit Rei\u00dfverschluss bietet Platz f\u00fcr Kreditkarten, Kleingeld sowie gefaltete Geldscheine und l\u00e4sst sich durch einen praktischen Rundum-Zipper \u00f6ffnen.\n<\/p>\n<p>\n<strong>Mint condition<\/strong><br \/>\nDiese CHANEL 22K Small Zip Around Wallet Geldb\u00f6rse mit Rei\u00dfverschluss aus zweiter Hand ist in einem neuwertigen Zustand ohne Gebrauchspuren.\n<\/p>\n<p>\n<strong>Wallet size:<\/strong>  Small<br \/>\n<strong>Dimensions (approx.):<\/strong> Breite 11 cm * H\u00f6he 7,5 cm * Tiefe 2 cm\n<\/p>\n<p>\n<strong>Exterior material:<\/strong> Grained calfskin leather<br \/>\n<strong>Interior Material<\/strong> fabric lining\n<\/p>\n<p>The pictures represent the offered wallet. The picture rights are held by MyLovelyBoutique.com. <\/p>\n<p>Follow us on <a href=\"https:\/\/www.instagram.com\/mylovelyboutique.de\/\" rel=\"noopener noreferrer\" target=\"_blank\"><strong>Instagram<\/strong><\/a> and get inspired. <\/p>","protected":false},"excerpt":{"rendered":"<table class=\"mlb-product-details\">\n<tbody>\n<tr>\n<td class=\"mlb-details-caption\">Model<\/td>\n<td class=\"mlb-details-value\">22K Mini Wallet<\/td>\n<\/tr>\n<tr>\n<td class=\"mlb-details-caption\">Colour<\/td>\n<td class=\"mlb-details-value\">Dark beige<\/td>\n<\/tr>\n<tr>\n<td class=\"mlb-details-caption\">Hardware<\/td>\n<td class=\"mlb-details-value\">Light gold<\/td>\n<\/tr>\n<tr>\n<td class=\"mlb-details-caption\">Year<\/td>\n<td class=\"mlb-details-value\">2022<\/td>\n<\/tr>\n<tr>\n<td class=\"mlb-details-caption\">Accessoires<\/td>\n<td class=\"mlb-details-value\">Invoice, box, dustbag, serialnumber<\/td>\n<\/tr>\n<tr>\n<td class=\"mlb-details-caption\">Condition<\/td>\n<td class=\"mlb-details-value\">Mint condition<\/td>\n<\/tr>\n<\/tbody>\n<\/table>","protected":false},"featured_media":19702,"template":"","meta":[],"product_brand":[],"product_cat":[57,1430,154,90,89],"product_tag":[],"class_list":{"0":"post-19692","1":"product","2":"type-product","3":"status-publish","4":"has-post-thumbnail","6":"product_cat-accessories","7":"product_cat-chanel","8":"product_cat-designer","9":"product_cat-kleinlederwaren","10":"product_cat-portemonnaie","11":"product_shipping_class-bis1000","13":"first","14":"outofstock","15":"sold-individually","16":"shipping-taxable","17":"purchasable","18":"product-type-simple"},"_links":{"self":[{"href":"https:\/\/baselle.com\/en\/wp-json\/wp\/v2\/product\/19692","targetHints":{"allow":["GET"]}}],"collection":[{"href":"https:\/\/baselle.com\/en\/wp-json\/wp\/v2\/product"}],"about":[{"href":"https:\/\/baselle.com\/en\/wp-json\/wp\/v2\/types\/product"}],"wp:featuredmedia":[{"embeddable":true,"href":"https:\/\/baselle.com\/en\/wp-json\/wp\/v2\/media\/19702"}],"wp:attachment":[{"href":"https:\/\/baselle.com\/en\/wp-json\/wp\/v2\/media?parent=19692"}],"wp:term":[{"taxonomy":"product_brand","embeddable":true,"href":"https:\/\/baselle.com\/en\/wp-json\/wp\/v2\/product_brand?post=19692"},{"taxonomy":"product_cat","embeddable":true,"href":"https:\/\/baselle.com\/en\/wp-json\/wp\/v2\/product_cat?post=19692"},{"taxonomy":"product_tag","embeddable":true,"href":"https:\/\/baselle.com\/en\/wp-json\/wp\/v2\/product_tag?post=19692"}],"curies":[{"name":"wp","href":"https:\/\/api.w.org\/{rel}","templated":true}]}}