{"id":19643,"date":"2024-03-13T20:11:49","date_gmt":"2024-03-13T19:11:49","guid":{"rendered":"https:\/\/baselle.com\/?post_type=product&#038;p=19643"},"modified":"2024-04-17T10:07:33","modified_gmt":"2024-04-17T08:07:33","slug":"chanel-timeless-mini-square-flap-bag-19643","status":"publish","type":"product","link":"https:\/\/baselle.com\/en\/product\/chanel-timeless-mini-square-flap-bag-19643\/","title":{"rendered":"CHANEL Timeless Mini"},"content":{"rendered":"<p>\n<strong>CHANEL Timeless Mini Square Flap Bag Handtasche Beschreibung<\/strong><\/p>\n<p>Diese originale CHANEL Timeless Mini Square Flap Bag Handtasche ist eine schicke und klassische Tasche im typisch zeitlosen Stil von Chanel. In ihrer kompakten Gr\u00f6\u00dfe eignet sie sich nicht nur perfekt als Abendtasche oder f\u00fcr besondere Anl\u00e4sse, sie bietet auch genug Platz f\u00fcr Portemonnaie, Schl\u00fcssel, Smartphone und Kosmetik und ist daher auch eine perfekte Begleitung f\u00fcr den Alltag. Die Classic Mini ist aus Jersey gefertigt und verf\u00fcgt \u00fcber einen flexiblen Kettenriemen, ein CC-Turnlock und hellgoldene Hardware-Akzente.<\/p>\n<p>Der CC-Turnlock-Verschluss \u00f6ffnet sich zu einem schwarzen Lederfutter mit einem Rei\u00dfverschlussfach und einem Steckfach. Des weiteren befindet sich am Taschenr\u00fccken ein aufgesetztes Steckfach. Die Mini Flap Bag kann \u00fcber der Schulter oder diagonal am K\u00f6rper getragen werden, so dass maximaler Tragekomfort garantiert ist. Eine komfortable und kompakte Handtasche, die Chanels klassisches Design verk\u00f6rpert.\n<\/p>\n<p>\n<strong>Excellent condition<\/strong><br \/>\nDiese CHANEL Timeless Mini Square Flap Bag Handtasche aus zweiter Hand ist insgesamt in einem hervorragenden Zustand.\n<\/p>\n<p>\n<strong>Style:<\/strong> Shoulder bag, clutch, crossbody<br \/>\n<strong>Size:<\/strong> Mini<br \/>\n<strong>Dimensions (approx.):<\/strong> width 17 cm * height 13 cm * depth 7 cm\n<\/p>\n<p>\n<strong>Exterior material:<\/strong> Jersey<br \/>\n<strong>Interior Material<\/strong> leather\n<\/p>\n<p>The pictures represent the offered bag. The picture rights are held by MyLovelyBoutique.com. <\/p>\n<p>Follow us on <a href=\"https:\/\/www.instagram.com\/mylovelyboutique.de\/\" rel=\"noopener noreferrer\" target=\"_blank\"><strong>Instagram<\/strong><\/a> and get inspired. <\/p>","protected":false},"excerpt":{"rendered":"<br \/>\n<table class=\"mlb-product-details\">\n<tbody>\n<tr>\n<td class=\"mlb-details-caption\">Model<\/td>\n<td class=\"mlb-details-value\">Mini Square Flap Bag<\/td>\n<\/tr>\n<tr>\n<td class=\"mlb-details-caption\">Colour<\/td>\n<td class=\"mlb-details-value\">Black<\/td>\n<\/tr>\n<tr>\n<td class=\"mlb-details-caption\">Hardware<\/td>\n<td class=\"mlb-details-value\">Light gold<\/td>\n<\/tr>\n<tr>\n<td class=\"mlb-details-caption\">Year<\/td>\n<td class=\"mlb-details-value\">2017<\/td>\n<\/tr>\n<tr>\n<td class=\"mlb-details-caption\">Accessoires<\/td>\n<td class=\"mlb-details-value\">Dustbag, authenticity card, serialnumber with hologram<\/td>\n<\/tr>\n<tr>\n<td class=\"mlb-details-caption\">Condition<\/td>\n<td class=\"mlb-details-value\">Excellent condition<\/td>\n<\/tr>\n<\/tbody>\n<\/table>","protected":false},"featured_media":19646,"template":"","meta":[],"product_brand":[],"product_cat":[1430,87,154,85,99],"product_tag":[],"class_list":{"0":"post-19643","1":"product","2":"type-product","3":"status-publish","4":"has-post-thumbnail","6":"product_cat-chanel","7":"product_cat-crossbodytaschen","8":"product_cat-designer","9":"product_cat-schultertaschen","10":"product_cat-taschen","11":"product_shipping_class-bis5000","13":"first","14":"outofstock","15":"sold-individually","16":"shipping-taxable","17":"purchasable","18":"product-type-simple"},"_links":{"self":[{"href":"https:\/\/baselle.com\/en\/wp-json\/wp\/v2\/product\/19643","targetHints":{"allow":["GET"]}}],"collection":[{"href":"https:\/\/baselle.com\/en\/wp-json\/wp\/v2\/product"}],"about":[{"href":"https:\/\/baselle.com\/en\/wp-json\/wp\/v2\/types\/product"}],"wp:featuredmedia":[{"embeddable":true,"href":"https:\/\/baselle.com\/en\/wp-json\/wp\/v2\/media\/19646"}],"wp:attachment":[{"href":"https:\/\/baselle.com\/en\/wp-json\/wp\/v2\/media?parent=19643"}],"wp:term":[{"taxonomy":"product_brand","embeddable":true,"href":"https:\/\/baselle.com\/en\/wp-json\/wp\/v2\/product_brand?post=19643"},{"taxonomy":"product_cat","embeddable":true,"href":"https:\/\/baselle.com\/en\/wp-json\/wp\/v2\/product_cat?post=19643"},{"taxonomy":"product_tag","embeddable":true,"href":"https:\/\/baselle.com\/en\/wp-json\/wp\/v2\/product_tag?post=19643"}],"curies":[{"name":"wp","href":"https:\/\/api.w.org\/{rel}","templated":true}]}}