{"id":19595,"date":"2024-02-28T23:43:45","date_gmt":"2024-02-28T22:43:45","guid":{"rendered":"https:\/\/baselle.com\/?post_type=product&#038;p=19595"},"modified":"2024-04-08T16:25:07","modified_gmt":"2024-04-08T14:25:07","slug":"chanel-17p-cc-pearl-bracelet-19595","status":"publish","type":"product","link":"https:\/\/baselle.com\/en\/product\/chanel-17p-cc-pearl-bracelet-19595\/","title":{"rendered":"CHANEL 17P CC Perlen Armband"},"content":{"rendered":"<p><strong>CHANEL 17P CC Pearl Bracelet Beschreibung<\/strong><\/p>\n<p>Dieses originale CHANEL 17P CC Pearl Bracelet ist &#8220;Made in Italy&#8221;. Das Armband ist aus wei\u00dfen und schwarzen Modeschmuckperlen sowie silbernem Metall gefertigt. Zudem verf\u00fcgt das Armband \u00fcber eine mit Strasssteinchen besetzte Kugel und ein gro\u00dfes CC Logo. <\/p>\n<p><strong>Mint condition<\/strong><br \/>\nDieses CHANEL 17P CC Pearl Bracelet aus zweiter Hand ist in einem neuwertigen Zustand. <\/p>\n<p><strong>Total length of the bracelet (approx.):<\/strong> 20 cm (davon ca. 3,5 cm verstellbar)<\/p>\n<p><strong>Material:<\/strong> Metal, costume jewelry beads, rhinestones <\/p>\n<p>The pictures represent the offered bracelet. The picture rights are held by MyLovelyBoutique.com. <\/p>\n<p>Follow us on <a href=\"https:\/\/www.instagram.com\/mylovelyboutique.de\/\" rel=\"noopener noreferrer\" target=\"_blank\"><strong>Instagram<\/strong><\/a> and get inspired.<\/p>","protected":false},"excerpt":{"rendered":"<table class=\"mlb-product-details\">\n<tbody>\n<tr>\n<td class=\"mlb-details-caption\">Model<\/td>\n<td class=\"mlb-details-value\">17P Pearl Bracelet<\/td>\n<\/tr>\n<tr>\n<td class=\"mlb-details-caption\">Colour<\/td>\n<td class=\"mlb-details-value\">Silber, Schwarz, Perlwei\u00df<\/td>\n<\/tr>\n<tr>\n<td class=\"mlb-details-caption\">Hardware<\/td>\n<td class=\"mlb-details-value\">Metal, costume jewelry beads, rhinestones<\/td>\n<\/tr>\n<tr>\n<td class=\"mlb-details-caption\">Year<\/td>\n<td class=\"mlb-details-value\">2017<\/td>\n<\/tr>\n<tr>\n<td class=\"mlb-details-caption\">Accessoires<\/td>\n<td class=\"mlb-details-value\">Invoice, box, dustbag<\/td>\n<\/tr>\n<tr>\n<td class=\"mlb-details-caption\">Condition<\/td>\n<td class=\"mlb-details-value\">Mint condition<\/td>\n<\/tr>\n<\/tbody>\n<\/table>","protected":false},"featured_media":19619,"template":"","meta":[],"product_brand":[],"product_cat":[3680,1430,154,3676],"product_tag":[],"class_list":{"0":"post-19595","1":"product","2":"type-product","3":"status-publish","4":"has-post-thumbnail","6":"product_cat-armbaender","7":"product_cat-chanel","8":"product_cat-designer","9":"product_cat-schmuck","10":"product_shipping_class-bis1000","12":"first","13":"outofstock","14":"sold-individually","15":"shipping-taxable","16":"purchasable","17":"product-type-simple"},"_links":{"self":[{"href":"https:\/\/baselle.com\/en\/wp-json\/wp\/v2\/product\/19595","targetHints":{"allow":["GET"]}}],"collection":[{"href":"https:\/\/baselle.com\/en\/wp-json\/wp\/v2\/product"}],"about":[{"href":"https:\/\/baselle.com\/en\/wp-json\/wp\/v2\/types\/product"}],"wp:featuredmedia":[{"embeddable":true,"href":"https:\/\/baselle.com\/en\/wp-json\/wp\/v2\/media\/19619"}],"wp:attachment":[{"href":"https:\/\/baselle.com\/en\/wp-json\/wp\/v2\/media?parent=19595"}],"wp:term":[{"taxonomy":"product_brand","embeddable":true,"href":"https:\/\/baselle.com\/en\/wp-json\/wp\/v2\/product_brand?post=19595"},{"taxonomy":"product_cat","embeddable":true,"href":"https:\/\/baselle.com\/en\/wp-json\/wp\/v2\/product_cat?post=19595"},{"taxonomy":"product_tag","embeddable":true,"href":"https:\/\/baselle.com\/en\/wp-json\/wp\/v2\/product_tag?post=19595"}],"curies":[{"name":"wp","href":"https:\/\/api.w.org\/{rel}","templated":true}]}}