{"id":19572,"date":"2024-02-22T16:42:59","date_gmt":"2024-02-22T15:42:59","guid":{"rendered":"https:\/\/baselle.com\/?post_type=product&#038;p=19572"},"modified":"2024-07-07T18:18:00","modified_gmt":"2024-07-07T16:18:00","slug":"louis-vuitton-multi-pochette-accessoires-19572","status":"publish","type":"product","link":"https:\/\/baselle.com\/en\/product\/louis-vuitton-multi-pochette-accessoires-19572\/","title":{"rendered":"Louis Vuitton Multi Pochette Accessoires"},"content":{"rendered":"<p>\n<strong>Louis Vuitton Multi Pochette Accessoires Monogram Canvas Khaki Beschreibung<\/strong><\/p>\n<p>Diese originale Louis Vuitton Multi Pochette Accessoires Monogram Canvas Khaki ist ein vielseitiger Alltagsbegleiter f\u00fcr die moderne Frau. Dieses Modell ist aus Monogram beschichtetem Canvas gefertigt und verf\u00fcgt \u00fcber goldene Hardware Akzente. Die 3 T\u00e4schchen sowie der Schulterriemen und die goldfarbene Kette bieten zusammen zahlreiche Tragem\u00f6glichkeiten f\u00fcr jeden Anlass.<\/p>\n<p>Der Rei\u00dfverschluss \u00f6ffnet sich jeweils zu einem dunklen Textilinnenfutter und bei der runden M\u00fcnzb\u00f6rse zu einem hellen Lederfutter. Die Multi Pochette Accessoires Handtasche kann mit dem verstellbaren Schulterriemen bequem \u00fcber der Schulter oder Crossbody getragen werden, so dass maximaler Tragekomfort garantiert ist.\n<\/p>\n<p>\n<strong>Excellent condition<\/strong><br \/>\nDiese Louis Vuitton Multi Pochette Accessoires Monogram Canvas Khaki aus zweiter Hand ist insgesamt in einem hervorragenden Zustand. Das beschichtete Monogram Canvas und die naturbelassenen Rindslederbes\u00e4tze sind in einem einwandfreien Zustand. Das Tascheninnere ist sauber, ohne Ger\u00fcche und weist keine L\u00f6cher\/Risse auf.\n<\/p>\n<p>\n<strong>Style:<\/strong> Shoulder bag, handbag, crossbody<br \/>\n<strong>Size:<\/strong> NM<br \/>\n<strong>Dimensions (approx.):<\/strong> Breite 23,5 cm * H\u00f6he 13,5 cm * Tiefe 4 cm (gro\u00dfe Pochette)<br \/>\n<strong>Dimensions (approx.):<\/strong> Breite 18,5 cm * H\u00f6he 10,5 cm * Tiefe 3 cm (kleine Pochette)\n<\/p>\n<p>\n<strong>Exterior material:<\/strong> Canvas, naturbelassenes Rindsleder<br \/>\n<strong>Interior Material<\/strong> Textil- sowie Lederinnenfutter\n<\/p>\n<p>The pictures represent the offered bag. The picture rights are held by MyLovelyBoutique.com. <\/p>\n<p>Follow us on <a href=\"https:\/\/www.instagram.com\/mylovelyboutique.de\/\" rel=\"noopener noreferrer\" target=\"_blank\"><strong>Instagram<\/strong><\/a> and get inspired. <\/p>","protected":false},"excerpt":{"rendered":"<table class=\"mlb-product-details\">\n<tbody>\n<tr>\n<td class=\"mlb-details-caption\">Model<\/td>\n<td class=\"mlb-details-value\">Multi Pochette Accessoires<\/td>\n<\/tr>\n<tr>\n<td class=\"mlb-details-caption\">Colour<\/td>\n<td class=\"mlb-details-value\">Bown, khaki<\/td>\n<\/tr>\n<tr>\n<td class=\"mlb-details-caption\">Hardware<\/td>\n<td class=\"mlb-details-value\">Gold<\/td>\n<\/tr>\n<tr>\n<td class=\"mlb-details-caption\">Year<\/td>\n<td class=\"mlb-details-value\">2019<\/td>\n<\/tr>\n<tr>\n<td class=\"mlb-details-caption\">Accessoires<\/td>\n<td class=\"mlb-details-value\">Delivery bill, box, dustbag, removable strap and chain <\/td>\n<\/tr>\n<tr>\n<td class=\"mlb-details-caption\">Condition<\/td>\n<td class=\"mlb-details-value\">Excellent condition<\/td>\n<\/tr>\n<\/tbody>\n<\/table>","protected":false},"featured_media":19573,"template":"","meta":[],"product_brand":[],"product_cat":[87,154,68,86,1431,85,99],"product_tag":[],"class_list":{"0":"post-19572","1":"product","2":"type-product","3":"status-publish","4":"has-post-thumbnail","6":"product_cat-crossbodytaschen","7":"product_cat-designer","8":"product_cat-handtaschen","9":"product_cat-kleinetaschen","10":"product_cat-louisvuitton","11":"product_cat-schultertaschen","12":"product_cat-taschen","13":"product_shipping_class-bis2500","15":"first","16":"outofstock","17":"shipping-taxable","18":"purchasable","19":"product-type-simple"},"_links":{"self":[{"href":"https:\/\/baselle.com\/en\/wp-json\/wp\/v2\/product\/19572","targetHints":{"allow":["GET"]}}],"collection":[{"href":"https:\/\/baselle.com\/en\/wp-json\/wp\/v2\/product"}],"about":[{"href":"https:\/\/baselle.com\/en\/wp-json\/wp\/v2\/types\/product"}],"wp:featuredmedia":[{"embeddable":true,"href":"https:\/\/baselle.com\/en\/wp-json\/wp\/v2\/media\/19573"}],"wp:attachment":[{"href":"https:\/\/baselle.com\/en\/wp-json\/wp\/v2\/media?parent=19572"}],"wp:term":[{"taxonomy":"product_brand","embeddable":true,"href":"https:\/\/baselle.com\/en\/wp-json\/wp\/v2\/product_brand?post=19572"},{"taxonomy":"product_cat","embeddable":true,"href":"https:\/\/baselle.com\/en\/wp-json\/wp\/v2\/product_cat?post=19572"},{"taxonomy":"product_tag","embeddable":true,"href":"https:\/\/baselle.com\/en\/wp-json\/wp\/v2\/product_tag?post=19572"}],"curies":[{"name":"wp","href":"https:\/\/api.w.org\/{rel}","templated":true}]}}