{"id":19554,"date":"2024-02-21T13:52:05","date_gmt":"2024-02-21T12:52:05","guid":{"rendered":"https:\/\/baselle.com\/?post_type=product&#038;p=19554"},"modified":"2024-03-13T21:20:37","modified_gmt":"2024-03-13T20:20:37","slug":"louis-vuitton-alma-bb-damier-ebene-19554","status":"publish","type":"product","link":"https:\/\/baselle.com\/en\/product\/louis-vuitton-alma-bb-damier-ebene-19554\/","title":{"rendered":"Louis Vuitton Alma BB"},"content":{"rendered":"<p>\n<strong>Louis Vuitton Alma BB Damier Ebene Canvas Handtasche Beschreibung<\/strong><\/p>\n<p>Diese originale Louis Vuitton Alma BB Damier Ebene Canvas ist eine stilvolle Handtasche und geh\u00f6rt zu den zeitlosen Ikonen von Louis Vuitton. Mit der klassischen Form und dem kompakten Interieur ist dieses raffinierte Modell ein praktischer und stylischer Alltagsbegleiter. Die Alma BB Handtasche ist aus beschichtetem Canvas gefertigt und verf\u00fcgt \u00fcber einen Doppel-Rei\u00dfverschluss, sch\u00fctzende Taschenf\u00fc\u00dfchen, goldfarbene Hardware-Akzente sowie doppelt gerollte Ledergriffe. Der abnehmbare Schulterriemen sorgt f\u00fcr maximalen Tragekomfort.<\/p>\n<p>Der umlaufende Rei\u00dfverschluss \u00f6ffnet sich zu einem roten Innenfutter mit einem Steckfach, welches sich ideal f\u00fcr die Aufbewahrung wichtiger Dinge des t\u00e4glichen Bedarfs eignet. Das Schloss kann durch die in der Clochette befindlichen Schl\u00fcssel ge\u00f6ffnet und beliebig angebracht werden. Die Louis Vuitton Alma pr\u00e4sentiert gekonnt den besonderen Hauch von Luxus und Stil von Louis Vuitton.\n<\/p>\n<p>\n<strong>Very good condition:<\/strong><br \/>\nDiese Louis Vuitton Alma BB Damier Ebene Canvas Handtasche aus zweiter Hand ist insgesamt in einem sehr guten Zustand.\n<\/p>\n<p>\n<strong>Style:<\/strong> Shoulder bag, handbag, crossbody<br \/>\n<strong>Size:<\/strong> BB<br \/>\n<strong>Dimensions (approx.):<\/strong> Breite 23,5 cm * H\u00f6he 17,5 cm * Tiefe 11,5 cm\n<\/p>\n<p>\n<strong>Exterior material:<\/strong> Coatet canvas<br \/>\n<strong>Interior Material<\/strong> fabric lining\n<\/p>\n<p>The pictures represent the offered bag. The picture rights are held by MyLovelyBoutique.com. <\/p>\n<p>Follow us on <a href=\"https:\/\/www.instagram.com\/mylovelyboutique.de\/\" rel=\"noopener noreferrer\" target=\"_blank\"><strong>Instagram<\/strong><\/a> and get inspired. <\/p>","protected":false},"excerpt":{"rendered":"<table class=\"mlb-product-details\">\n<tbody>\n<tr>\n<td class=\"mlb-details-caption\">Model<\/td>\n<td class=\"mlb-details-value\">Alma BB Damier Ebene<\/td>\n<\/tr>\n<tr>\n<td class=\"mlb-details-caption\">Colour<\/td>\n<td class=\"mlb-details-value\">Brown<\/td>\n<\/tr>\n<tr>\n<td class=\"mlb-details-caption\">Hardware<\/td>\n<td class=\"mlb-details-value\">Gold<\/td>\n<\/tr>\n<tr>\n<td class=\"mlb-details-caption\">Year<\/td>\n<td class=\"mlb-details-value\">2019<\/td>\n<\/tr>\n<tr>\n<td class=\"mlb-details-caption\">Accessoires<\/td>\n<td class=\"mlb-details-value\">Staubbeutel, abnehmbarer Schulterriemen, Schloss + Schl\u00fcssel, Clochette<\/td>\n<\/tr>\n<tr>\n<td class=\"mlb-details-caption\">Condition<\/td>\n<td class=\"mlb-details-value\">Very good condition<\/td>\n<\/tr>\n<\/tbody>\n<\/table>","protected":false},"featured_media":19556,"template":"","meta":[],"product_brand":[],"product_cat":[87,154,68,86,1431,85,99],"product_tag":[],"class_list":{"0":"post-19554","1":"product","2":"type-product","3":"status-publish","4":"has-post-thumbnail","6":"product_cat-crossbodytaschen","7":"product_cat-designer","8":"product_cat-handtaschen","9":"product_cat-kleinetaschen","10":"product_cat-louisvuitton","11":"product_cat-schultertaschen","12":"product_cat-taschen","13":"product_shipping_class-bis2500","15":"first","16":"outofstock","17":"shipping-taxable","18":"purchasable","19":"product-type-simple"},"_links":{"self":[{"href":"https:\/\/baselle.com\/en\/wp-json\/wp\/v2\/product\/19554","targetHints":{"allow":["GET"]}}],"collection":[{"href":"https:\/\/baselle.com\/en\/wp-json\/wp\/v2\/product"}],"about":[{"href":"https:\/\/baselle.com\/en\/wp-json\/wp\/v2\/types\/product"}],"wp:featuredmedia":[{"embeddable":true,"href":"https:\/\/baselle.com\/en\/wp-json\/wp\/v2\/media\/19556"}],"wp:attachment":[{"href":"https:\/\/baselle.com\/en\/wp-json\/wp\/v2\/media?parent=19554"}],"wp:term":[{"taxonomy":"product_brand","embeddable":true,"href":"https:\/\/baselle.com\/en\/wp-json\/wp\/v2\/product_brand?post=19554"},{"taxonomy":"product_cat","embeddable":true,"href":"https:\/\/baselle.com\/en\/wp-json\/wp\/v2\/product_cat?post=19554"},{"taxonomy":"product_tag","embeddable":true,"href":"https:\/\/baselle.com\/en\/wp-json\/wp\/v2\/product_tag?post=19554"}],"curies":[{"name":"wp","href":"https:\/\/api.w.org\/{rel}","templated":true}]}}