{"id":19542,"date":"2024-02-20T22:43:20","date_gmt":"2024-02-20T21:43:20","guid":{"rendered":"https:\/\/baselle.com\/?post_type=product&#038;p=19542"},"modified":"2024-03-05T21:53:27","modified_gmt":"2024-03-05T20:53:27","slug":"chanel-19-sequin-bag","status":"publish","type":"product","link":"https:\/\/baselle.com\/en\/product\/chanel-19-sequin-bag\/","title":{"rendered":"CHANEL 19 Sequin Bag"},"content":{"rendered":"<p>\n<strong>CHANEL 19 Sequin Flap Bag Handtasche Beschreibung<\/strong><\/p>\n<p>Diese originale CHANEL 19 Sequin Flap Bag Handtasche ist ein sehr gefragtes Modell und besticht durch den zeitlosen und modernen Look. Sie ist aus aufwendig bestickten Pailetten gefertigt und verf\u00fcgt \u00fcber einen klassisch gewebten Kettenriemen, einen Griff und mehrfarbige Hardware-Akzente. Der gewebte Turnlock-Verschluss mit gro\u00dfer CC-Signatur setzt bei diesem Modell ebenfalls ein besonderes Highlight. <\/p>\n<p>Die CHANEL 19 \u00f6ffnet sich zu einem Ton-in-Ton Innenfutter mit einem Rei\u00dfverschlussfach. Sie kann \u00fcber der Schulter, diagonal am K\u00f6rper und an der Hand getragen werden, so dass maximaler Tragekomfort garantiert ist. Eine komfortable und elegante Handtasche, die sich seit 2019 einen festen Platz neben Chanels Klassikern sichert.\n<\/p>\n<p>\n<strong>Mint condition<\/strong><br \/>\nDiese CHANEL 19 Sequin Flap Bag Handtasche ist in einem neuwertigen Zustand.\n<\/p>\n<p>\n<strong>Style:<\/strong> Shoulder bag, handbag, crossbody<br \/>\n<strong>Size:<\/strong> Medium<br \/>\n<strong>Dimensions (approx.):<\/strong> width 26 cm * height 16 cm * depth 9 cm<br \/>\n<strong>Strap length:<\/strong> 106 cm\n<\/p>\n<p>\n<strong>Exterior material:<\/strong> Pailletten<br \/>\n<strong>Interior Material<\/strong> Lammleder, Textilinnenfutter\n<\/p>\n<p>The pictures represent the offered bag. The picture rights are held by MyLovelyBoutique.com. <\/p>\n<p>Follow us on <a href=\"https:\/\/www.instagram.com\/mylovelyboutique.de\/\" rel=\"noopener noreferrer\" target=\"_blank\"><strong>Instagram<\/strong><\/a> and get inspired. <\/p>","protected":false},"excerpt":{"rendered":"<table class=\"mlb-product-details\">\n<tbody>\n<tr>\n<td class=\"mlb-details-caption\">Model<\/td>\n<td class=\"mlb-details-value\">CHANEL 19 Sequin Bag<\/td>\n<\/tr>\n<tr>\n<td class=\"mlb-details-caption\">Colour<\/td>\n<td class=\"mlb-details-value\">Himmelblau<\/td>\n<\/tr>\n<tr>\n<td class=\"mlb-details-caption\">Hardware<\/td>\n<td class=\"mlb-details-value\">Gold, silver<\/td>\n<\/tr>\n<tr>\n<td class=\"mlb-details-caption\">Year<\/td>\n<td class=\"mlb-details-value\">2020<\/td>\n<\/tr>\n<tr>\n<td class=\"mlb-details-caption\">Accessoires<\/td>\n<td class=\"mlb-details-value\">Box, dustbag, authenticity card, serialnumber with hologram<\/td>\n<\/tr>\n<tr>\n<td class=\"mlb-details-caption\">Condition<\/td>\n<td class=\"mlb-details-value\">Mint condition<\/td>\n<\/tr>\n<\/tbody>\n<\/table>","protected":false},"featured_media":19544,"template":"","meta":[],"product_brand":[],"product_cat":[1430,87,154,68,85,99],"product_tag":[],"class_list":{"0":"post-19542","1":"product","2":"type-product","3":"status-publish","4":"has-post-thumbnail","6":"product_cat-chanel","7":"product_cat-crossbodytaschen","8":"product_cat-designer","9":"product_cat-handtaschen","10":"product_cat-schultertaschen","11":"product_cat-taschen","12":"product_shipping_class-ab5001","14":"first","15":"outofstock","16":"shipping-taxable","17":"purchasable","18":"product-type-simple"},"_links":{"self":[{"href":"https:\/\/baselle.com\/en\/wp-json\/wp\/v2\/product\/19542","targetHints":{"allow":["GET"]}}],"collection":[{"href":"https:\/\/baselle.com\/en\/wp-json\/wp\/v2\/product"}],"about":[{"href":"https:\/\/baselle.com\/en\/wp-json\/wp\/v2\/types\/product"}],"wp:featuredmedia":[{"embeddable":true,"href":"https:\/\/baselle.com\/en\/wp-json\/wp\/v2\/media\/19544"}],"wp:attachment":[{"href":"https:\/\/baselle.com\/en\/wp-json\/wp\/v2\/media?parent=19542"}],"wp:term":[{"taxonomy":"product_brand","embeddable":true,"href":"https:\/\/baselle.com\/en\/wp-json\/wp\/v2\/product_brand?post=19542"},{"taxonomy":"product_cat","embeddable":true,"href":"https:\/\/baselle.com\/en\/wp-json\/wp\/v2\/product_cat?post=19542"},{"taxonomy":"product_tag","embeddable":true,"href":"https:\/\/baselle.com\/en\/wp-json\/wp\/v2\/product_tag?post=19542"}],"curies":[{"name":"wp","href":"https:\/\/api.w.org\/{rel}","templated":true}]}}