{"id":19509,"date":"2024-02-15T16:52:41","date_gmt":"2024-02-15T15:52:41","guid":{"rendered":"https:\/\/baselle.com\/?post_type=product&#038;p=19509"},"modified":"2024-03-05T21:52:24","modified_gmt":"2024-03-05T20:52:24","slug":"chanel-vintage-chevron-medium-flap-bag-beige-19509","status":"publish","type":"product","link":"https:\/\/baselle.com\/en\/product\/chanel-vintage-chevron-medium-flap-bag-beige-19509\/","title":{"rendered":"CHANEL Vintage Classic Chevron"},"content":{"rendered":"<p>\n<strong>CHANEL Vintage Classic Chevron Medium Double Flap Bag Handtasche Beschreibung<\/strong><\/p>\n<p>Diese originale CHANEL Vintage Classic Chevron Medium Double Flap Bag Handtasche ist ein zeitloses Accessoire im klassischen Stil von Chanel. In ihrer mittleren Gr\u00f6\u00dfe eignet sie sich perfekt als Begleiter f\u00fcr untertags wie auch als Abendtasche \u2013 sie ist schlicht und dennoch ein absoluter Eyecatcher. Die klassische Handtasche ist aus beigem Lammleder gefertigt und verf\u00fcgt \u00fcber gewebte Kettenriemen, ein CC-Turnlock und 24k vergoldete Hardware-Akzente.<\/p>\n<p>Der CC-Turnlock-Verschluss und die Klappe mit Druckknopfverschluss \u00f6ffnen sich zu einem Ton-in-Ton Innenfutter aus Leder, aufgeteilt in ein Hauptfach, zwei Steckf\u00e4cher und ein vorne aufgesetztes Steckfach. Des weiteren befindet sich unter der Lasche ein kleines Rei\u00dfverschlussfach und am Taschenr\u00fccken ein aufgesetztes Steckfach. Die Double Flap Bag kann kurz oder lang \u00fcber der Schulter getragen werden, so dass maximaler Tragekomfort garantiert ist.\n<\/p>\n<p>\n<strong>Very good condition:<\/strong><br \/>\nDiese CHANEL Vintage Classic Chevron Medium Double Flap Bag Handtasche aus zweiter Hand ist insgesamt in einem sehr guten Zustand. Das Lammleder ist durchgehend in einem gepflegten Vintage-Zustand. Die Ecken sind in einem sch\u00f6nen Zustand ohne Abrieb. Auf der Taschenr\u00fcckseite sind vereinzelt Druckstellen durch falsche Lagerung mit der Kette entstanden und es befindet sich auf der rechten Seite eine minimale dunkle Markierung. Die 24 Karat vergoldete Hardware ist in einem wundersch\u00f6nen gl\u00e4nzenden Zustand. Auch das Tascheninnere ist sauber und weist keine L\u00f6cher\/Risse auf. Bitte beachte in jedem Fall, dass es sich um eine \u00fcber 30 Jahre alte Tasche handelt und diese in einem sehr guten Vintage-Zustand ist.<\/p>\n<p>\n<strong>Style:<\/strong> Shoulder bag, clutch, crossbody<br \/>\n<strong>Size:<\/strong> Medium<br \/>\n<strong>Dimensions (approx.):<\/strong> Breite 25 cm * H\u00f6he 15 cm * Tiefe 7 cm<br \/>\n<strong>Shoulder chain:<\/strong> einfach = 91 cm, doppelt = 54 cm\n<\/p>\n<p>\n<strong>Exterior material:<\/strong> Lambskin leather<br \/>\n<strong>Interior Material<\/strong> Leather lining\n<\/p>\n<p>The pictures represent the offered bag. The picture rights are held by MyLovelyBoutique.com. <\/p>\n<p>Follow us on <a href=\"https:\/\/www.instagram.com\/mylovelyboutique.de\/\" rel=\"noopener noreferrer\" target=\"_blank\"><strong>Instagram<\/strong><\/a> and get inspired. <\/p>","protected":false},"excerpt":{"rendered":"<table class=\"mlb-product-details\">\n<tbody>\n<tr>\n<td class=\"mlb-details-caption\">Model<\/td>\n<td class=\"mlb-details-value\">Vintage Classic Chevron Medium Flap Bag<\/td>\n<\/tr>\n<tr>\n<td class=\"mlb-details-caption\">Colour<\/td>\n<td class=\"mlb-details-value\">Beige<\/td>\n<\/tr>\n<tr>\n<td class=\"mlb-details-caption\">Hardware<\/td>\n<td class=\"mlb-details-value\">24k Vergoldet<\/td>\n<\/tr>\n<tr>\n<td class=\"mlb-details-caption\">Year<\/td>\n<td class=\"mlb-details-value\">ca. 1990<\/td>\n<\/tr>\n<tr>\n<td class=\"mlb-details-caption\">Accessoires<\/td>\n<td class=\"mlb-details-value\">Box, Staubbeutel, Seriennummer nicht vorhanden<\/td>\n<\/tr>\n<tr>\n<td class=\"mlb-details-caption\">Condition<\/td>\n<td class=\"mlb-details-value\">Very good condition<\/td>\n<\/tr>\n<\/tbody>\n<\/table>","protected":false},"featured_media":19521,"template":"","meta":[],"product_brand":[],"product_cat":[1430,87,154,85,99],"product_tag":[],"class_list":{"0":"post-19509","1":"product","2":"type-product","3":"status-publish","4":"has-post-thumbnail","6":"product_cat-chanel","7":"product_cat-crossbodytaschen","8":"product_cat-designer","9":"product_cat-schultertaschen","10":"product_cat-taschen","11":"product_shipping_class-bis5000","13":"first","14":"outofstock","15":"sold-individually","16":"shipping-taxable","17":"purchasable","18":"product-type-simple"},"_links":{"self":[{"href":"https:\/\/baselle.com\/en\/wp-json\/wp\/v2\/product\/19509","targetHints":{"allow":["GET"]}}],"collection":[{"href":"https:\/\/baselle.com\/en\/wp-json\/wp\/v2\/product"}],"about":[{"href":"https:\/\/baselle.com\/en\/wp-json\/wp\/v2\/types\/product"}],"wp:featuredmedia":[{"embeddable":true,"href":"https:\/\/baselle.com\/en\/wp-json\/wp\/v2\/media\/19521"}],"wp:attachment":[{"href":"https:\/\/baselle.com\/en\/wp-json\/wp\/v2\/media?parent=19509"}],"wp:term":[{"taxonomy":"product_brand","embeddable":true,"href":"https:\/\/baselle.com\/en\/wp-json\/wp\/v2\/product_brand?post=19509"},{"taxonomy":"product_cat","embeddable":true,"href":"https:\/\/baselle.com\/en\/wp-json\/wp\/v2\/product_cat?post=19509"},{"taxonomy":"product_tag","embeddable":true,"href":"https:\/\/baselle.com\/en\/wp-json\/wp\/v2\/product_tag?post=19509"}],"curies":[{"name":"wp","href":"https:\/\/api.w.org\/{rel}","templated":true}]}}