{"id":19467,"date":"2024-02-14T19:06:46","date_gmt":"2024-02-14T18:06:46","guid":{"rendered":"https:\/\/baselle.com\/?post_type=product&#038;p=19467"},"modified":"2024-02-28T23:56:33","modified_gmt":"2024-02-28T22:56:33","slug":"louis-vuitton-clemence-geldboerse-monogram-empreinte-19467","status":"publish","type":"product","link":"https:\/\/baselle.com\/en\/product\/louis-vuitton-clemence-geldboerse-monogram-empreinte-19467\/","title":{"rendered":"Louis Vuitton Clemence"},"content":{"rendered":"<p>\n<strong>Louis Vuitton Clemence Monogram Empreinte Pearly Lilac Wallet<\/strong> <\/p>\n<p>Diese originale Louis Vuitton Clemence Monogram Empreinte Pearly Lilac Geldb\u00f6rse ist ein streng limitiertes Modell aus dem Jahr 2023. Das wundersch\u00f6n dezent schimmernde Leder sowie der Zipper in Form einer Monogram-Bl\u00fcte machen diese seltene Clemence Geldb\u00f6rse mit gutem Grund zu einem sehr gefragten Modell. Sie bietet ausreichend Platz f\u00fcr Kreditkarten, Kleingeld sowie Geldscheine und l\u00e4sst sich durch einen praktischen Rei\u00dfverschluss \u00f6ffnen.\n<\/p>\n<p>\n<strong>Excellent condition<\/strong><br \/>\nDiese Louis Vuitton Clemence Monogram Empreinte Pearly Lilac Geldb\u00f6rse aus zweiter Hand ist in einem hervorragenden Zustand.\n<\/p>\n<p>\n<strong>Wallet size:<\/strong>  Medium<br \/>\n<strong>Dimensions (approx.):<\/strong> width 20 cm * height 9 cm * depth 2 cm\n<\/p>\n<p>\n<strong>Exterior material:<\/strong> Grained cowhide leather<br \/>\n<strong>Interior Material<\/strong> cowhide leather\n<\/p>\n<p>The pictures represent the offered wallet. The picture rights are held by MyLovelyBoutique.com. <\/p>\n<p>Follow us on <a href=\"https:\/\/www.instagram.com\/mylovelyboutique.de\/\" rel=\"noopener noreferrer\" target=\"_blank\"><strong>Instagram<\/strong><\/a> and get inspired. <\/p>","protected":false},"excerpt":{"rendered":"<table class=\"mlb-product-details\">\n<tbody>\n<tr>\n<td class=\"mlb-details-caption\">Model<\/td>\n<td class=\"mlb-details-value\">Clemence Geldb\u00f6rse<\/td>\n<\/tr>\n<tr>\n<td class=\"mlb-details-caption\">Colour<\/td>\n<td class=\"mlb-details-value\">Pearly Lilac<\/td>\n<\/tr>\n<tr>\n<td class=\"mlb-details-caption\">Hardware<\/td>\n<td class=\"mlb-details-value\">Gold<\/td>\n<\/tr>\n<tr>\n<td class=\"mlb-details-caption\">Year<\/td>\n<td class=\"mlb-details-value\">2023<\/td>\n<\/tr>\n<tr>\n<td class=\"mlb-details-caption\">Accessoires<\/td>\n<td class=\"mlb-details-value\">Invoice, box, dustbag<\/td>\n<\/tr>\n<tr>\n<td class=\"mlb-details-caption\">Condition<\/td>\n<td class=\"mlb-details-value\">Excellent condition<\/td>\n<\/tr>\n<\/tbody>\n<\/table>","protected":false},"featured_media":19498,"template":"","meta":[],"product_brand":[],"product_cat":[57,154,1431,89],"product_tag":[],"class_list":{"0":"post-19467","1":"product","2":"type-product","3":"status-publish","4":"has-post-thumbnail","6":"product_cat-accessories","7":"product_cat-designer","8":"product_cat-louisvuitton","9":"product_cat-portemonnaie","10":"product_shipping_class-bis1000","12":"first","13":"outofstock","14":"sold-individually","15":"shipping-taxable","16":"purchasable","17":"product-type-simple"},"_links":{"self":[{"href":"https:\/\/baselle.com\/en\/wp-json\/wp\/v2\/product\/19467","targetHints":{"allow":["GET"]}}],"collection":[{"href":"https:\/\/baselle.com\/en\/wp-json\/wp\/v2\/product"}],"about":[{"href":"https:\/\/baselle.com\/en\/wp-json\/wp\/v2\/types\/product"}],"wp:featuredmedia":[{"embeddable":true,"href":"https:\/\/baselle.com\/en\/wp-json\/wp\/v2\/media\/19498"}],"wp:attachment":[{"href":"https:\/\/baselle.com\/en\/wp-json\/wp\/v2\/media?parent=19467"}],"wp:term":[{"taxonomy":"product_brand","embeddable":true,"href":"https:\/\/baselle.com\/en\/wp-json\/wp\/v2\/product_brand?post=19467"},{"taxonomy":"product_cat","embeddable":true,"href":"https:\/\/baselle.com\/en\/wp-json\/wp\/v2\/product_cat?post=19467"},{"taxonomy":"product_tag","embeddable":true,"href":"https:\/\/baselle.com\/en\/wp-json\/wp\/v2\/product_tag?post=19467"}],"curies":[{"name":"wp","href":"https:\/\/api.w.org\/{rel}","templated":true}]}}