{"id":19465,"date":"2024-02-12T15:05:57","date_gmt":"2024-02-12T14:05:57","guid":{"rendered":"https:\/\/baselle.com\/?post_type=product&#038;p=19465"},"modified":"2024-03-05T21:52:19","modified_gmt":"2024-03-05T20:52:19","slug":"louis-vuitton-pochette-double-zip-monogram-canvas-vivienne-19465","status":"publish","type":"product","link":"https:\/\/baselle.com\/en\/product\/louis-vuitton-pochette-double-zip-monogram-canvas-vivienne-19465\/","title":{"rendered":"Louis Vuitton Pochette Double Zip"},"content":{"rendered":"<p>\n<strong>Louis Vuitton Pochette Double Zip Monogram Canvas Vivienne Handtasche Beschreibung<\/strong><\/p>\n<p>Diese originale Louis Vuitton Pochette Double Zip Monogram Canvas Vivienne Handtasche ist ein limitiertes Modell aus dem Jahr 2020. Sie ist aus Monogram beschichtetem Canvas und rosa Rindsleder gefertigt und verf\u00fcgt \u00fcber eine eckige Silhouette sowie goldfarbene Hardware-Akzente. <\/p>\n<p>Die zwei Rei\u00dfverschlussf\u00e4cher mit rosanem Mikrofaserinnenfutter bieten Platz f\u00fcr alles Wesentliche wie Smartphone, Cardholder, Kleingeld und Schl\u00fcssel. Zudem verf\u00fcgt ein Innenfach \u00fcber drei Kartensteckf\u00e4cher. Ein weiteres offenes Steckfach befindet sich zwischen den beiden Rei\u00dfverschlussf\u00e4chern, das sich f\u00fcr die Aufbewahrung Deiner wichtigsten Dinge eignet.\n<\/p>\n<p>\n<strong>Mint condition<\/strong><br \/>\nDiese Louis Vuitton Pochette Double Zip Monogram Canvas Vivienne Handtasche ist ungetragen und dementsprechend in einem neuwertigen Zustand.\n<\/p>\n<p>\n<strong>Style:<\/strong> Shoulder bag, clutch, crossbody<br \/>\n<strong>Size:<\/strong> NM<br \/>\n<strong>Dimensions (approx.):<\/strong> Breite 20 cm * H\u00f6he 12,5 cm * Tiefe 3 cm\n<\/p>\n<p>\n<strong>Exterior material:<\/strong> Coatet canvas<br \/>\n<strong>Interior Material<\/strong> microfibre lining\n<\/p>\n<p>The pictures represent the offered bag. The picture rights are held by MyLovelyBoutique.com. <\/p>\n<p>Follow us on <a href=\"https:\/\/www.instagram.com\/mylovelyboutique.de\/\" rel=\"noopener noreferrer\" target=\"_blank\"><strong>Instagram<\/strong><\/a> and get inspired. <\/p>","protected":false},"excerpt":{"rendered":"<table class=\"mlb-product-details\">\n<tbody>\n<tr>\n<td class=\"mlb-details-caption\">Model<\/td>\n<td class=\"mlb-details-value\">Pochette Double Zip Vivienne<\/td>\n<\/tr>\n<tr>\n<td class=\"mlb-details-caption\">Colour<\/td>\n<td class=\"mlb-details-value\">Braun, Bunt<\/td>\n<\/tr>\n<tr>\n<td class=\"mlb-details-caption\">Hardware<\/td>\n<td class=\"mlb-details-value\">Gold<\/td>\n<\/tr>\n<tr>\n<td class=\"mlb-details-caption\">Year<\/td>\n<td class=\"mlb-details-value\">2020<\/td>\n<\/tr>\n<tr>\n<td class=\"mlb-details-caption\">Accessoires<\/td>\n<td class=\"mlb-details-value\">LV-Rechnung, Box, Staubbeutel, abnehmbare Schultterkette<\/td>\n<\/tr>\n<tr>\n<td class=\"mlb-details-caption\">Condition<\/td>\n<td class=\"mlb-details-value\">Mint condition<\/td>\n<\/tr>\n<\/tbody>\n<\/table>","protected":false},"featured_media":19482,"template":"","meta":[],"product_brand":[],"product_cat":[87,154,68,86,1431,85,99],"product_tag":[],"class_list":{"0":"post-19465","1":"product","2":"type-product","3":"status-publish","4":"has-post-thumbnail","6":"product_cat-crossbodytaschen","7":"product_cat-designer","8":"product_cat-handtaschen","9":"product_cat-kleinetaschen","10":"product_cat-louisvuitton","11":"product_cat-schultertaschen","12":"product_cat-taschen","13":"product_shipping_class-bis2500","15":"first","16":"outofstock","17":"sold-individually","18":"shipping-taxable","19":"purchasable","20":"product-type-simple"},"_links":{"self":[{"href":"https:\/\/baselle.com\/en\/wp-json\/wp\/v2\/product\/19465","targetHints":{"allow":["GET"]}}],"collection":[{"href":"https:\/\/baselle.com\/en\/wp-json\/wp\/v2\/product"}],"about":[{"href":"https:\/\/baselle.com\/en\/wp-json\/wp\/v2\/types\/product"}],"wp:featuredmedia":[{"embeddable":true,"href":"https:\/\/baselle.com\/en\/wp-json\/wp\/v2\/media\/19482"}],"wp:attachment":[{"href":"https:\/\/baselle.com\/en\/wp-json\/wp\/v2\/media?parent=19465"}],"wp:term":[{"taxonomy":"product_brand","embeddable":true,"href":"https:\/\/baselle.com\/en\/wp-json\/wp\/v2\/product_brand?post=19465"},{"taxonomy":"product_cat","embeddable":true,"href":"https:\/\/baselle.com\/en\/wp-json\/wp\/v2\/product_cat?post=19465"},{"taxonomy":"product_tag","embeddable":true,"href":"https:\/\/baselle.com\/en\/wp-json\/wp\/v2\/product_tag?post=19465"}],"curies":[{"name":"wp","href":"https:\/\/api.w.org\/{rel}","templated":true}]}}