{"id":19412,"date":"2024-01-20T14:54:05","date_gmt":"2024-01-20T13:54:05","guid":{"rendered":"https:\/\/baselle.com\/?post_type=product&#038;p=19412"},"modified":"2024-05-14T12:27:44","modified_gmt":"2024-05-14T10:27:44","slug":"louis-vuitton-daily-denim-gm-19412","status":"publish","type":"product","link":"https:\/\/baselle.com\/en\/product\/louis-vuitton-daily-denim-gm-19412\/","title":{"rendered":"Louis Vuitton Daily Denim GM"},"content":{"rendered":"<p>\n<strong>Louis Vuitton Daily Denim GM Handtasche Beschreibung<\/strong><\/p>\n<p>Diese originale Louis Vuitton Daily Denim GM Handtasche ist eine sch\u00f6ne und zugleich praktische Tasche f\u00fcr den Alltag. Sie ist aus hellblauem Denim mit wei\u00dfem LV-Monogram gefertigt und verf\u00fcgt \u00fcber goldene Hardware Akzente. Die vorne aufgesetzten Taschen sehen nicht nur optisch genial aus, sondern machen aus der Tasche ein wahres Platzwunder. Das bringt Ordnung in die Tasche und erspart Dir langes Gesuche in der Tasche. <\/p>\n<p>Im Tascheninneren befindet sich ein Rei\u00dfverschlussinnenfach, zwei Einsteckf\u00e4cher und ein D-Ring zum Anbringen von Schl\u00fcssel etc. Die Daily Denim kann mit dem dreifach verstellbaren Schulterriemen bequem \u00fcber der Schulter getragen werden, so dass maximaler Tragekomfort garantiert ist.\n<\/p>\n<p>\n<strong>Very good condition:<\/strong><br \/>\nDiese Louis Vuitton Daily Denim GM Handtasche aus zweiter Hand ist insgesamt in einem sehr guten Zustand. Die Tasche wurde mit Sorgfalt getragen, weshalb der Denim Stoff in einem sch\u00f6nen gepflegten Zustand ist. Das naturbelassene Rindsleder hat eine gleichm\u00e4\u00dfige Patina und die goldenen Hardware-Akzente sind ebenso in einem sehr guten Zustand. Das Tascheninnere ist sauber, ohne Ger\u00fcche und weist keine L\u00f6cher\/Risse auf.\n<\/p>\n<p>\n<strong>Style:<\/strong> Shoulder Bag<br \/>\n<strong>Size:<\/strong> GM<br \/>\n<strong>Dimensions (approx.):<\/strong> Breite 50 cm * H\u00f6he 39 cm * Tiefe 10 cm\n<\/p>\n<p>\n<strong>Exterior material:<\/strong> Monogram Denim, Besatz aus Rindsleder<br \/>\n<strong>Interior Material<\/strong> microfibre lining\n<\/p>\n<p>The pictures represent the offered bag. The picture rights are held by MyLovelyBoutique.com. <\/p>\n<p>Follow us on <a href=\"https:\/\/www.instagram.com\/mylovelyboutique.de\/\" rel=\"noopener noreferrer\" target=\"_blank\"><strong>Instagram<\/strong><\/a> and get inspired. <\/p>","protected":false},"excerpt":{"rendered":"<table class=\"mlb-product-details\">\n<tbody>\n<tr>\n<td class=\"mlb-details-caption\">Model<\/td>\n<td class=\"mlb-details-value\">Daily Denim GM<\/td>\n<\/tr>\n<tr>\n<td class=\"mlb-details-caption\">Colour<\/td>\n<td class=\"mlb-details-value\">Light blue<\/td>\n<\/tr>\n<tr>\n<td class=\"mlb-details-caption\">Hardware<\/td>\n<td class=\"mlb-details-value\">Gold<\/td>\n<\/tr>\n<tr>\n<td class=\"mlb-details-caption\">Year<\/td>\n<td class=\"mlb-details-value\">2011<\/td>\n<\/tr>\n<tr>\n<td class=\"mlb-details-caption\">Accessoires<\/td>\n<td class=\"mlb-details-value\">Dustbag<\/td>\n<\/tr>\n<tr>\n<td class=\"mlb-details-caption\">Condition<\/td>\n<td class=\"mlb-details-value\">Very good condition<\/td>\n<\/tr>\n<\/tbody>\n<\/table>","protected":false},"featured_media":19434,"template":"","meta":[],"product_brand":[],"product_cat":[154,1431,85,99],"product_tag":[],"class_list":{"0":"post-19412","1":"product","2":"type-product","3":"status-publish","4":"has-post-thumbnail","6":"product_cat-designer","7":"product_cat-louisvuitton","8":"product_cat-schultertaschen","9":"product_cat-taschen","10":"product_shipping_class-bis2500","12":"first","13":"outofstock","14":"sold-individually","15":"shipping-taxable","16":"purchasable","17":"product-type-simple"},"_links":{"self":[{"href":"https:\/\/baselle.com\/en\/wp-json\/wp\/v2\/product\/19412","targetHints":{"allow":["GET"]}}],"collection":[{"href":"https:\/\/baselle.com\/en\/wp-json\/wp\/v2\/product"}],"about":[{"href":"https:\/\/baselle.com\/en\/wp-json\/wp\/v2\/types\/product"}],"wp:featuredmedia":[{"embeddable":true,"href":"https:\/\/baselle.com\/en\/wp-json\/wp\/v2\/media\/19434"}],"wp:attachment":[{"href":"https:\/\/baselle.com\/en\/wp-json\/wp\/v2\/media?parent=19412"}],"wp:term":[{"taxonomy":"product_brand","embeddable":true,"href":"https:\/\/baselle.com\/en\/wp-json\/wp\/v2\/product_brand?post=19412"},{"taxonomy":"product_cat","embeddable":true,"href":"https:\/\/baselle.com\/en\/wp-json\/wp\/v2\/product_cat?post=19412"},{"taxonomy":"product_tag","embeddable":true,"href":"https:\/\/baselle.com\/en\/wp-json\/wp\/v2\/product_tag?post=19412"}],"curies":[{"name":"wp","href":"https:\/\/api.w.org\/{rel}","templated":true}]}}