{"id":19411,"date":"2024-01-19T20:45:47","date_gmt":"2024-01-19T19:45:47","guid":{"rendered":"https:\/\/baselle.com\/?post_type=product&#038;p=19411"},"modified":"2024-05-21T15:40:14","modified_gmt":"2024-05-21T13:40:14","slug":"chanel-flap-bag-dunkelblau-19411","status":"publish","type":"product","link":"https:\/\/baselle.com\/en\/product\/chanel-flap-bag-dunkelblau-19411\/","title":{"rendered":"Chanel Flap Bag"},"content":{"rendered":"<p>\n<strong>CHANEL Flap Bag Handtasche Beschreibung<\/strong><\/p>\n<p>Diese originale CHANEL Flap Bag Handtasche ist ein elegantes Lieblingsst\u00fcck f\u00fcr den t\u00e4glichen Gebrauch. Die zum Teil mit Leder \u00fcberzogene gro\u00dfe CC-Signatur setzt bei diesem Modell ein besonderes Highlight. Sie ist aus genarbten Kalbsleder gefertigt und verf\u00fcgt \u00fcber gewebte Kettenriemen, ein CC-Klappverschluss sowie silberne Hardware Akzente.<\/p>\n<p>Die CHANEL Flap Bag kann als Schultertasche oder diagonal am K\u00f6rper getragen werden. F\u00fcr maximalen Tragekomfort geht der gewebte Kettenriemen in weiches Leder \u00fcber. Die Klappe \u00f6ffnet sich zu einem aus Textil gef\u00fctterten Tascheninneren mit zwei unterteilten Hauptf\u00e4chern und ein Rei\u00dfverschlussfach.\n<\/p>\n<p>\n<strong>Excellent condition<\/strong><br \/>\nDiese CHANEL Flap Bag Handtasche aus zweiter Hand ist insgesamt in einem hervorragenden Zustand. Das Kalbsleder ist in einem sehr gepflegten Zustand ohne Abrieb. Die silberne Hardware ist in einem guten Zustand. Auch das Tascheninnere ist sauber, ohne Flecken und weist keine L\u00f6cher\/Risse auf.\n<\/p>\n<p>\n<strong>Style:<\/strong> Shoulder bag, clutch, crossbody<br \/>\n<strong>Size:<\/strong> Medium<br \/>\n<strong>Dimensions (approx.):<\/strong> Breite 25 cm * H\u00f6he 17 cm * Tiefe 8,5 cm<br \/>\n<strong>Shoulder strap (approx.):<\/strong> einfach = 98 cm, doppelt = 60 cm\n<\/p>\n<p>\n<strong>Exterior material:<\/strong> calfskin leather<br \/>\n<strong>Interior Material<\/strong> fabric lining\n<\/p>\n<p>The pictures represent the offered bag. The picture rights are held by MyLovelyBoutique.com. <\/p>\n<p>Follow us on <a href=\"https:\/\/www.instagram.com\/mylovelyboutique.de\/\" rel=\"noopener noreferrer\" target=\"_blank\"><strong>Instagram<\/strong><\/a> and get inspired. <\/p>","protected":false},"excerpt":{"rendered":"<table class=\"mlb-product-details\">\n<tbody>\n<tr>\n<td class=\"mlb-details-caption\">Model<\/td>\n<td class=\"mlb-details-value\">Flap Bag<\/td>\n<\/tr>\n<tr>\n<td class=\"mlb-details-caption\">Colour<\/td>\n<td class=\"mlb-details-value\">Marine\/Dark Blue<\/td>\n<\/tr>\n<tr>\n<td class=\"mlb-details-caption\">Hardware<\/td>\n<td class=\"mlb-details-value\">Silver<\/td>\n<\/tr>\n<tr>\n<td class=\"mlb-details-caption\">Year<\/td>\n<td class=\"mlb-details-value\">2017<\/td>\n<\/tr>\n<tr>\n<td class=\"mlb-details-caption\">Accessoires<\/td>\n<td class=\"mlb-details-value\">Dustbag, authenticity card, serialnumber with hologram<\/td>\n<\/tr>\n<tr>\n<td class=\"mlb-details-caption\">Condition<\/td>\n<td class=\"mlb-details-value\">Excellent condition<\/td>\n<\/tr>\n<\/tbody>\n<\/table>","protected":false},"featured_media":19415,"template":"","meta":[],"product_brand":[],"product_cat":[1430,87,154,85,99],"product_tag":[],"class_list":{"0":"post-19411","1":"product","2":"type-product","3":"status-publish","4":"has-post-thumbnail","6":"product_cat-chanel","7":"product_cat-crossbodytaschen","8":"product_cat-designer","9":"product_cat-schultertaschen","10":"product_cat-taschen","11":"product_shipping_class-bis5000","13":"first","14":"outofstock","15":"sold-individually","16":"shipping-taxable","17":"purchasable","18":"product-type-simple"},"_links":{"self":[{"href":"https:\/\/baselle.com\/en\/wp-json\/wp\/v2\/product\/19411","targetHints":{"allow":["GET"]}}],"collection":[{"href":"https:\/\/baselle.com\/en\/wp-json\/wp\/v2\/product"}],"about":[{"href":"https:\/\/baselle.com\/en\/wp-json\/wp\/v2\/types\/product"}],"wp:featuredmedia":[{"embeddable":true,"href":"https:\/\/baselle.com\/en\/wp-json\/wp\/v2\/media\/19415"}],"wp:attachment":[{"href":"https:\/\/baselle.com\/en\/wp-json\/wp\/v2\/media?parent=19411"}],"wp:term":[{"taxonomy":"product_brand","embeddable":true,"href":"https:\/\/baselle.com\/en\/wp-json\/wp\/v2\/product_brand?post=19411"},{"taxonomy":"product_cat","embeddable":true,"href":"https:\/\/baselle.com\/en\/wp-json\/wp\/v2\/product_cat?post=19411"},{"taxonomy":"product_tag","embeddable":true,"href":"https:\/\/baselle.com\/en\/wp-json\/wp\/v2\/product_tag?post=19411"}],"curies":[{"name":"wp","href":"https:\/\/api.w.org\/{rel}","templated":true}]}}