{"id":19352,"date":"2023-12-19T23:24:20","date_gmt":"2023-12-19T22:24:20","guid":{"rendered":"https:\/\/baselle.com\/?post_type=product&#038;p=19352"},"modified":"2024-02-10T08:08:10","modified_gmt":"2024-02-10T07:08:10","slug":"chanel-20b-ruthenium-pearl-necklace-19352","status":"publish","type":"product","link":"https:\/\/baselle.com\/en\/product\/chanel-20b-ruthenium-pearl-necklace-19352\/","title":{"rendered":"CHANEL 20B Perlenkette"},"content":{"rendered":"<p><strong>CHANEL 20B Ruthenium Pearl Necklace Beschreibung<\/strong><\/p>\n<p>Dieses originale CHANEL 20B Ruthenium Pearl Necklace ist &#8220;Made in France&#8221;. Die Halskette ist aus wei\u00dfen Modeschmuckperlen sowie rutheniumfarbenen Metall gefertigt und verf\u00fcgt \u00fcber ein mit Strasssteinchen und Perlen besetztes CC-Logo und eine Kugel. <\/p>\n<p><strong>Excellent condition<\/strong><br \/>\nDieses CHANEL 20B Ruthenium Pearl Necklace aus zweiter Hand ist insgesamt in einem hervorragenden Zustand.<\/p>\n<p><strong>Total length of the chain (approx.):<\/strong> 48 cm<\/p>\n<p><strong>Material:<\/strong> Metal, costume jewelry beads, rhinestones <\/p>\n<p>The pictures represent the offered necklace. The picture rights are held by MyLovelyBoutique.com. <\/p>\n<p>Follow us on <a href=\"https:\/\/www.instagram.com\/mylovelyboutique.de\/\" rel=\"noopener noreferrer\" target=\"_blank\"><strong>Instagram<\/strong><\/a> and get inspired.<\/p>","protected":false},"excerpt":{"rendered":"<table class=\"mlb-product-details\">\n<tbody>\n<tr>\n<td class=\"mlb-details-caption\">Model<\/td>\n<td class=\"mlb-details-value\">20B Ruthenium Pearl Necklace<\/td>\n<\/tr>\n<tr>\n<td class=\"mlb-details-caption\">Colour<\/td>\n<td class=\"mlb-details-value\">Rutheniumfarben, Perlwei\u00df<\/td>\n<\/tr>\n<tr>\n<td class=\"mlb-details-caption\">Hardware<\/td>\n<td class=\"mlb-details-value\">Metal, costume jewelry beads, rhinestones<\/td>\n<\/tr>\n<tr>\n<td class=\"mlb-details-caption\">Year<\/td>\n<td class=\"mlb-details-value\">2020<\/td>\n<\/tr>\n<tr>\n<td class=\"mlb-details-caption\">Accessoires<\/td>\n<td class=\"mlb-details-value\">Invoice, box<\/td>\n<\/tr>\n<tr>\n<td class=\"mlb-details-caption\">Condition<\/td>\n<td class=\"mlb-details-value\">Excellent condition<\/td>\n<\/tr>\n<\/tbody>\n<\/table>","protected":false},"featured_media":19379,"template":"","meta":[],"product_brand":[],"product_cat":[1430,154,3678,3676],"product_tag":[],"class_list":{"0":"post-19352","1":"product","2":"type-product","3":"status-publish","4":"has-post-thumbnail","6":"product_cat-chanel","7":"product_cat-designer","8":"product_cat-halsketten","9":"product_cat-schmuck","10":"product_shipping_class-bis1000","12":"first","13":"outofstock","14":"sold-individually","15":"shipping-taxable","16":"purchasable","17":"product-type-simple"},"_links":{"self":[{"href":"https:\/\/baselle.com\/en\/wp-json\/wp\/v2\/product\/19352","targetHints":{"allow":["GET"]}}],"collection":[{"href":"https:\/\/baselle.com\/en\/wp-json\/wp\/v2\/product"}],"about":[{"href":"https:\/\/baselle.com\/en\/wp-json\/wp\/v2\/types\/product"}],"wp:featuredmedia":[{"embeddable":true,"href":"https:\/\/baselle.com\/en\/wp-json\/wp\/v2\/media\/19379"}],"wp:attachment":[{"href":"https:\/\/baselle.com\/en\/wp-json\/wp\/v2\/media?parent=19352"}],"wp:term":[{"taxonomy":"product_brand","embeddable":true,"href":"https:\/\/baselle.com\/en\/wp-json\/wp\/v2\/product_brand?post=19352"},{"taxonomy":"product_cat","embeddable":true,"href":"https:\/\/baselle.com\/en\/wp-json\/wp\/v2\/product_cat?post=19352"},{"taxonomy":"product_tag","embeddable":true,"href":"https:\/\/baselle.com\/en\/wp-json\/wp\/v2\/product_tag?post=19352"}],"curies":[{"name":"wp","href":"https:\/\/api.w.org\/{rel}","templated":true}]}}