{"id":19304,"date":"2023-12-08T12:39:24","date_gmt":"2023-12-08T11:39:24","guid":{"rendered":"https:\/\/baselle.com\/?post_type=product&#038;p=19304"},"modified":"2023-12-30T15:24:14","modified_gmt":"2023-12-30T14:24:14","slug":"chanel-23p-crystal-cc-star-ohrringe-19304","status":"publish","type":"product","link":"https:\/\/baselle.com\/en\/product\/chanel-23p-crystal-cc-star-ohrringe-19304\/","title":{"rendered":"CHANEL 23P Crystal Star Ohrringe"},"content":{"rendered":"<p><strong>CHANEL 23P Crystal CC Star Ohrringe Beschreibung<\/strong><\/p>\n<p>Diese originalen CHANEL 23P Crystal CC Star Ohrringe sind &#8220;Made in Italy&#8221;. Die Sterne sind mittig mit einem wundersch\u00f6nen smaragdgr\u00fcnen Kristall verziert &#8211; ein perfekter Kontrast zu den wei\u00dfen Strasssteinchen und dem silbernen Metall. Perfektioniert wird dieses Schmuckst\u00fcck durch eine CC-Signatur, die durch eine Kette mit dem Stern verbunden und ebenfalls mit kleinen Strasssteinchen besetzt ist. <\/p>\n<p><strong>Mint condition<\/strong><br \/>\nDiese CHANEL 23P Crystal CC Star Ohrringe aus zweiter Hand sind in einem neuwertigen Zustand ohne Gebrauchspuren.<\/p>\n<p><strong>Dimensions (approx.):<\/strong> 6,5 cm * 1,7 cm<\/p>\n<p><strong>Material:<\/strong> Metal, rhinestones <\/p>\n<p>The pictures represent the offered earrings. The picture rights are held by MyLovelyBoutique.com. <\/p>\n<p>Follow us on <a href=\"https:\/\/www.instagram.com\/mylovelyboutique.de\/\" rel=\"noopener noreferrer\" target=\"_blank\"><strong>Instagram<\/strong><\/a> and get inspired.<\/p>","protected":false},"excerpt":{"rendered":"<table class=\"mlb-product-details\">\n<tbody>\n<tr>\n<td class=\"mlb-details-caption\">Model<\/td>\n<td class=\"mlb-details-value\">23P Crystal CC Star Ohrringe<\/td>\n<\/tr>\n<tr>\n<td class=\"mlb-details-caption\">Colour<\/td>\n<td class=\"mlb-details-value\">Silber, Smaragdgr\u00fcn, Kristall<\/td>\n<\/tr>\n<tr>\n<td class=\"mlb-details-caption\">Hardware<\/td>\n<td class=\"mlb-details-value\">Silver<\/td>\n<\/tr>\n<tr>\n<td class=\"mlb-details-caption\">Year<\/td>\n<td class=\"mlb-details-value\">2023<\/td>\n<\/tr>\n<tr>\n<td class=\"mlb-details-caption\">Accessoires<\/td>\n<td class=\"mlb-details-value\">Invoice, box, dustbag<\/td>\n<\/tr>\n<tr>\n<td class=\"mlb-details-caption\">Condition<\/td>\n<td class=\"mlb-details-value\">Mint condition<\/td>\n<\/tr>\n<\/tbody>\n<\/table>","protected":false},"featured_media":19324,"template":"","meta":[],"product_brand":[],"product_cat":[1430,154,3677,3676],"product_tag":[],"class_list":{"0":"post-19304","1":"product","2":"type-product","3":"status-publish","4":"has-post-thumbnail","6":"product_cat-chanel","7":"product_cat-designer","8":"product_cat-ohrringe","9":"product_cat-schmuck","10":"product_shipping_class-bis1000","12":"first","13":"outofstock","14":"sold-individually","15":"shipping-taxable","16":"purchasable","17":"product-type-simple"},"_links":{"self":[{"href":"https:\/\/baselle.com\/en\/wp-json\/wp\/v2\/product\/19304","targetHints":{"allow":["GET"]}}],"collection":[{"href":"https:\/\/baselle.com\/en\/wp-json\/wp\/v2\/product"}],"about":[{"href":"https:\/\/baselle.com\/en\/wp-json\/wp\/v2\/types\/product"}],"wp:featuredmedia":[{"embeddable":true,"href":"https:\/\/baselle.com\/en\/wp-json\/wp\/v2\/media\/19324"}],"wp:attachment":[{"href":"https:\/\/baselle.com\/en\/wp-json\/wp\/v2\/media?parent=19304"}],"wp:term":[{"taxonomy":"product_brand","embeddable":true,"href":"https:\/\/baselle.com\/en\/wp-json\/wp\/v2\/product_brand?post=19304"},{"taxonomy":"product_cat","embeddable":true,"href":"https:\/\/baselle.com\/en\/wp-json\/wp\/v2\/product_cat?post=19304"},{"taxonomy":"product_tag","embeddable":true,"href":"https:\/\/baselle.com\/en\/wp-json\/wp\/v2\/product_tag?post=19304"}],"curies":[{"name":"wp","href":"https:\/\/api.w.org\/{rel}","templated":true}]}}