{"id":19240,"date":"2023-11-21T19:19:32","date_gmt":"2023-11-21T18:19:32","guid":{"rendered":"https:\/\/baselle.com\/?post_type=product&#038;p=19240"},"modified":"2024-02-02T18:45:11","modified_gmt":"2024-02-02T17:45:11","slug":"chanel-coco-handle-mini-19240","status":"publish","type":"product","link":"https:\/\/baselle.com\/en\/product\/chanel-coco-handle-mini-19240\/","title":{"rendered":"CHANEL Coco Handle"},"content":{"rendered":"<p>\n<strong>CHANEL Coco Handle Mini Flap Bag Handtasche Beschreibung<\/strong><\/p>\n<p>Diese originale CHANEL Coco Handle Mini Flap Bag Handtasche ist ein elegantes Lieblingsst\u00fcck aus dem Maison CHANEL f\u00fcr die moderne Frau. Sie ist aus hellblauem genarbten Kalbsleder gefertigt und verf\u00fcgt \u00fcber einen Ledergriff, einen abnehmbaren Lederkettenriemen mit Lederauflage, ein CC-Turnlock sowie hellgoldene Hardware-Akzente.<\/p>\n<p>Die Coco Handle Bag Handtasche kann als Schultertasche, Crossbody oder an der Hand getragen werden. F\u00fcr maximalen Tragekomfort geht im Schulterbereich der abnehmbare Kettenriemen in weiches Leder \u00fcber. Die Klappe \u00f6ffnet sich zu einem Ton-in-Ton farbenen  Lederinnenfutter, welches in zwei F\u00e4cher und ein Rei\u00dfverschlussfach aufgeteilt ist. Am Taschenr\u00fccken befindet sich ein aufgesetztes Steckfach.\n<\/p>\n<p>\n<strong>Excellent condition<\/strong><br \/>\nDiese CHANEL Coco Handle Mini Flap Bag Handtasche aus zweiter Hand ist insgesamt in einem hervorragenden Zustand. Das Leder ist in einem einwandfreien Zustand. Die hellgoldenen Beschl\u00e4ge sind gl\u00e4nzend und in einem sehr guten Zustand. Auch das Tascheninnere ist sauber, ohne Ger\u00fcche und weist keine L\u00f6cher\/Risse auf.\n<\/p>\n<p>\n<strong>Style:<\/strong> Shoulder bag, handbag, crossbody<br \/>\n<strong>Size:<\/strong> Mini<br \/>\n<strong>Dimensions (approx.):<\/strong> Breite 20 cm * H\u00f6he 13 cm * Tiefe 9 cm<br \/>\n<strong>Shoulder strap (approx.):<\/strong> 120 cm\n<\/p>\n<p>\n<strong>Exterior material:<\/strong> Grained calfskin leather<br \/>\n<strong>Interior Material<\/strong> Leather lining\n<\/p>\n<p>The pictures represent the offered bag. The picture rights are held by MyLovelyBoutique.com. <\/p>\n<p>Follow us on <a href=\"https:\/\/www.instagram.com\/mylovelyboutique.de\/\" rel=\"noopener noreferrer\" target=\"_blank\"><strong>Instagram<\/strong><\/a> and get inspired. <\/p>","protected":false},"excerpt":{"rendered":"<table class=\"mlb-product-details\">\n<tbody>\n<tr>\n<td class=\"mlb-details-caption\">Model<\/td>\n<td class=\"mlb-details-value\">Coco Handle Mini Bag<\/td>\n<\/tr>\n<tr>\n<td class=\"mlb-details-caption\">Colour<\/td>\n<td class=\"mlb-details-value\">Sehr helles Babyblau<\/td>\n<\/tr>\n<tr>\n<td class=\"mlb-details-caption\">Hardware<\/td>\n<td class=\"mlb-details-value\">Light gold<\/td>\n<\/tr>\n<tr>\n<td class=\"mlb-details-caption\">Year<\/td>\n<td class=\"mlb-details-value\">2022<\/td>\n<\/tr>\n<tr>\n<td class=\"mlb-details-caption\">Accessoires<\/td>\n<td class=\"mlb-details-value\">Box, Staubbeutel, Microchip<\/td>\n<\/tr>\n<tr>\n<td class=\"mlb-details-caption\">Condition<\/td>\n<td class=\"mlb-details-value\">Excellent condition<\/td>\n<\/tr>\n<\/tbody>\n<\/table>","protected":false},"featured_media":19241,"template":"","meta":[],"product_brand":[],"product_cat":[1430,87,154,68,86,85,99],"product_tag":[],"class_list":{"0":"post-19240","1":"product","2":"type-product","3":"status-publish","4":"has-post-thumbnail","6":"product_cat-chanel","7":"product_cat-crossbodytaschen","8":"product_cat-designer","9":"product_cat-handtaschen","10":"product_cat-kleinetaschen","11":"product_cat-schultertaschen","12":"product_cat-taschen","13":"product_shipping_class-bis5000","15":"first","16":"outofstock","17":"sold-individually","18":"shipping-taxable","19":"purchasable","20":"product-type-simple"},"_links":{"self":[{"href":"https:\/\/baselle.com\/en\/wp-json\/wp\/v2\/product\/19240","targetHints":{"allow":["GET"]}}],"collection":[{"href":"https:\/\/baselle.com\/en\/wp-json\/wp\/v2\/product"}],"about":[{"href":"https:\/\/baselle.com\/en\/wp-json\/wp\/v2\/types\/product"}],"wp:featuredmedia":[{"embeddable":true,"href":"https:\/\/baselle.com\/en\/wp-json\/wp\/v2\/media\/19241"}],"wp:attachment":[{"href":"https:\/\/baselle.com\/en\/wp-json\/wp\/v2\/media?parent=19240"}],"wp:term":[{"taxonomy":"product_brand","embeddable":true,"href":"https:\/\/baselle.com\/en\/wp-json\/wp\/v2\/product_brand?post=19240"},{"taxonomy":"product_cat","embeddable":true,"href":"https:\/\/baselle.com\/en\/wp-json\/wp\/v2\/product_cat?post=19240"},{"taxonomy":"product_tag","embeddable":true,"href":"https:\/\/baselle.com\/en\/wp-json\/wp\/v2\/product_tag?post=19240"}],"curies":[{"name":"wp","href":"https:\/\/api.w.org\/{rel}","templated":true}]}}