{"id":19224,"date":"2023-11-20T14:28:53","date_gmt":"2023-11-20T13:28:53","guid":{"rendered":"https:\/\/baselle.com\/?post_type=product&#038;p=19224"},"modified":"2024-02-28T10:42:23","modified_gmt":"2024-02-28T09:42:23","slug":"louis-vuitton-onthego-gm-19224","status":"publish","type":"product","link":"https:\/\/baselle.com\/en\/product\/louis-vuitton-onthego-gm-19224\/","title":{"rendered":"Louis Vuitton Onthego GM"},"content":{"rendered":"<p>\n<strong>Louis Vuitton Onthego GM Spring in the City Sunrise Pastel Handtasche Beschreibung<\/strong><\/p>\n<p>Diese originale Louis Vuitton Onthego GM Spring in the City Sunrise Pastel Handtasche ist eine limitierte Rarit\u00e4t aus der Louis Vuitton Fr\u00fchjahrskollektion. Durch ihr leichtes Gewicht ist sie die perfekte Begleitung f\u00fcr ausgewogene Shopping Tage, f\u00fcr den Strand oder auch f\u00fcrs B\u00fcro. Sie besticht durch das Zusammenspiel ihrer Farben und verf\u00fcgt \u00fcber goldfarbene Hardware-Akzente, doppelt gerollte Griffe sowie l\u00e4ngere Schulterriemen. <\/p>\n<p>Der Karabinerverschluss \u00f6ffnet sich zu einem Ton in Ton farbenen Innenraum mit einem Rei\u00dfverschlussfach und zwei Steckf\u00e4chern f\u00fcr die Aufbewahrung von Dingen des t\u00e4glichen Bedarfs.\n<\/p>\n<p>\n<strong>New condition:<\/strong><br \/>\nDiese Louis Vuitton Onthego GM Spring in the City Sunrise Pastel Handtasche ist neu und ungetragen.\n<\/p>\n<p>\n<strong>Style:<\/strong> shoulder bag, handbag<br \/>\n<strong>Size:<\/strong> GM<br \/>\n<strong>Dimensions (approx.):<\/strong> width 41 cm * height 34 cm * depth 19 cm\n<\/p>\n<p>\n<strong>Exterior material:<\/strong> Monogram beschichtetes Canvas<br \/>\n<strong>Interior Material<\/strong> fabric lining\n<\/p>\n<p>The pictures represent the offered bag. The picture rights are held by MyLovelyBoutique.com.<\/p>\n<p>Follow us on <a href=\"https:\/\/www.instagram.com\/mylovelyboutique.de\/\" rel=\"noopener noreferrer\" target=\"_blank\"><strong>Instagram<\/strong><\/a> and get inspired. <\/p>","protected":false},"excerpt":{"rendered":"<table class=\"mlb-product-details\">\n<tbody>\n<tr>\n<td class=\"mlb-details-caption\">Model<\/td>\n<td class=\"mlb-details-value\">Onthego GM Spring in the City<\/td>\n<\/tr>\n<tr>\n<td class=\"mlb-details-caption\">Colour<\/td>\n<td class=\"mlb-details-value\">Sunrise Pastel<\/td>\n<\/tr>\n<tr>\n<td class=\"mlb-details-caption\">Hardware<\/td>\n<td class=\"mlb-details-value\">Gold<\/td>\n<\/tr>\n<tr>\n<td class=\"mlb-details-caption\">Year<\/td>\n<td class=\"mlb-details-value\">2023<\/td>\n<\/tr>\n<tr>\n<td class=\"mlb-details-caption\">Accessoires<\/td>\n<td class=\"mlb-details-value\">Invoice, box, dustbag<\/td>\n<\/tr>\n<tr>\n<td class=\"mlb-details-caption\">Condition<\/td>\n<td class=\"mlb-details-value\">New condition<\/td>\n<\/tr>\n<\/tbody>\n<\/table>","protected":false},"featured_media":19231,"template":"","meta":[],"product_brand":[],"product_cat":[154,68,1431,85,99],"product_tag":[],"class_list":{"0":"post-19224","1":"product","2":"type-product","3":"status-publish","4":"has-post-thumbnail","6":"product_cat-designer","7":"product_cat-handtaschen","8":"product_cat-louisvuitton","9":"product_cat-schultertaschen","10":"product_cat-taschen","11":"product_shipping_class-bis5000","13":"first","14":"outofstock","15":"sold-individually","16":"shipping-taxable","17":"purchasable","18":"product-type-simple"},"_links":{"self":[{"href":"https:\/\/baselle.com\/en\/wp-json\/wp\/v2\/product\/19224","targetHints":{"allow":["GET"]}}],"collection":[{"href":"https:\/\/baselle.com\/en\/wp-json\/wp\/v2\/product"}],"about":[{"href":"https:\/\/baselle.com\/en\/wp-json\/wp\/v2\/types\/product"}],"wp:featuredmedia":[{"embeddable":true,"href":"https:\/\/baselle.com\/en\/wp-json\/wp\/v2\/media\/19231"}],"wp:attachment":[{"href":"https:\/\/baselle.com\/en\/wp-json\/wp\/v2\/media?parent=19224"}],"wp:term":[{"taxonomy":"product_brand","embeddable":true,"href":"https:\/\/baselle.com\/en\/wp-json\/wp\/v2\/product_brand?post=19224"},{"taxonomy":"product_cat","embeddable":true,"href":"https:\/\/baselle.com\/en\/wp-json\/wp\/v2\/product_cat?post=19224"},{"taxonomy":"product_tag","embeddable":true,"href":"https:\/\/baselle.com\/en\/wp-json\/wp\/v2\/product_tag?post=19224"}],"curies":[{"name":"wp","href":"https:\/\/api.w.org\/{rel}","templated":true}]}}