{"id":19179,"date":"2023-11-10T13:50:34","date_gmt":"2023-11-10T12:50:34","guid":{"rendered":"https:\/\/baselle.com\/?post_type=product&#038;p=19179"},"modified":"2024-04-02T16:40:35","modified_gmt":"2024-04-02T14:40:35","slug":"chanel-22-mini-leder-handtasche-19179","status":"publish","type":"product","link":"https:\/\/baselle.com\/en\/product\/chanel-22-mini-leder-handtasche-19179\/","title":{"rendered":"CHANEL 22 Mini"},"content":{"rendered":"<p>\n<strong>CHANEL 22 Mini Leder Handtasche Beschreibung<\/strong><\/p>\n<p>Diese originale CHANEL 22 Mini Leder Handtasche ist eine beliebte Rarit\u00e4t, die in ihrer sch\u00f6nen Farbkombi Wei\u00df\/Gold nur sehr schwer zu finden ist. In ihrer kompakten Gr\u00f6\u00dfe bietet sie genug Platz f\u00fcr Portemonnaie, Schl\u00fcssel, Smartphone und Kosmetik. Die CHANEL 22 ist aus Kalbleder gefertigt und verf\u00fcgt \u00fcber flexible Kettenriemen, und goldene Hardware-Akzente.<\/p>\n<p>Die Tasche \u00f6ffnet sich zu einem hellbeigen Textilfutter mit einem Steckfach. Die CHANEL 22 Handtasche kann diagonal am K\u00f6rper\u00fcber der Schulter oder an der Hand getragen werden, so dass maximaler Tragekomfort garantiert ist.\n<\/p>\n<p>\n<strong>Mint condition<\/strong><br \/>\nDiese CHANEL 22 Mini Leder Handtasche aus zweiter Hand ist in einem neuwertigen Zustand. Dementsprechend sind das Leder, die goldfarbenen Beschl\u00e4ge und das Innenfutter in einem einwandfreien Zustand. Der goldfarbene Anh\u00e4nger ist noch mit Folie gesch\u00fctzt.\n<\/p>\n<p>\n<strong>Style:<\/strong> Shoulder bag, handbag<br \/>\n<strong>Size:<\/strong> Mini<br \/>\n<strong>Dimensions (approx.):<\/strong> Breite 20 cm * H\u00f6he 19 cm * Tiefe 6 cm\n<\/p>\n<p>\n<strong>Exterior material:<\/strong> calfskin leather<br \/>\n<strong>Interior Material<\/strong> Fabric lining\n<\/p>\n<p>The pictures represent the offered bag. The picture rights are held by MyLovelyBoutique.com. <\/p>\n<p>Follow us on <a href=\"https:\/\/www.instagram.com\/mylovelyboutique.de\/\" rel=\"noopener noreferrer\" target=\"_blank\"><strong>Instagram<\/strong><\/a> and get inspired. <\/p>","protected":false},"excerpt":{"rendered":"<table class=\"mlb-product-details\">\n<tbody>\n<tr>\n<td class=\"mlb-details-caption\">Model<\/td>\n<td class=\"mlb-details-value\">CHANEL 22 Mini<\/td>\n<\/tr>\n<tr>\n<td class=\"mlb-details-caption\">Colour<\/td>\n<td class=\"mlb-details-value\">White<\/td>\n<\/tr>\n<tr>\n<td class=\"mlb-details-caption\">Hardware<\/td>\n<td class=\"mlb-details-value\">Gold<\/td>\n<\/tr>\n<tr>\n<td class=\"mlb-details-caption\">Year<\/td>\n<td class=\"mlb-details-value\">2023<\/td>\n<\/tr>\n<tr>\n<td class=\"mlb-details-caption\">Accessoires<\/td>\n<td class=\"mlb-details-value\">Box, Staubbeutel, Microchip<\/td>\n<\/tr>\n<tr>\n<td class=\"mlb-details-caption\">Condition<\/td>\n<td class=\"mlb-details-value\">Mint condition<\/td>\n<\/tr>\n<\/tbody>\n<\/table>","protected":false},"featured_media":19181,"template":"","meta":[],"product_brand":[],"product_cat":[1430,87,154,68,86,85,99],"product_tag":[],"class_list":{"0":"post-19179","1":"product","2":"type-product","3":"status-publish","4":"has-post-thumbnail","6":"product_cat-chanel","7":"product_cat-crossbodytaschen","8":"product_cat-designer","9":"product_cat-handtaschen","10":"product_cat-kleinetaschen","11":"product_cat-schultertaschen","12":"product_cat-taschen","13":"product_shipping_class-bis5000","15":"first","16":"outofstock","17":"sold-individually","18":"shipping-taxable","19":"purchasable","20":"product-type-simple"},"_links":{"self":[{"href":"https:\/\/baselle.com\/en\/wp-json\/wp\/v2\/product\/19179","targetHints":{"allow":["GET"]}}],"collection":[{"href":"https:\/\/baselle.com\/en\/wp-json\/wp\/v2\/product"}],"about":[{"href":"https:\/\/baselle.com\/en\/wp-json\/wp\/v2\/types\/product"}],"wp:featuredmedia":[{"embeddable":true,"href":"https:\/\/baselle.com\/en\/wp-json\/wp\/v2\/media\/19181"}],"wp:attachment":[{"href":"https:\/\/baselle.com\/en\/wp-json\/wp\/v2\/media?parent=19179"}],"wp:term":[{"taxonomy":"product_brand","embeddable":true,"href":"https:\/\/baselle.com\/en\/wp-json\/wp\/v2\/product_brand?post=19179"},{"taxonomy":"product_cat","embeddable":true,"href":"https:\/\/baselle.com\/en\/wp-json\/wp\/v2\/product_cat?post=19179"},{"taxonomy":"product_tag","embeddable":true,"href":"https:\/\/baselle.com\/en\/wp-json\/wp\/v2\/product_tag?post=19179"}],"curies":[{"name":"wp","href":"https:\/\/api.w.org\/{rel}","templated":true}]}}