{"id":19134,"date":"2023-10-19T16:03:06","date_gmt":"2023-10-19T14:03:06","guid":{"rendered":"https:\/\/baselle.com\/?post_type=product&#038;p=19134"},"modified":"2024-03-10T14:34:01","modified_gmt":"2024-03-10T13:34:01","slug":"chanel-large-deauville-raffia-19134","status":"publish","type":"product","link":"https:\/\/baselle.com\/en\/product\/chanel-large-deauville-raffia-19134\/","title":{"rendered":"CHANEL Large Deauville Raffia"},"content":{"rendered":"<p>\n<strong>CHANEL Multicolor Striped Raffia Large Deauville Tote Handtasche Beschreibung<\/strong><\/p>\n<p>Diese originale Chanel Multicolor Striped Raffia Large Deauville Tote Handtasche ist eine praktische Tasche f\u00fcr den Alltag. In ihrer Gr\u00f6\u00dfe eignet sie sich perfekt als Shopping-Begleitung, f\u00fcr den Strand oder auch f\u00fcr die Arbeit. Die Deauville ist aus Raffia-Bast gefertigt und verf\u00fcgt \u00fcber flexible Kettenriemen, Lederhenkel und goldene Hardware-Akzente.<\/p>\n<p>Der Magnet-Verschluss \u00f6ffnet sich zu einem pinken Textilfutter mit einem Rei\u00dfverschlussfach und zwei Steckf\u00e4chern. Die Deauville Handtasche kann \u00fcber der Schulter oder an der Hand getragen werden, so dass maximaler Tragekomfort garantiert ist.\n<\/p>\n<p>\n<strong>Mint condition<\/strong><br \/>\nDiese CHANEL Multicolor Striped Raffia Large Deauville Tote Handtasche aus zweiter Hand ist in einem neuwertigen Zustand. Das Leder, Raffia und Innenfutter ist dementsprechend in einem einwandfreien Zustand. Die Hardware ist zum Teil noch mit Folie gesch\u00fctzt.\n<\/p>\n<p>\n<strong>Style:<\/strong> Shoulder bag, handbag<br \/>\n<strong>Size:<\/strong> Large<br \/>\n<strong>Dimensions (approx.):<\/strong> width 40 cm * height 30 cm * depth 21 cm\n<\/p>\n<p>\n<strong>Exterior material:<\/strong> Raffiabast, Leder<br \/>\n<strong>Interior Material<\/strong> Fabric lining\n<\/p>\n<p>The pictures represent the offered bag. The picture rights are held by MyLovelyBoutique.com. <\/p>\n<p>Follow us on <a href=\"https:\/\/www.instagram.com\/mylovelyboutique.de\/\" rel=\"noopener noreferrer\" target=\"_blank\"><strong>Instagram<\/strong><\/a> and get inspired. <\/p>","protected":false},"excerpt":{"rendered":"<table class=\"mlb-product-details\">\n<tbody>\n<tr>\n<td class=\"mlb-details-caption\">Model<\/td>\n<td class=\"mlb-details-value\">Large Deauville Raffia Shopper<\/td>\n<\/tr>\n<tr>\n<td class=\"mlb-details-caption\">Colour<\/td>\n<td class=\"mlb-details-value\">Beige, Bunt<\/td>\n<\/tr>\n<tr>\n<td class=\"mlb-details-caption\">Hardware<\/td>\n<td class=\"mlb-details-value\">Gold<\/td>\n<\/tr>\n<tr>\n<td class=\"mlb-details-caption\">Year<\/td>\n<td class=\"mlb-details-value\">2020<\/td>\n<\/tr>\n<tr>\n<td class=\"mlb-details-caption\">Accessoires<\/td>\n<td class=\"mlb-details-value\">Dustbag, authenticity card, serialnumber with hologram<\/td>\n<\/tr>\n<tr>\n<td class=\"mlb-details-caption\">Condition<\/td>\n<td class=\"mlb-details-value\">Mint condition<\/td>\n<\/tr>\n<\/tbody>\n<\/table>","protected":false},"featured_media":19145,"template":"","meta":[],"product_brand":[],"product_cat":[1430,154,85,99],"product_tag":[],"class_list":{"0":"post-19134","1":"product","2":"type-product","3":"status-publish","4":"has-post-thumbnail","6":"product_cat-chanel","7":"product_cat-designer","8":"product_cat-schultertaschen","9":"product_cat-taschen","10":"product_shipping_class-bis5000","12":"first","13":"outofstock","14":"sold-individually","15":"shipping-taxable","16":"purchasable","17":"product-type-simple"},"_links":{"self":[{"href":"https:\/\/baselle.com\/en\/wp-json\/wp\/v2\/product\/19134","targetHints":{"allow":["GET"]}}],"collection":[{"href":"https:\/\/baselle.com\/en\/wp-json\/wp\/v2\/product"}],"about":[{"href":"https:\/\/baselle.com\/en\/wp-json\/wp\/v2\/types\/product"}],"wp:featuredmedia":[{"embeddable":true,"href":"https:\/\/baselle.com\/en\/wp-json\/wp\/v2\/media\/19145"}],"wp:attachment":[{"href":"https:\/\/baselle.com\/en\/wp-json\/wp\/v2\/media?parent=19134"}],"wp:term":[{"taxonomy":"product_brand","embeddable":true,"href":"https:\/\/baselle.com\/en\/wp-json\/wp\/v2\/product_brand?post=19134"},{"taxonomy":"product_cat","embeddable":true,"href":"https:\/\/baselle.com\/en\/wp-json\/wp\/v2\/product_cat?post=19134"},{"taxonomy":"product_tag","embeddable":true,"href":"https:\/\/baselle.com\/en\/wp-json\/wp\/v2\/product_tag?post=19134"}],"curies":[{"name":"wp","href":"https:\/\/api.w.org\/{rel}","templated":true}]}}