{"id":19107,"date":"2023-10-15T15:13:38","date_gmt":"2023-10-15T13:13:38","guid":{"rendered":"https:\/\/baselle.com\/?post_type=product&#038;p=19107"},"modified":"2023-11-10T14:08:58","modified_gmt":"2023-11-10T13:08:58","slug":"chanel-2-55-mini-reissue-19107","status":"publish","type":"product","link":"https:\/\/baselle.com\/en\/product\/chanel-2-55-mini-reissue-19107\/","title":{"rendered":"CHANEL 2.55 Mini Reissue"},"content":{"rendered":"<p>\n<strong>CHANEL 2.55 Reissue Mini Flap Bag 224<\/strong><\/p>\n<p>Diese originale CHANEL 2.55 Reissue Mini Flap Bag 224 Handtasche ist eine schicke und klassische Tasche im typisch zeitlosen Stil von Chanel. In ihrer kompakten Gr\u00f6\u00dfe eignet sie sich nicht nur perfekt als Abendtasche oder f\u00fcr besondere Anl\u00e4sse, sie bietet auch genug Platz f\u00fcr Portemonnaie, Schl\u00fcssel, Smartphone und Kosmetik und ist daher auch eine perfekte Begleitung f\u00fcr den Alltag. Die Reissue Bag 224 ist aus robustem Ziegenleder gefertigt und verf\u00fcgt \u00fcber einen flexiblen Kettenriemen, ein Mademoiselle-Turnlock und silberne Hardware-Akzente mit Ruthenium-Finish.<\/p>\n<p>Der Mademoiselle-Turnlock-Verschluss \u00f6ffnet sich zu einem Lederfutter mit einem Rei\u00dfverschlussfach und einem Steckfach. Des weiteren befindet sich am Taschenr\u00fccken ein aufgesetztes Steckfach. Die Reissue Mini Flap Bag kann kurz oder lang \u00fcber der Schulter getragen werden, so dass maximaler Tragekomfort garantiert ist. Eine komfortable und kompakte Handtasche, die Chanels klassisches Design verk\u00f6rpert.\n<\/p>\n<p>\n<strong>Excellent condition<\/strong><br \/>\nDiese CHANEL 2.55 Reissue Mini Flap Bag 224 Handtasche aus zweiter Hand ist insgesamt in einem hervorragenden Zustand. Dementsprechend ist das Ziegenleder, das Tascheninnere sowie die silberne Hardware in einem einwandfreien Zustand.\n<\/p>\n<p>\n<strong>Style:<\/strong> Shoulder bag, crossbody<br \/>\n<strong>Size:<\/strong> Small<br \/>\n<strong>Dimensions (approx.):<\/strong> width 20 cm * height 13 cm * depth 8,5 cm<br \/>\n<strong>Shoulder chain:<\/strong> single = 110 cm; double = 63 cm\n<\/p>\n<p>\n<strong>Exterior material:<\/strong> Goatskin leather<br \/>\n<strong>Interior Material<\/strong> leather\n<\/p>\n<p>The pictures represent the offered bag. The picture rights are held by MyLovelyBoutique.com. <\/p>\n<p>Follow us on <a href=\"https:\/\/www.instagram.com\/mylovelyboutique.de\/\" rel=\"noopener noreferrer\" target=\"_blank\"><strong>Instagram<\/strong><\/a> and get inspired. <\/p>","protected":false},"excerpt":{"rendered":"<table class=\"mlb-product-details\">\n<tbody>\n<tr>\n<td class=\"mlb-details-caption\">Model<\/td>\n<td class=\"mlb-details-value\">2.55 Reissue Mini Flap Bag 224<\/td>\n<\/tr>\n<tr>\n<td class=\"mlb-details-caption\">Colour<\/td>\n<td class=\"mlb-details-value\">Schwarzgrau<\/td>\n<\/tr>\n<tr>\n<td class=\"mlb-details-caption\">Hardware<\/td>\n<td class=\"mlb-details-value\">Silver with ruthenium finish<\/td>\n<\/tr>\n<tr>\n<td class=\"mlb-details-caption\">Year<\/td>\n<td class=\"mlb-details-value\">2019<\/td>\n<\/tr>\n<tr>\n<td class=\"mlb-details-caption\">Accessoires<\/td>\n<td class=\"mlb-details-value\">Box, dustbag, authenticity card, serialnumber with hologram<\/td>\n<\/tr>\n<tr>\n<td class=\"mlb-details-caption\">Condition<\/td>\n<td class=\"mlb-details-value\">Excellent condition<\/td>\n<\/tr>\n<\/tbody>\n<\/table>","protected":false},"featured_media":19108,"template":"","meta":[],"product_brand":[],"product_cat":[1430,87,154,86,85,99],"product_tag":[],"class_list":{"0":"post-19107","1":"product","2":"type-product","3":"status-publish","4":"has-post-thumbnail","6":"product_cat-chanel","7":"product_cat-crossbodytaschen","8":"product_cat-designer","9":"product_cat-kleinetaschen","10":"product_cat-schultertaschen","11":"product_cat-taschen","12":"product_shipping_class-bis5000","14":"first","15":"outofstock","16":"sold-individually","17":"shipping-taxable","18":"purchasable","19":"product-type-simple"},"_links":{"self":[{"href":"https:\/\/baselle.com\/en\/wp-json\/wp\/v2\/product\/19107","targetHints":{"allow":["GET"]}}],"collection":[{"href":"https:\/\/baselle.com\/en\/wp-json\/wp\/v2\/product"}],"about":[{"href":"https:\/\/baselle.com\/en\/wp-json\/wp\/v2\/types\/product"}],"wp:featuredmedia":[{"embeddable":true,"href":"https:\/\/baselle.com\/en\/wp-json\/wp\/v2\/media\/19108"}],"wp:attachment":[{"href":"https:\/\/baselle.com\/en\/wp-json\/wp\/v2\/media?parent=19107"}],"wp:term":[{"taxonomy":"product_brand","embeddable":true,"href":"https:\/\/baselle.com\/en\/wp-json\/wp\/v2\/product_brand?post=19107"},{"taxonomy":"product_cat","embeddable":true,"href":"https:\/\/baselle.com\/en\/wp-json\/wp\/v2\/product_cat?post=19107"},{"taxonomy":"product_tag","embeddable":true,"href":"https:\/\/baselle.com\/en\/wp-json\/wp\/v2\/product_tag?post=19107"}],"curies":[{"name":"wp","href":"https:\/\/api.w.org\/{rel}","templated":true}]}}