{"id":19092,"date":"2023-10-05T18:38:00","date_gmt":"2023-10-05T16:38:00","guid":{"rendered":"https:\/\/baselle.com\/?post_type=product&#038;p=19092"},"modified":"2023-11-17T14:30:54","modified_gmt":"2023-11-17T13:30:54","slug":"louis-vuitton-schulterriemen-monogram-canvas-19092","status":"publish","type":"product","link":"https:\/\/baselle.com\/en\/product\/louis-vuitton-schulterriemen-monogram-canvas-19092\/","title":{"rendered":"Louis Vuitton Shoulder Strap"},"content":{"rendered":"<p>\n<strong>Louis Vuitton Schulterriemen Monogram Canvas Beschreibung<\/strong> <\/p>\n<p>Dieser originale Louis Vuitton Schulterriemen ist aus Monogram Canvas gefertigt und verf\u00fcgt \u00fcber eine Lederinnenseite und goldfarbene Metallbeschl\u00e4ge.\n<\/p>\n<p>\n<strong>Mint condition<\/strong><br \/>\nDieser Louis Vuitton Schulterriemen Monogram Canvas aus zweiter Hand ist in einem neuwertigen Zustand.\n<\/p>\n<p>\n<strong>Dimensions (approx.):<\/strong> 90 * 4 * 0,2 cm\n<\/p>\n<p>\n<strong>Materials:<\/strong> Canvas, calfskin leather\n<\/p>\n<p>The pictures represent the offered shoulder strap. The picture rights are held by MyLovelyBoutique.com. <\/p>\n<p>Follow us on <a href=\"https:\/\/www.instagram.com\/mylovelyboutique.de\/\" rel=\"noopener noreferrer\" target=\"_blank\"><strong>Instagram<\/strong><\/a> and get inspired. <\/p>","protected":false},"excerpt":{"rendered":"<table class=\"mlb-product-details\">\n<tbody>\n<tr>\n<td class=\"mlb-details-caption\">Model<\/td>\n<td class=\"mlb-details-value\">Schulterriemen Monogram Canvas<\/td>\n<\/tr>\n<tr>\n<td class=\"mlb-details-caption\">Colour<\/td>\n<td class=\"mlb-details-value\">Brown, Black<\/td>\n<\/tr>\n<tr>\n<td class=\"mlb-details-caption\">Hardware<\/td>\n<td class=\"mlb-details-value\">Gold<\/td>\n<\/tr>\n<tr>\n<td class=\"mlb-details-caption\">Year<\/td>\n<td class=\"mlb-details-value\">2019<\/td>\n<\/tr>\n<tr>\n<td class=\"mlb-details-caption\">Accessoires<\/td>\n<td class=\"mlb-details-value\">Invoice, box, dustbag<\/td>\n<\/tr>\n<tr>\n<td class=\"mlb-details-caption\">Condition<\/td>\n<td class=\"mlb-details-value\">Mint condition<\/td>\n<\/tr>\n<\/tbody>\n<\/table>","protected":false},"featured_media":19093,"template":"","meta":[],"product_brand":[],"product_cat":[57,154,90,1431,85,99],"product_tag":[],"class_list":{"0":"post-19092","1":"product","2":"type-product","3":"status-publish","4":"has-post-thumbnail","6":"product_cat-accessories","7":"product_cat-designer","8":"product_cat-kleinlederwaren","9":"product_cat-louisvuitton","10":"product_cat-schultertaschen","11":"product_cat-taschen","12":"product_shipping_class-0-500","14":"first","15":"outofstock","16":"sold-individually","17":"shipping-taxable","18":"purchasable","19":"product-type-simple"},"_links":{"self":[{"href":"https:\/\/baselle.com\/en\/wp-json\/wp\/v2\/product\/19092","targetHints":{"allow":["GET"]}}],"collection":[{"href":"https:\/\/baselle.com\/en\/wp-json\/wp\/v2\/product"}],"about":[{"href":"https:\/\/baselle.com\/en\/wp-json\/wp\/v2\/types\/product"}],"wp:featuredmedia":[{"embeddable":true,"href":"https:\/\/baselle.com\/en\/wp-json\/wp\/v2\/media\/19093"}],"wp:attachment":[{"href":"https:\/\/baselle.com\/en\/wp-json\/wp\/v2\/media?parent=19092"}],"wp:term":[{"taxonomy":"product_brand","embeddable":true,"href":"https:\/\/baselle.com\/en\/wp-json\/wp\/v2\/product_brand?post=19092"},{"taxonomy":"product_cat","embeddable":true,"href":"https:\/\/baselle.com\/en\/wp-json\/wp\/v2\/product_cat?post=19092"},{"taxonomy":"product_tag","embeddable":true,"href":"https:\/\/baselle.com\/en\/wp-json\/wp\/v2\/product_tag?post=19092"}],"curies":[{"name":"wp","href":"https:\/\/api.w.org\/{rel}","templated":true}]}}