{"id":19081,"date":"2023-10-05T15:15:15","date_gmt":"2023-10-05T13:15:15","guid":{"rendered":"https:\/\/baselle.com\/?post_type=product&#038;p=19081"},"modified":"2023-11-10T14:26:15","modified_gmt":"2023-11-10T13:26:15","slug":"louis-vuitton-giant-pop-muetze-19081","status":"publish","type":"product","link":"https:\/\/baselle.com\/en\/product\/louis-vuitton-giant-pop-muetze-19081\/","title":{"rendered":"Louis Vuitton Giant Pop M\u00fctze"},"content":{"rendered":"<p><strong>Louis Vuitton Giant Pop M\u00fctze Beschreibung<\/strong><\/p>\n<p>Diese originale Louis Vuitton Giant Pop M\u00fctze besticht vor allem durch ihre XXL Monogram Bl\u00fcten. Mit dieser M\u00fctze h\u00e4ltst Du nicht nur Deinen Kopf warm, sondern tr\u00e4gst ein unverzichtbar wie wundersch\u00f6nes Accessoire an eisigen Wintertagen!<\/p>\n<p><strong>Mint condition<\/strong><br \/>\nDiese Louis Vuitton Giant Pop M\u00fctze aus zweiter Hand ist in einem neuwertigen Zustand.<\/p>\n<p><strong>Dimensions (approx.):<\/strong> Umfang = 56 cm bis 58 cm<\/p>\n<p><strong>Material:<\/strong> 100 % Wolle<\/p>\n<p>Die Bilder stellen die angebotene M\u00fctze dar und sind Eigentum von MyLovelyBoutique.com.<\/p>\n<p>Follow us on <a href=\"https:\/\/www.instagram.com\/mylovelyboutique.de\/\" rel=\"noopener noreferrer\" target=\"_blank\"><strong>Instagram<\/strong><\/a> and get inspired. <\/p>","protected":false},"excerpt":{"rendered":"<table class=\"mlb-product-details\">\n<tbody>\n<tr>\n<td class=\"mlb-details-caption\">Model<\/td>\n<td class=\"mlb-details-value\">Giant Pop Monogram<\/td>\n<\/tr>\n<tr>\n<td class=\"mlb-details-caption\">Colour<\/td>\n<td class=\"mlb-details-value\">Beige, Rot, Schwarz<\/td>\n<\/tr>\n<tr>\n<td class=\"mlb-details-caption\">Hardware<\/td>\n<td class=\"mlb-details-value\">&#8211;<\/td>\n<\/tr>\n<tr>\n<td class=\"mlb-details-caption\">Year<\/td>\n<td class=\"mlb-details-value\">2019<\/td>\n<\/tr>\n<tr>\n<td class=\"mlb-details-caption\">Accessoires<\/td>\n<td class=\"mlb-details-value\">Invoice<\/td>\n<\/tr>\n<tr>\n<td class=\"mlb-details-caption\">Condition<\/td>\n<td class=\"mlb-details-value\">Mint condition<\/td>\n<\/tr>\n<\/tbody>\n<\/table>","protected":false},"featured_media":19082,"template":"","meta":[],"product_brand":[],"product_cat":[57,154,1431,91],"product_tag":[],"class_list":{"0":"post-19081","1":"product","2":"type-product","3":"status-publish","4":"has-post-thumbnail","6":"product_cat-accessories","7":"product_cat-designer","8":"product_cat-louisvuitton","9":"product_cat-muetzen","10":"product_shipping_class-0-500","12":"first","13":"outofstock","14":"sold-individually","15":"shipping-taxable","16":"purchasable","17":"product-type-simple"},"_links":{"self":[{"href":"https:\/\/baselle.com\/en\/wp-json\/wp\/v2\/product\/19081","targetHints":{"allow":["GET"]}}],"collection":[{"href":"https:\/\/baselle.com\/en\/wp-json\/wp\/v2\/product"}],"about":[{"href":"https:\/\/baselle.com\/en\/wp-json\/wp\/v2\/types\/product"}],"wp:featuredmedia":[{"embeddable":true,"href":"https:\/\/baselle.com\/en\/wp-json\/wp\/v2\/media\/19082"}],"wp:attachment":[{"href":"https:\/\/baselle.com\/en\/wp-json\/wp\/v2\/media?parent=19081"}],"wp:term":[{"taxonomy":"product_brand","embeddable":true,"href":"https:\/\/baselle.com\/en\/wp-json\/wp\/v2\/product_brand?post=19081"},{"taxonomy":"product_cat","embeddable":true,"href":"https:\/\/baselle.com\/en\/wp-json\/wp\/v2\/product_cat?post=19081"},{"taxonomy":"product_tag","embeddable":true,"href":"https:\/\/baselle.com\/en\/wp-json\/wp\/v2\/product_tag?post=19081"}],"curies":[{"name":"wp","href":"https:\/\/api.w.org\/{rel}","templated":true}]}}