{"id":19039,"date":"2023-09-28T13:19:55","date_gmt":"2023-09-28T11:19:55","guid":{"rendered":"https:\/\/baselle.com\/?post_type=product&#038;p=19039"},"modified":"2023-12-18T22:01:59","modified_gmt":"2023-12-18T21:01:59","slug":"louis-vuitton-locky-bb-19039","status":"publish","type":"product","link":"https:\/\/baselle.com\/en\/product\/louis-vuitton-locky-bb-19039\/","title":{"rendered":"Louis Vuitton Locky BB"},"content":{"rendered":"<p>\n<strong>Louis Vuitton Locky BB Monogram Canvas Handtasche Beschreibung<\/strong><\/p>\n<p>Diese originale Louis Vuitton Locky BB Monogram Canvas Handtasche ist eine kompakte Lieblingstasche f\u00fcr die moderne Frau. Dieses Modell ist aus Monogram beschichtetem Canvas und schwarzem Rindsleder gefertigt und verf\u00fcgt \u00fcber goldene Hardware Akzente und ein \u00fcbergro\u00dfes LV H\u00e4ngeschloss. <\/p>\n<p>Der Magnetverschluss \u00f6ffnet sich zu einem schwarzen Mikrofaserinnenfutter mit  einem Steckfach. Die Locky BB kann mit dem verstellbaren Lederriemen \u00fcber der Schulter oder Crossbody getragen werden, so dass maximaler Tragekomfort garantiert ist. Eine wundersch\u00f6ne Handtasche, die sowohl zu jeder Jahreszeit sowie zu vielen Anl\u00e4ssen getragen werden kann.\n<\/p>\n<p>\n<strong>Very good condition:<\/strong><br \/>\nDiese Louis Vuitton Locky BB Monogram Canvas Handtasche aus zweiter Hand ist insgesamt in einem sehr guten Zustand. Das Canvas, das Rindsleder sowie die goldfarbene Hardware sind in einem sehr sch\u00f6nen gepflegten Zustand. Das Tascheninnere ist sauber, ohne Ger\u00fcche und weist keine L\u00f6cher\/Risse auf.\n<\/p>\n<p>\n<strong>Style:<\/strong> Shoulder bag, crossbody<br \/>\n<strong>Size:<\/strong> BB<br \/>\n<strong>Dimensions (approx.):<\/strong> Breite 20 cm * H\u00f6he 16 cm * Tiefe 7,5 cm\n<\/p>\n<p>\n<strong>Exterior material:<\/strong> Canvas, Rindsleder<br \/>\n<strong>Interior Material<\/strong> microfibre lining\n<\/p>\n<p>The pictures represent the offered bag. The picture rights are held by MyLovelyBoutique.com. <\/p>\n<p>Follow us on <a href=\"https:\/\/www.instagram.com\/mylovelyboutique.de\/\" rel=\"noopener noreferrer\" target=\"_blank\"><span style=\"color: #96588a;\">Instagram<\/span><\/a> and get inspired. <\/p>","protected":false},"excerpt":{"rendered":"<table class=\"mlb-product-details\">\n<tbody>\n<tr>\n<td class=\"mlb-details-caption\">Model<\/td>\n<td class=\"mlb-details-value\">Locky BB Monogram Canvas<\/td>\n<\/tr>\n<tr>\n<td class=\"mlb-details-caption\">Colour<\/td>\n<td class=\"mlb-details-value\">Brown, Black<\/td>\n<\/tr>\n<tr>\n<td class=\"mlb-details-caption\">Hardware<\/td>\n<td class=\"mlb-details-value\">Gold<\/td>\n<\/tr>\n<tr>\n<td class=\"mlb-details-caption\">Year<\/td>\n<td class=\"mlb-details-value\">2019<\/td>\n<\/tr>\n<tr>\n<td class=\"mlb-details-caption\">Accessoires<\/td>\n<td class=\"mlb-details-value\">Invoice, box, dustbag<\/td>\n<\/tr>\n<tr>\n<td class=\"mlb-details-caption\">Condition<\/td>\n<td class=\"mlb-details-value\">Very good condition<\/td>\n<\/tr>\n<\/tbody>\n<\/table>","protected":false},"featured_media":19046,"template":"","meta":[],"product_brand":[],"product_cat":[87,154,68,86,1431,85,99],"product_tag":[],"class_list":{"0":"post-19039","1":"product","2":"type-product","3":"status-publish","4":"has-post-thumbnail","6":"product_cat-crossbodytaschen","7":"product_cat-designer","8":"product_cat-handtaschen","9":"product_cat-kleinetaschen","10":"product_cat-louisvuitton","11":"product_cat-schultertaschen","12":"product_cat-taschen","13":"product_shipping_class-bis2500","15":"first","16":"outofstock","17":"sold-individually","18":"shipping-taxable","19":"purchasable","20":"product-type-simple"},"_links":{"self":[{"href":"https:\/\/baselle.com\/en\/wp-json\/wp\/v2\/product\/19039","targetHints":{"allow":["GET"]}}],"collection":[{"href":"https:\/\/baselle.com\/en\/wp-json\/wp\/v2\/product"}],"about":[{"href":"https:\/\/baselle.com\/en\/wp-json\/wp\/v2\/types\/product"}],"wp:featuredmedia":[{"embeddable":true,"href":"https:\/\/baselle.com\/en\/wp-json\/wp\/v2\/media\/19046"}],"wp:attachment":[{"href":"https:\/\/baselle.com\/en\/wp-json\/wp\/v2\/media?parent=19039"}],"wp:term":[{"taxonomy":"product_brand","embeddable":true,"href":"https:\/\/baselle.com\/en\/wp-json\/wp\/v2\/product_brand?post=19039"},{"taxonomy":"product_cat","embeddable":true,"href":"https:\/\/baselle.com\/en\/wp-json\/wp\/v2\/product_cat?post=19039"},{"taxonomy":"product_tag","embeddable":true,"href":"https:\/\/baselle.com\/en\/wp-json\/wp\/v2\/product_tag?post=19039"}],"curies":[{"name":"wp","href":"https:\/\/api.w.org\/{rel}","templated":true}]}}