{"id":18270,"date":"2023-08-30T10:01:01","date_gmt":"2023-08-30T08:01:01","guid":{"rendered":"https:\/\/baselle.com\/?post_type=product&#038;p=18270"},"modified":"2024-08-05T15:54:06","modified_gmt":"2024-08-05T13:54:06","slug":"louis-vuitton-onthego-mm-rosa-18270","status":"publish","type":"product","link":"https:\/\/baselle.com\/en\/product\/louis-vuitton-onthego-mm-rosa-18270\/","title":{"rendered":"Louis Vuitton Onthego MM"},"content":{"rendered":"<p>\n<strong>Louis Vuitton Onthego MM by the Pool Rose D\u00e9grad\u00e9 Handtasche Beschreibung<\/strong><\/p>\n<p>Diese originale Louis Vuitton Onthego MM by the Pool Rose Degrade Handtasche ist ein stilvolles Modell f\u00fcr die viel besch\u00e4ftigte Frau. Durch ihre ger\u00e4umige Gr\u00f6\u00dfe ist sie die perfekte Begleitung f\u00fcr ausgewogene Shopping Tage sowie f\u00fcrs B\u00fcro. Sie besticht durch das Zusammenspiel ihrer Farben und verf\u00fcgt \u00fcber goldfarbene Hardware-Akzente, doppelt gerollte Griffe sowie zwei Schulterriemen. <\/p>\n<p>The lobster clasp opens to a bright interior with a zippered compartment and two slip pockets for storing everyday items.\n<\/p>\n<p>\n<strong>Mint condition<\/strong><br \/>\nDiese Louis Vuitton Onthego MM by the Pool Rose D\u00e9grad\u00e9 Handtasche aus zweiter Hand ist in einem neuwertigen Zustand.\n<\/p>\n<p>\n<strong>Style:<\/strong> shoulder bag, handbag<br \/>\n<strong>Size:<\/strong> MM<br \/>\n<strong>Dimensions (approx.):<\/strong> width 34 cm * height 26 cm * depth 13 cm\n<\/p>\n<p>\n<strong>Exterior material:<\/strong> Grained cowhide leather<br \/>\n<strong>Interior Material<\/strong> microfibre lining\n<\/p>\n<p>The pictures represent the offered bag. The picture rights are held by MyLovelyBoutique.com.<\/p>\n<p>Follow us on <a href=\"https:\/\/www.instagram.com\/mylovelyboutique.de\/\" rel=\"noopener noreferrer\" target=\"_blank\"><span style=\"color: #96588a;\">Instagram<\/span><\/a> and get inspired. <\/p>","protected":false},"excerpt":{"rendered":"<table class=\"mlb-product-details\">\n<tbody>\n<tr>\n<td class=\"mlb-details-caption\">Model<\/td>\n<td class=\"mlb-details-value\">Onthego MM<\/td>\n<\/tr>\n<tr>\n<td class=\"mlb-details-caption\">Colour<\/td>\n<td class=\"mlb-details-value\">Rose D\u00e9grad\u00e9<\/td>\n<\/tr>\n<tr>\n<td class=\"mlb-details-caption\">Hardware<\/td>\n<td class=\"mlb-details-value\">Gold<\/td>\n<\/tr>\n<tr>\n<td class=\"mlb-details-caption\">Year<\/td>\n<td class=\"mlb-details-value\">2023<\/td>\n<\/tr>\n<tr>\n<td class=\"mlb-details-caption\">Accessoires<\/td>\n<td class=\"mlb-details-value\">Invoice, box, dustbag<\/td>\n<\/tr>\n<tr>\n<td class=\"mlb-details-caption\">Condition<\/td>\n<td class=\"mlb-details-value\">Mint condition<\/td>\n<\/tr>\n<\/tbody>\n<\/table>","protected":false},"featured_media":18273,"template":"","meta":[],"product_brand":[],"product_cat":[154,68,1431,85,99],"product_tag":[],"class_list":{"0":"post-18270","1":"product","2":"type-product","3":"status-publish","4":"has-post-thumbnail","6":"product_cat-designer","7":"product_cat-handtaschen","8":"product_cat-louisvuitton","9":"product_cat-schultertaschen","10":"product_cat-taschen","11":"product_shipping_class-bis5000","13":"first","14":"outofstock","15":"sold-individually","16":"shipping-taxable","17":"purchasable","18":"product-type-simple"},"_links":{"self":[{"href":"https:\/\/baselle.com\/en\/wp-json\/wp\/v2\/product\/18270","targetHints":{"allow":["GET"]}}],"collection":[{"href":"https:\/\/baselle.com\/en\/wp-json\/wp\/v2\/product"}],"about":[{"href":"https:\/\/baselle.com\/en\/wp-json\/wp\/v2\/types\/product"}],"wp:featuredmedia":[{"embeddable":true,"href":"https:\/\/baselle.com\/en\/wp-json\/wp\/v2\/media\/18273"}],"wp:attachment":[{"href":"https:\/\/baselle.com\/en\/wp-json\/wp\/v2\/media?parent=18270"}],"wp:term":[{"taxonomy":"product_brand","embeddable":true,"href":"https:\/\/baselle.com\/en\/wp-json\/wp\/v2\/product_brand?post=18270"},{"taxonomy":"product_cat","embeddable":true,"href":"https:\/\/baselle.com\/en\/wp-json\/wp\/v2\/product_cat?post=18270"},{"taxonomy":"product_tag","embeddable":true,"href":"https:\/\/baselle.com\/en\/wp-json\/wp\/v2\/product_tag?post=18270"}],"curies":[{"name":"wp","href":"https:\/\/api.w.org\/{rel}","templated":true}]}}