{"id":18187,"date":"2023-08-25T21:05:37","date_gmt":"2023-08-25T19:05:37","guid":{"rendered":"https:\/\/baselle.com\/?post_type=product&#038;p=18187"},"modified":"2024-09-14T23:19:56","modified_gmt":"2024-09-14T21:19:56","slug":"louis-vuitton-boite-chapeau-souple-mm-18187","status":"publish","type":"product","link":"https:\/\/baselle.com\/en\/product\/louis-vuitton-boite-chapeau-souple-mm-18187\/","title":{"rendered":"Louis Vuitton Boite Chapeau Souple MM"},"content":{"rendered":"<p>\n<strong>Louis Vuitton Boite Chapeau Souple MM Monogram Canvas Handtasche Beschreibung<\/strong><\/p>\n<p>Diese originale Louis Vuitton Boite Chapeau Souple MM Monogram Canvas Handtasche ist die Neuinterpretation im Design der ikonischen Hutschachtel. Sie verf\u00fcgt \u00fcber eine runde Silhouette, goldfarbene Beschl\u00e4ge und einen dekorativen Adressanh\u00e4nger. <\/p>\n<p>Der Doppel-Rei\u00dfverschluss \u00f6ffnet sich zu einem Innenfutter aus weichem Mikrofaser mit einem kleinen Steckfach. Die Boite Chapeau Souple MM kann durch den abnehmbaren, flexibel verstellbaren Schulterriemen bequem \u00fcber der Schulter sowie diagonal am K\u00f6rper getragen werden. Ob f\u00fcr untertags oder als elegantes Abend-Accessoire, dieses klassische Modell eignet sich f\u00fcr zahlreiche Anl\u00e4sse.\n<\/p>\n<p>\n<strong>Excellent condition<\/strong><br \/>\nDiese Louis Vuitton Boite Chapeau Souple MM Monogram Canvas Handtasche aus zweiter Hand ist insgesamt in einem hervorragenden Zustand. Das beschichtete Monogram Canvas, die Rindslederbes\u00e4tze sowie die goldfarbene Hardware sind in einem einwandfreien Zustand. Das Tascheninnere ist sauber, ohne Ger\u00fcche und weist keine L\u00f6cher\/Risse auf.\n<\/p>\n<p>\n<strong>Style:<\/strong> Shoulder bag, clutch, crossbody<br \/>\n<strong>Size:<\/strong> MM<br \/>\n<strong>Dimensions (approx.):<\/strong> Breite 20 cm * H\u00f6he 22,5 cm * Tiefe 8 cm\n<\/p>\n<p>\n<strong>Exterior material:<\/strong> Canvas, patiniertes naturbelassenes Rindsleder<br \/>\n<strong>Interior Material<\/strong> microfibre lining\n<\/p>\n<p>The pictures represent the offered bag. The picture rights are held by MyLovelyBoutique.com. <\/p>\n<p>Follow us on <a href=\"https:\/\/www.instagram.com\/mylovelyboutique.de\/\" rel=\"noopener noreferrer\" target=\"_blank\"><span style=\"color: #96588a;\">Instagram<\/span><\/a> and get inspired. <\/p>","protected":false},"excerpt":{"rendered":"<table class=\"mlb-product-details\">\n<tbody>\n<tr>\n<td class=\"mlb-details-caption\">Model<\/td>\n<td class=\"mlb-details-value\">Boite Chapeau Souple MM<\/td>\n<\/tr>\n<tr>\n<td class=\"mlb-details-caption\">Colour<\/td>\n<td class=\"mlb-details-value\">Brown<\/td>\n<\/tr>\n<tr>\n<td class=\"mlb-details-caption\">Hardware<\/td>\n<td class=\"mlb-details-value\">Gold<\/td>\n<\/tr>\n<tr>\n<td class=\"mlb-details-caption\">Year<\/td>\n<td class=\"mlb-details-value\">2019<\/td>\n<\/tr>\n<tr>\n<td class=\"mlb-details-caption\">Accessoires<\/td>\n<td class=\"mlb-details-value\">Rechnung, Box, Staubbeutel, Adressanh\u00e4nger, abnehmbarer Schulterriemen, Schloss + Schl\u00fcssel in kleinem Staubbeutel, LV B\u00fcchlein<\/td>\n<\/tr>\n<tr>\n<td class=\"mlb-details-caption\">Condition<\/td>\n<td class=\"mlb-details-value\">Excellent condition<\/td>\n<\/tr>\n<\/tbody>\n<\/table>","protected":false},"featured_media":18223,"template":"","meta":[],"product_brand":[],"product_cat":[87,154,1431,85,99],"product_tag":[],"class_list":{"0":"post-18187","1":"product","2":"type-product","3":"status-publish","4":"has-post-thumbnail","6":"product_cat-crossbodytaschen","7":"product_cat-designer","8":"product_cat-louisvuitton","9":"product_cat-schultertaschen","10":"product_cat-taschen","11":"product_shipping_class-bis2500","13":"first","14":"outofstock","15":"sold-individually","16":"shipping-taxable","17":"purchasable","18":"product-type-simple"},"_links":{"self":[{"href":"https:\/\/baselle.com\/en\/wp-json\/wp\/v2\/product\/18187","targetHints":{"allow":["GET"]}}],"collection":[{"href":"https:\/\/baselle.com\/en\/wp-json\/wp\/v2\/product"}],"about":[{"href":"https:\/\/baselle.com\/en\/wp-json\/wp\/v2\/types\/product"}],"wp:featuredmedia":[{"embeddable":true,"href":"https:\/\/baselle.com\/en\/wp-json\/wp\/v2\/media\/18223"}],"wp:attachment":[{"href":"https:\/\/baselle.com\/en\/wp-json\/wp\/v2\/media?parent=18187"}],"wp:term":[{"taxonomy":"product_brand","embeddable":true,"href":"https:\/\/baselle.com\/en\/wp-json\/wp\/v2\/product_brand?post=18187"},{"taxonomy":"product_cat","embeddable":true,"href":"https:\/\/baselle.com\/en\/wp-json\/wp\/v2\/product_cat?post=18187"},{"taxonomy":"product_tag","embeddable":true,"href":"https:\/\/baselle.com\/en\/wp-json\/wp\/v2\/product_tag?post=18187"}],"curies":[{"name":"wp","href":"https:\/\/api.w.org\/{rel}","templated":true}]}}