{"id":18143,"date":"2023-08-15T23:29:57","date_gmt":"2023-08-15T21:29:57","guid":{"rendered":"https:\/\/baselle.com\/?post_type=product&#038;p=18143"},"modified":"2023-08-30T10:03:03","modified_gmt":"2023-08-30T08:03:03","slug":"louis-vuitton-pochette-metis-monogram-canvas-18143","status":"publish","type":"product","link":"https:\/\/baselle.com\/en\/product\/louis-vuitton-pochette-metis-monogram-canvas-18143\/","title":{"rendered":"Louis Vuitton Pochette M\u00e9tis"},"content":{"rendered":"<p>\n<strong>Louis Vuitton Pochette M\u00e9tis Monogram Canvas Handtasche Beschreibung<\/strong><\/p>\n<p>Diese originale Louis Vuitton Pochette M\u00e9tis Monogram Canvas Handtasche ist eine schicke Lieblingstasche f\u00fcr die moderne Frau. Sie ist aus Monogram beschichtetem Canvas und naturbelassenem Rindsleder gefertigt und verf\u00fcgt \u00fcber eine eckige Silhouette sowie goldfarbene Hardware-Akzente. Der weiche Ledergriff sowie der abnehmbare Schultergurt garantieren maximalen Tragekomfort im Alltag.<\/p>\n<p>Die Klappe mit dem S-Verschluss \u00f6ffnet sich zu einem braunen Mikrofaserinnenfutter, welches sich in drei F\u00e4cher aufteilt. Auf dem Taschenr\u00fccken befindet sich ein weiteres Rei\u00dfverschlussfach, das sich f\u00fcr die Aufbewahrung Deiner wichtigsten Dinge eignet. Die Pochette M\u00e8tis ist mit gutem Grund eine Lieblingstasche, die sich dank einer Vielzahl von F\u00e4chern optimal f\u00fcr den t\u00e4glichen Gebrauch eignet.\n<\/p>\n<p>\n<strong>Very good condition:<\/strong><br \/>\nDiese Louis Vuitton Pochette M\u00e9tis Monogram Canvas Handtasche ist insgesamt in einem sehr guten Zustand. Das beschichtete Monogram Canvas ist in einem einwandfreien Zustand. Die naturbelassenen Rindslederbes\u00e4tze sind etwas nachgedunkelt und haben eine Patina gebildet. Das Tascheninnere ist sauber, ohne Ger\u00fcche und weist keine L\u00f6cher\/Risse auf.\n<\/p>\n<p>\n<strong>Style:<\/strong> Shoulder bag, handbag, crossbody<br \/>\n<strong>Size:<\/strong> NM<br \/>\n<strong>Dimensions (approx.):<\/strong> Breite 25 cm * H\u00f6he 19 cm * Tiefe 7 cm\n<\/p>\n<p>\n<strong>Exterior material:<\/strong> Coatet canvas<br \/>\n<strong>Interior Material<\/strong> microfibre lining\n<\/p>\n<p>The pictures represent the offered bag. The picture rights are held by MyLovelyBoutique.com. <\/p>\n<p>Follow us on <a href=\"https:\/\/www.instagram.com\/mylovelyboutique.de\/\" rel=\"noopener noreferrer\" target=\"_blank\"><span style=\"color: #96588a;\">Instagram<\/span><\/a> and get inspired. <\/p>","protected":false},"excerpt":{"rendered":"<table class=\"mlb-product-details\">\n<tbody>\n<tr>\n<td class=\"mlb-details-caption\">Model<\/td>\n<td class=\"mlb-details-value\">Pochette M\u00e9tis Monogram Canvas<\/td>\n<\/tr>\n<tr>\n<td class=\"mlb-details-caption\">Colour<\/td>\n<td class=\"mlb-details-value\">Brown<\/td>\n<\/tr>\n<tr>\n<td class=\"mlb-details-caption\">Hardware<\/td>\n<td class=\"mlb-details-value\">Gold<\/td>\n<\/tr>\n<tr>\n<td class=\"mlb-details-caption\">Year<\/td>\n<td class=\"mlb-details-value\">2020<\/td>\n<\/tr>\n<tr>\n<td class=\"mlb-details-caption\">Accessoires<\/td>\n<td class=\"mlb-details-value\">LV-Rechnung, Box, Staubbeutel, abnehmbarer Schultterriemen<\/td>\n<\/tr>\n<tr>\n<td class=\"mlb-details-caption\">Condition<\/td>\n<td class=\"mlb-details-value\">Very good condition<\/td>\n<\/tr>\n<\/tbody>\n<\/table>","protected":false},"featured_media":18152,"template":"","meta":[],"product_brand":[],"product_cat":[87,154,68,1431,85,99],"product_tag":[],"class_list":{"0":"post-18143","1":"product","2":"type-product","3":"status-publish","4":"has-post-thumbnail","6":"product_cat-crossbodytaschen","7":"product_cat-designer","8":"product_cat-handtaschen","9":"product_cat-louisvuitton","10":"product_cat-schultertaschen","11":"product_cat-taschen","12":"product_shipping_class-bis2500","14":"first","15":"outofstock","16":"sold-individually","17":"shipping-taxable","18":"purchasable","19":"product-type-simple"},"_links":{"self":[{"href":"https:\/\/baselle.com\/en\/wp-json\/wp\/v2\/product\/18143","targetHints":{"allow":["GET"]}}],"collection":[{"href":"https:\/\/baselle.com\/en\/wp-json\/wp\/v2\/product"}],"about":[{"href":"https:\/\/baselle.com\/en\/wp-json\/wp\/v2\/types\/product"}],"wp:featuredmedia":[{"embeddable":true,"href":"https:\/\/baselle.com\/en\/wp-json\/wp\/v2\/media\/18152"}],"wp:attachment":[{"href":"https:\/\/baselle.com\/en\/wp-json\/wp\/v2\/media?parent=18143"}],"wp:term":[{"taxonomy":"product_brand","embeddable":true,"href":"https:\/\/baselle.com\/en\/wp-json\/wp\/v2\/product_brand?post=18143"},{"taxonomy":"product_cat","embeddable":true,"href":"https:\/\/baselle.com\/en\/wp-json\/wp\/v2\/product_cat?post=18143"},{"taxonomy":"product_tag","embeddable":true,"href":"https:\/\/baselle.com\/en\/wp-json\/wp\/v2\/product_tag?post=18143"}],"curies":[{"name":"wp","href":"https:\/\/api.w.org\/{rel}","templated":true}]}}