{"id":18128,"date":"2023-08-08T10:27:12","date_gmt":"2023-08-08T08:27:12","guid":{"rendered":"https:\/\/baselle.com\/?post_type=product&#038;p=18128"},"modified":"2024-08-14T12:05:52","modified_gmt":"2024-08-14T10:05:52","slug":"chanel-trendy-woc-wallet-on-chain-18128","status":"publish","type":"product","link":"https:\/\/baselle.com\/en\/product\/chanel-trendy-woc-wallet-on-chain-18128\/","title":{"rendered":"CHANEL Trendy WOC"},"content":{"rendered":"<p>\n<strong>CHANEL Trendy Wallet On Chain Handtasche Beschreibung<\/strong><\/p>\n<p>Diese originale CHANEL Trendy Wallet On Chain Handtasche ist eine limitierte Rarit\u00e4t aus der Fr\u00fchjahr- Sommerkollektion 2023. Die Platte mit CHANEL Signatur in Hellgold und Rosa sowie die passende Turnlock-Schlie\u00dfe setzen bei diesem Modell ein besonderes Highlight. Die kleine Handtasche ist aus Lammleder gefertigt und verf\u00fcgt \u00fcber gewebte Kettenriemen, ein CC-Turnlock-Verschluss sowie hellgoldene Hardware-Akzente.<\/p>\n<p>Die CHANEL Trendy WOC kann kurz oder lang \u00fcber der Schulter sowie diagonal am K\u00f6rper getragen werden. Die Klappe \u00f6ffnet sich zu einem aus Ton in Ton farbenen Textil gef\u00fctterten Tascheninneren mit zwei Steckf\u00e4chern, einem Rei\u00dfverschlussfach sowie 6 Kartenf\u00e4cher.\n<\/p>\n<p>\n<strong>Mint condition<\/strong><br \/>\nDiese CHANEL Trendy Wallet On Chain Handtasche ist in einem neuwertigen Zustand.\n<\/p>\n<p>\n<strong>Style:<\/strong> Shoulder bag, clutch, crossbody<br \/>\n<strong>Size:<\/strong> Small<br \/>\n<strong>Dimensions (approx.):<\/strong> width 19 cm * height 12 cm * depth 4,5 cm<br \/>\n<strong>Tr\u00e4gerl\u00e4nge (von \u00d6se zu \u00d6se gemessen &#8211; ca.):<\/strong> einfach = 112 cm\n<\/p>\n<p>\n<strong>Exterior material:<\/strong> Lambskin leather<br \/>\n<strong>Interior Material<\/strong> fabric lining\n<\/p>\n<p>The pictures represent the offered bag. The picture rights are held by MyLovelyBoutique.com. <\/p>\n<p>Follow us on <a href=\"https:\/\/www.instagram.com\/mylovelyboutique.de\/\" rel=\"noopener noreferrer\" target=\"_blank\"><span style=\"color: #96588a;\">Instagram<\/span><\/a> and get inspired. <\/p>","protected":false},"excerpt":{"rendered":"<table class=\"mlb-product-details\">\n<tbody>\n<tr>\n<td class=\"mlb-details-caption\">Model<\/td>\n<td class=\"mlb-details-value\">Trendy Wallet On Chain<\/td>\n<\/tr>\n<tr>\n<td class=\"mlb-details-caption\">Colour<\/td>\n<td class=\"mlb-details-value\">Pink<\/td>\n<\/tr>\n<tr>\n<td class=\"mlb-details-caption\">Hardware<\/td>\n<td class=\"mlb-details-value\">Light gold<\/td>\n<\/tr>\n<tr>\n<td class=\"mlb-details-caption\">Year<\/td>\n<td class=\"mlb-details-value\">2023<\/td>\n<\/tr>\n<tr>\n<td class=\"mlb-details-caption\">Accessoires<\/td>\n<td class=\"mlb-details-value\">Rechnung, Box, Staubbeutel, Microchip<\/td>\n<\/tr>\n<tr>\n<td class=\"mlb-details-caption\">Condition<\/td>\n<td class=\"mlb-details-value\">Mint condition<\/td>\n<\/tr>\n<\/tbody>\n<\/table>","protected":false},"featured_media":21686,"template":"","meta":[],"product_brand":[],"product_cat":[1430,87,154,86,85,99],"product_tag":[],"class_list":{"0":"post-18128","1":"product","2":"type-product","3":"status-publish","4":"has-post-thumbnail","6":"product_cat-chanel","7":"product_cat-crossbodytaschen","8":"product_cat-designer","9":"product_cat-kleinetaschen","10":"product_cat-schultertaschen","11":"product_cat-taschen","12":"product_shipping_class-bis5000","14":"first","15":"instock","16":"sold-individually","17":"shipping-taxable","18":"purchasable","19":"product-type-simple"},"_links":{"self":[{"href":"https:\/\/baselle.com\/en\/wp-json\/wp\/v2\/product\/18128","targetHints":{"allow":["GET"]}}],"collection":[{"href":"https:\/\/baselle.com\/en\/wp-json\/wp\/v2\/product"}],"about":[{"href":"https:\/\/baselle.com\/en\/wp-json\/wp\/v2\/types\/product"}],"wp:featuredmedia":[{"embeddable":true,"href":"https:\/\/baselle.com\/en\/wp-json\/wp\/v2\/media\/21686"}],"wp:attachment":[{"href":"https:\/\/baselle.com\/en\/wp-json\/wp\/v2\/media?parent=18128"}],"wp:term":[{"taxonomy":"product_brand","embeddable":true,"href":"https:\/\/baselle.com\/en\/wp-json\/wp\/v2\/product_brand?post=18128"},{"taxonomy":"product_cat","embeddable":true,"href":"https:\/\/baselle.com\/en\/wp-json\/wp\/v2\/product_cat?post=18128"},{"taxonomy":"product_tag","embeddable":true,"href":"https:\/\/baselle.com\/en\/wp-json\/wp\/v2\/product_tag?post=18128"}],"curies":[{"name":"wp","href":"https:\/\/api.w.org\/{rel}","templated":true}]}}