{"id":18106,"date":"2023-08-06T14:15:43","date_gmt":"2023-08-06T12:15:43","guid":{"rendered":"https:\/\/baselle.com\/?post_type=product&#038;p=18106"},"modified":"2024-08-13T23:10:15","modified_gmt":"2024-08-13T21:10:15","slug":"louis-vuitton-onthego-pm-spring-in-the-city-sunrise-pastel-18106","status":"publish","type":"product","link":"https:\/\/baselle.com\/en\/product\/louis-vuitton-onthego-pm-spring-in-the-city-sunrise-pastel-18106\/","title":{"rendered":"Louis Vuitton Onthego PM"},"content":{"rendered":"<p>\n<strong>Louis Vuitton Onthego PM Spring in the City Sunrise Pastel Handtasche Beschreibung<\/strong><\/p>\n<p>Diese originale Louis Vuitton Onthego PM Spring in the City Sunrise Pastel Handtasche ist eine limitierte Rarit\u00e4t aus der Louis Vuitton Fr\u00fchjahrskollektion. Durch ihr leichtes Gewicht ist sie die perfekte Begleitung f\u00fcr ausgewogene Shopping Tage sowie f\u00fcrs B\u00fcro. Sie besticht durch das Zusammenspiel ihrer Farben und verf\u00fcgt \u00fcber goldfarbene Hardware-Akzente, doppelt gerollte Griffe sowie einen abnehmaren, flexibel verstellbaren Schulterriemen und kleiner Coin-Purse. <\/p>\n<p>Der Karabinerverschluss \u00f6ffnet sich zu einem Ton in Ton farbenen Innenraum mit einem Rei\u00dfverschlussfach und zwei Steckf\u00e4chern f\u00fcr die Aufbewahrung von Dingen des t\u00e4glichen Bedarfs.\n<\/p>\n<p>\n<strong>Mint condition<\/strong><br \/>\nDiese Louis Vuitton Onthego PM Spring in the City Sunrise Pastel Handtasche aus zweiter Hand ist in einem neuwertigen Zustand. Dementsprechend sind das Canvas, die goldenen Beschl\u00e4ge, das Innenfutter sowie der Schultergurt in einem einwandfreien Zustand.\n<\/p>\n<p>\n<strong>Style:<\/strong> Schulter-, Handtasche, Crossbody<br \/>\n<strong>Size:<\/strong> PM<br \/>\n<strong>Dimensions (approx.):<\/strong> Breite 25 cm * H\u00f6he 19 cm * Tiefe 11,5 cm\n<\/p>\n<p>\n<strong>Exterior material:<\/strong> Monogram beschichtetes Canvas<br \/>\n<strong>Interior Material<\/strong> fabric lining\n<\/p>\n<p>The pictures represent the offered bag. The picture rights are held by MyLovelyBoutique.com.<\/p>\n<p>Follow us on <a href=\"https:\/\/www.instagram.com\/mylovelyboutique.de\/\" rel=\"noopener noreferrer\" target=\"_blank\"><span style=\"color: #96588a;\">Instagram<\/span><\/a> and get inspired. <\/p>","protected":false},"excerpt":{"rendered":"<table class=\"mlb-product-details\">\n<tbody>\n<tr>\n<td class=\"mlb-details-caption\">Model<\/td>\n<td class=\"mlb-details-value\">Onthego PM Spring in the City<\/td>\n<\/tr>\n<tr>\n<td class=\"mlb-details-caption\">Colour<\/td>\n<td class=\"mlb-details-value\">Sunrise Pastel<\/td>\n<\/tr>\n<tr>\n<td class=\"mlb-details-caption\">Hardware<\/td>\n<td class=\"mlb-details-value\">Gold<\/td>\n<\/tr>\n<tr>\n<td class=\"mlb-details-caption\">Year<\/td>\n<td class=\"mlb-details-value\">2022<\/td>\n<\/tr>\n<tr>\n<td class=\"mlb-details-caption\">Accessoires<\/td>\n<td class=\"mlb-details-value\">Rechnung, Box, Staubbeutel, Schulterriemen, Coin Purse<\/td>\n<\/tr>\n<tr>\n<td class=\"mlb-details-caption\">Condition<\/td>\n<td class=\"mlb-details-value\">Mint condition<\/td>\n<\/tr>\n<\/tbody>\n<\/table>","protected":false},"featured_media":18108,"template":"","meta":[],"product_brand":[],"product_cat":[87,154,1431,85,99],"product_tag":[],"class_list":{"0":"post-18106","1":"product","2":"type-product","3":"status-publish","4":"has-post-thumbnail","6":"product_cat-crossbodytaschen","7":"product_cat-designer","8":"product_cat-louisvuitton","9":"product_cat-schultertaschen","10":"product_cat-taschen","11":"product_shipping_class-bis5000","13":"first","14":"outofstock","15":"sold-individually","16":"shipping-taxable","17":"purchasable","18":"product-type-simple"},"_links":{"self":[{"href":"https:\/\/baselle.com\/en\/wp-json\/wp\/v2\/product\/18106","targetHints":{"allow":["GET"]}}],"collection":[{"href":"https:\/\/baselle.com\/en\/wp-json\/wp\/v2\/product"}],"about":[{"href":"https:\/\/baselle.com\/en\/wp-json\/wp\/v2\/types\/product"}],"wp:featuredmedia":[{"embeddable":true,"href":"https:\/\/baselle.com\/en\/wp-json\/wp\/v2\/media\/18108"}],"wp:attachment":[{"href":"https:\/\/baselle.com\/en\/wp-json\/wp\/v2\/media?parent=18106"}],"wp:term":[{"taxonomy":"product_brand","embeddable":true,"href":"https:\/\/baselle.com\/en\/wp-json\/wp\/v2\/product_brand?post=18106"},{"taxonomy":"product_cat","embeddable":true,"href":"https:\/\/baselle.com\/en\/wp-json\/wp\/v2\/product_cat?post=18106"},{"taxonomy":"product_tag","embeddable":true,"href":"https:\/\/baselle.com\/en\/wp-json\/wp\/v2\/product_tag?post=18106"}],"curies":[{"name":"wp","href":"https:\/\/api.w.org\/{rel}","templated":true}]}}