{"id":18048,"date":"2023-07-13T13:11:39","date_gmt":"2023-07-13T11:11:39","guid":{"rendered":"https:\/\/baselle.com\/?post_type=product&#038;p=18048"},"modified":"2023-08-18T18:00:36","modified_gmt":"2023-08-18T16:00:36","slug":"chanel-carry-chic-flap-bag-18048","status":"publish","type":"product","link":"https:\/\/baselle.com\/en\/product\/chanel-carry-chic-flap-bag-18048\/","title":{"rendered":"Chanel Carry Chic Flap Bag"},"content":{"rendered":"<p>\n<strong>CHANEL Carry Chic Top Handle Flap Bag Handtasche Beschreibung<\/strong><\/p>\n<p>Diese originale CHANEL Carry Chic Top Handle Flap Bag Handtasche ist ein elegantes Lieblingsst\u00fcck f\u00fcr den t\u00e4glichen Gebrauch. Durch die schlichte Form und dem kompakten Interieur ist dieses raffinierte Modell ein praktischer und stylischer Alltagsbegleiter. Der hellgoldene Griff mit CHANEL-Signatur setzt bei diesem Modell ein ganz besonderes Highlight. Die Carry Chic Flap Bag ist aus gestepptem Lammleder gefertigt und verf\u00fcgt \u00fcber gewebte Kettenriemen, einem CC-Turnlock sowie hellgoldene Hardware Akzente.<\/p>\n<p>Die CHANEL Charry Chic Bag kann als Schultertasche, diagonal am K\u00f6rper oder an der Hand getragen werden. F\u00fcr maximalen Tragekomfort geht im Schulterbereich der abnehmbare Kettenriemen in weiches Leder \u00fcber. Die Klappe \u00f6ffnet sich zu einem mit Leder gef\u00fctterten Tascheninneren mit einem Rei\u00dfverschlussfach. Am Taschenr\u00fccken befindet sich ein weiteres aufgesetztes Steckfach.\n<\/p>\n<p>\n<strong>Excellent condition<\/strong><br \/>\nDiese CHANEL Carry Chic Top Handle Flap Bag Handtasche aus zweiter Hand ist insgesamt in einem hervorragenden Zustand. Das gesteppte Lammleder sowie die goldfarbene Hardware sind in einem sehr gepflegten Zustand. Auch das Tascheninnere ist sauber, ohne Ger\u00fcche und weist keine L\u00f6cher\/Risse auf.\n<\/p>\n<p>\n<strong>Style:<\/strong> Shoulder bag, handbag, crossbody<br \/>\n<strong>Size:<\/strong> Medium<br \/>\n<strong>Dimensions (approx.):<\/strong> Breite 24 cm * H\u00f6he 15 cm * Tiefe 7 cm<br \/>\n<strong>Shoulder strap (approx.):<\/strong> 90 cm\n<\/p>\n<p>\n<strong>Exterior material:<\/strong> Lambskin leather<br \/>\n<strong>Interior Material<\/strong> Leather lining\n<\/p>\n<p>The pictures represent the offered bag. The picture rights are held by MyLovelyBoutique.com. <\/p>\n<p>Follow us on <a href=\"https:\/\/www.instagram.com\/mylovelyboutique.de\/\" rel=\"noopener noreferrer\" target=\"_blank\"><span style=\"color: #96588a;\">Instagram<\/span><\/a> and get inspired. <\/p>","protected":false},"excerpt":{"rendered":"<table class=\"mlb-product-details\">\n<tbody>\n<tr>\n<td class=\"mlb-details-caption\">Model<\/td>\n<td class=\"mlb-details-value\">Carry Chic Flap Bag<\/td>\n<\/tr>\n<tr>\n<td class=\"mlb-details-caption\">Colour<\/td>\n<td class=\"mlb-details-value\">Marine\/Dark Blue<\/td>\n<\/tr>\n<tr>\n<td class=\"mlb-details-caption\">Hardware<\/td>\n<td class=\"mlb-details-value\">Light gold<\/td>\n<\/tr>\n<tr>\n<td class=\"mlb-details-caption\">Year<\/td>\n<td class=\"mlb-details-value\">2017<\/td>\n<\/tr>\n<tr>\n<td class=\"mlb-details-caption\">Accessoires<\/td>\n<td class=\"mlb-details-value\">Dustbag, serialnumber with hologram<\/td>\n<\/tr>\n<tr>\n<td class=\"mlb-details-caption\">Condition<\/td>\n<td class=\"mlb-details-value\">Excellent condition<\/td>\n<\/tr>\n<\/tbody>\n<\/table>","protected":false},"featured_media":18049,"template":"","meta":[],"product_brand":[],"product_cat":[1430,87,154,68,85,99],"product_tag":[],"class_list":{"0":"post-18048","1":"product","2":"type-product","3":"status-publish","4":"has-post-thumbnail","6":"product_cat-chanel","7":"product_cat-crossbodytaschen","8":"product_cat-designer","9":"product_cat-handtaschen","10":"product_cat-schultertaschen","11":"product_cat-taschen","12":"product_shipping_class-bis5000","14":"first","15":"outofstock","16":"sold-individually","17":"shipping-taxable","18":"purchasable","19":"product-type-simple"},"_links":{"self":[{"href":"https:\/\/baselle.com\/en\/wp-json\/wp\/v2\/product\/18048","targetHints":{"allow":["GET"]}}],"collection":[{"href":"https:\/\/baselle.com\/en\/wp-json\/wp\/v2\/product"}],"about":[{"href":"https:\/\/baselle.com\/en\/wp-json\/wp\/v2\/types\/product"}],"wp:featuredmedia":[{"embeddable":true,"href":"https:\/\/baselle.com\/en\/wp-json\/wp\/v2\/media\/18049"}],"wp:attachment":[{"href":"https:\/\/baselle.com\/en\/wp-json\/wp\/v2\/media?parent=18048"}],"wp:term":[{"taxonomy":"product_brand","embeddable":true,"href":"https:\/\/baselle.com\/en\/wp-json\/wp\/v2\/product_brand?post=18048"},{"taxonomy":"product_cat","embeddable":true,"href":"https:\/\/baselle.com\/en\/wp-json\/wp\/v2\/product_cat?post=18048"},{"taxonomy":"product_tag","embeddable":true,"href":"https:\/\/baselle.com\/en\/wp-json\/wp\/v2\/product_tag?post=18048"}],"curies":[{"name":"wp","href":"https:\/\/api.w.org\/{rel}","templated":true}]}}