{"id":17997,"date":"2023-06-14T11:17:38","date_gmt":"2023-06-14T09:17:38","guid":{"rendered":"https:\/\/baselle.com\/?post_type=product&#038;p=17997"},"modified":"2023-10-03T18:50:37","modified_gmt":"2023-10-03T16:50:37","slug":"louis-vuitton-monogram-tuch-rot-17997","status":"publish","type":"product","link":"https:\/\/baselle.com\/en\/product\/louis-vuitton-monogram-tuch-rot-17997\/","title":{"rendered":"Louis Vuitton Monogram Tuch"},"content":{"rendered":"<p><strong>Louis Vuitton Monogram Scarf<\/strong><\/p>\n<p>Dieses originale Louis Vuitton Monogram Tuch ist ein zeitloses und klassisches Accessoire f\u00fcr jede Jahreszeit. An kalten Tagen w\u00e4rmt es um den Hals, an lauen Sommertagen \u00fcber den Schultern getragen oder am Strand um die H\u00fcften gewickelt. Es ist aus weichem, hochwertigem Jaquardgewebe gefertigt und besticht durch das typische Monogram Muster mit LV Signatur. <\/p>\n<p><strong>Very good condition:<\/strong><br \/>\nDieses Louis Vuitton Monogram Tuch ist insgesamt in einem sehr guten Zustand. Es wurde selten getragen und ist daher in einem sehr gepflegten Zustand. Es sind vereinzelte Ziehf\u00e4den vorhanden. <\/p>\n<p><strong>Dimensions (approx.):<\/strong> 142,5 cm * 142,5 cm<\/p>\n<p><strong>Material:<\/strong> 60 % silk, 40 % wool<\/p>\n<p>Die Bilder stellen das angebotene Monogram Tuch dar und sind Eigentum von MyLovelyBoutique.com.<\/p>\n<p>Follow us on <a href=\"https:\/\/www.instagram.com\/mylovelyboutique.de\/\" rel=\"noopener noreferrer\" target=\"_blank\"><span style=\"color: #96588a;\">Instagram<\/span><\/a> and get inspired. <\/p>","protected":false},"excerpt":{"rendered":"<table class=\"mlb-product-details\">\n<tbody>\n<tr>\n<td class=\"mlb-details-caption\">Model<\/td>\n<td class=\"mlb-details-value\">Monogram Tuch<\/td>\n<\/tr>\n<tr>\n<td class=\"mlb-details-caption\">Colour<\/td>\n<td class=\"mlb-details-value\">Sunset Rot<\/td>\n<\/tr>\n<tr>\n<td class=\"mlb-details-caption\">Hardware<\/td>\n<td class=\"mlb-details-value\">&#8211;<\/td>\n<\/tr>\n<tr>\n<td class=\"mlb-details-caption\">Year<\/td>\n<td class=\"mlb-details-value\">2019<\/td>\n<\/tr>\n<tr>\n<td class=\"mlb-details-caption\">Accessoires<\/td>\n<td class=\"mlb-details-value\">Invoice<\/td>\n<\/tr>\n<tr>\n<td class=\"mlb-details-caption\">Condition<\/td>\n<td class=\"mlb-details-value\">Very good condition<\/td>\n<\/tr>\n<\/tbody>\n<\/table>","protected":false},"featured_media":17998,"template":"","meta":[],"product_brand":[],"product_cat":[57,154,1431,70],"product_tag":[],"class_list":{"0":"post-17997","1":"product","2":"type-product","3":"status-publish","4":"has-post-thumbnail","6":"product_cat-accessories","7":"product_cat-designer","8":"product_cat-louisvuitton","9":"product_cat-schalstuecher","10":"product_shipping_class-0-500","12":"first","13":"outofstock","14":"sold-individually","15":"shipping-taxable","16":"purchasable","17":"product-type-simple"},"_links":{"self":[{"href":"https:\/\/baselle.com\/en\/wp-json\/wp\/v2\/product\/17997","targetHints":{"allow":["GET"]}}],"collection":[{"href":"https:\/\/baselle.com\/en\/wp-json\/wp\/v2\/product"}],"about":[{"href":"https:\/\/baselle.com\/en\/wp-json\/wp\/v2\/types\/product"}],"wp:featuredmedia":[{"embeddable":true,"href":"https:\/\/baselle.com\/en\/wp-json\/wp\/v2\/media\/17998"}],"wp:attachment":[{"href":"https:\/\/baselle.com\/en\/wp-json\/wp\/v2\/media?parent=17997"}],"wp:term":[{"taxonomy":"product_brand","embeddable":true,"href":"https:\/\/baselle.com\/en\/wp-json\/wp\/v2\/product_brand?post=17997"},{"taxonomy":"product_cat","embeddable":true,"href":"https:\/\/baselle.com\/en\/wp-json\/wp\/v2\/product_cat?post=17997"},{"taxonomy":"product_tag","embeddable":true,"href":"https:\/\/baselle.com\/en\/wp-json\/wp\/v2\/product_tag?post=17997"}],"curies":[{"name":"wp","href":"https:\/\/api.w.org\/{rel}","templated":true}]}}