{"id":17976,"date":"2023-06-09T12:47:25","date_gmt":"2023-06-09T10:47:25","guid":{"rendered":"https:\/\/baselle.com\/?post_type=product&#038;p=17976"},"modified":"2023-07-07T15:00:28","modified_gmt":"2023-07-07T13:00:28","slug":"chanel-rucksack-baumwolle-rosa-17976","status":"publish","type":"product","link":"https:\/\/baselle.com\/en\/product\/chanel-rucksack-baumwolle-rosa-17976\/","title":{"rendered":"CHANEL Rucksack"},"content":{"rendered":"<p>\n<strong>CHANEL Pink Fringe Backpack Beschreibung<\/strong><\/p>\n<p>Dieser originale CHANEL Pink Fringe Backpack ist ein perfektes Accessoire f\u00fcr Shoppingtage oder St\u00e4dtetrips. Die eingen\u00e4hte CC-Signatur sowie &#8220;CHANEL&#8221;-Aufschrift machen aus einem sportlichen Rucksack einen wahren Eyecatcher. Gefertigt ist der Rucksack aus Canvas und verf\u00fcgt \u00fcber einen verstellbaren Lederriemen, welcher in einen gewebten Kettenriemen \u00fcbergeht, sowie silberne Hardware.<\/p>\n<p>Durch den Rei\u00dfverschluss \u00f6ffnet sich der CHANEL Rucksack zu einem rosanen Innenfutter mit einem Rei\u00dfverschlussfach und zwei Steckf\u00e4chern. Zus\u00e4tzlichen Stauraum bietet das aufgesetzte Rei\u00dfverschlussfach auf der Vorderseite Rucksacks.\n<\/p>\n<p>\n<strong>Very good condition:<\/strong><br \/>\nDieser CHANEL Pink Fringe Backpack aus zweiter Hand ist insgesamt in einem sehr guten Zustand. Das Baumwoll Canvas sowie die silberne Hardware sind in einem sehr gepflegten Zustand. Auch das Tascheninnere ist sauber, ohne Flecken und weist keine L\u00f6cher\/Risse auf.\n<\/p>\n<p>\n<strong>Style:<\/strong> Backpack<br \/>\n<strong>Size:<\/strong> Medium<br \/>\n<strong>Dimensions (approx.):<\/strong> Breite 27 cm * H\u00f6he 31 cm * Tiefe 18 cm\n<\/p>\n<p>\n<strong>Exterior material:<\/strong> Baumwoll Canvas<br \/>\n<strong>Interior Material<\/strong> fabric lining\n<\/p>\n<p>Die Bilder stellen den angebotenen Rucksack dar und sind Eigentum von MyLovelyBoutique.com. <\/p>\n<p>Follow us on <a href=\"https:\/\/www.instagram.com\/mylovelyboutique.de\/\" rel=\"noopener noreferrer\" target=\"_blank\"><span style=\"color: #96588a;\">Instagram<\/span><\/a> and get inspired. <\/p>","protected":false},"excerpt":{"rendered":"<table class=\"mlb-product-details\">\n<tbody>\n<tr>\n<td class=\"mlb-details-caption\">Model<\/td>\n<td class=\"mlb-details-value\">Pink Fringe Backpack<\/td>\n<\/tr>\n<tr>\n<td class=\"mlb-details-caption\">Colour<\/td>\n<td class=\"mlb-details-value\">Pink<\/td>\n<\/tr>\n<tr>\n<td class=\"mlb-details-caption\">Hardware<\/td>\n<td class=\"mlb-details-value\">Silver<\/td>\n<\/tr>\n<tr>\n<td class=\"mlb-details-caption\">Year<\/td>\n<td class=\"mlb-details-value\">2020<\/td>\n<\/tr>\n<tr>\n<td class=\"mlb-details-caption\">Accessoires<\/td>\n<td class=\"mlb-details-value\">Dustbag, serialnumber with hologram<\/td>\n<\/tr>\n<tr>\n<td class=\"mlb-details-caption\">Condition<\/td>\n<td class=\"mlb-details-value\">Very good condition<\/td>\n<\/tr>\n<\/tbody>\n<\/table>","protected":false},"featured_media":17978,"template":"","meta":[],"product_brand":[],"product_cat":[1430,154,88,99],"product_tag":[],"class_list":{"0":"post-17976","1":"product","2":"type-product","3":"status-publish","4":"has-post-thumbnail","6":"product_cat-chanel","7":"product_cat-designer","8":"product_cat-rucksaecke","9":"product_cat-taschen","10":"product_shipping_class-bis5000","12":"first","13":"outofstock","14":"sold-individually","15":"shipping-taxable","16":"purchasable","17":"product-type-simple"},"_links":{"self":[{"href":"https:\/\/baselle.com\/en\/wp-json\/wp\/v2\/product\/17976","targetHints":{"allow":["GET"]}}],"collection":[{"href":"https:\/\/baselle.com\/en\/wp-json\/wp\/v2\/product"}],"about":[{"href":"https:\/\/baselle.com\/en\/wp-json\/wp\/v2\/types\/product"}],"wp:featuredmedia":[{"embeddable":true,"href":"https:\/\/baselle.com\/en\/wp-json\/wp\/v2\/media\/17978"}],"wp:attachment":[{"href":"https:\/\/baselle.com\/en\/wp-json\/wp\/v2\/media?parent=17976"}],"wp:term":[{"taxonomy":"product_brand","embeddable":true,"href":"https:\/\/baselle.com\/en\/wp-json\/wp\/v2\/product_brand?post=17976"},{"taxonomy":"product_cat","embeddable":true,"href":"https:\/\/baselle.com\/en\/wp-json\/wp\/v2\/product_cat?post=17976"},{"taxonomy":"product_tag","embeddable":true,"href":"https:\/\/baselle.com\/en\/wp-json\/wp\/v2\/product_tag?post=17976"}],"curies":[{"name":"wp","href":"https:\/\/api.w.org\/{rel}","templated":true}]}}