{"id":17955,"date":"2023-06-08T15:47:54","date_gmt":"2023-06-08T13:47:54","guid":{"rendered":"https:\/\/baselle.com\/?post_type=product&#038;p=17955"},"modified":"2023-07-07T23:15:28","modified_gmt":"2023-07-07T21:15:28","slug":"chanel-small-flap-bag-17955","status":"publish","type":"product","link":"https:\/\/baselle.com\/en\/product\/chanel-small-flap-bag-17955\/","title":{"rendered":"Chanel Small Flap Bag"},"content":{"rendered":"<p>\n<strong>CHANEL Small Flap Bag Handtasche Beschreibung<\/strong><\/p>\n<p>Diese originale CHANEL Small Flap Bag Handtasche ist ein elegantes Lieblingsst\u00fcck f\u00fcr den t\u00e4glichen Gebrauch. Der an den Seiten aufgen\u00e4hte Kettenriemen setzt bei diesem Modell ein besonderes Highlight. Die kleine Handtasche ist aus Lammleder gefertigt und verf\u00fcgt \u00fcber gewebte Kettenriemen, ein CC-Turnlock-Verschluss sowie goldene Hardware-Akzente.<\/p>\n<p>Die CHANEL Flap Bag kann \u00fcber der Schulter oder diagonal am K\u00f6rper getragen werden. F\u00fcr maximalen Tragekomfort geht der gewebte Kettenriemen in weiches Leder \u00fcber. Die Klappe \u00f6ffnet sich zu einem aus gleichfarbigen Textil gef\u00fctterten Tascheninneren mit zwei unterteilten Hauptf\u00e4chern und ein Steckfach.\n<\/p>\n<p>\n<strong>Very good condition:<\/strong><br \/>\nDiese CHANEL Small Flap Bag Handtasche aus zweiter Hand ist insgesamt in einem sehr guten Zustand. Das Lammleder sowie die goldene Hardware sind in einem sehr gepflegten Zustand. Auch das Tascheninnere ist sauber, ohne Flecken und weist keine L\u00f6cher\/Risse auf.\n<\/p>\n<p>\n<strong>Style:<\/strong> Shoulder bag, clutch, crossbody<br \/>\n<strong>Size:<\/strong> Small<br \/>\n<strong>Dimensions (approx.):<\/strong> Breite 18 cm * H\u00f6he 12 cm * Tiefe 6,5 cm<br \/>\n<strong>Tr\u00e4gerl\u00e4nge (von \u00d6se zu \u00d6se gemessen &#8211; ca.):<\/strong> einfach = 114 cm\n<\/p>\n<p>\n<strong>Exterior material:<\/strong> Lambskin leather<br \/>\n<strong>Interior Material<\/strong> fabric lining\n<\/p>\n<p>The pictures represent the offered bag. The picture rights are held by MyLovelyBoutique.com. <\/p>\n<p>Follow us on <a href=\"https:\/\/www.instagram.com\/mylovelyboutique.de\/\" rel=\"noopener noreferrer\" target=\"_blank\"><span style=\"color: #96588a;\">Instagram<\/span><\/a> and get inspired. <\/p>","protected":false},"excerpt":{"rendered":"<table class=\"mlb-product-details\">\n<tbody>\n<tr>\n<td class=\"mlb-details-caption\">Model<\/td>\n<td class=\"mlb-details-value\">Small Flap Bag<\/td>\n<\/tr>\n<tr>\n<td class=\"mlb-details-caption\">Colour<\/td>\n<td class=\"mlb-details-value\">T\u00fcrkisblau<\/td>\n<\/tr>\n<tr>\n<td class=\"mlb-details-caption\">Hardware<\/td>\n<td class=\"mlb-details-value\">Gold<\/td>\n<\/tr>\n<tr>\n<td class=\"mlb-details-caption\">Year<\/td>\n<td class=\"mlb-details-value\">2020<\/td>\n<\/tr>\n<tr>\n<td class=\"mlb-details-caption\">Accessoires<\/td>\n<td class=\"mlb-details-value\">Dustbag, authenticity card, serialnumber with hologram<\/td>\n<\/tr>\n<tr>\n<td class=\"mlb-details-caption\">Condition<\/td>\n<td class=\"mlb-details-value\">Very good condition<\/td>\n<\/tr>\n<\/tbody>\n<\/table>","protected":false},"featured_media":17956,"template":"","meta":[],"product_brand":[],"product_cat":[1430,87,154,86,99],"product_tag":[],"class_list":{"0":"post-17955","1":"product","2":"type-product","3":"status-publish","4":"has-post-thumbnail","6":"product_cat-chanel","7":"product_cat-crossbodytaschen","8":"product_cat-designer","9":"product_cat-kleinetaschen","10":"product_cat-taschen","11":"product_shipping_class-bis5000","13":"first","14":"outofstock","15":"sold-individually","16":"shipping-taxable","17":"purchasable","18":"product-type-simple"},"_links":{"self":[{"href":"https:\/\/baselle.com\/en\/wp-json\/wp\/v2\/product\/17955","targetHints":{"allow":["GET"]}}],"collection":[{"href":"https:\/\/baselle.com\/en\/wp-json\/wp\/v2\/product"}],"about":[{"href":"https:\/\/baselle.com\/en\/wp-json\/wp\/v2\/types\/product"}],"wp:featuredmedia":[{"embeddable":true,"href":"https:\/\/baselle.com\/en\/wp-json\/wp\/v2\/media\/17956"}],"wp:attachment":[{"href":"https:\/\/baselle.com\/en\/wp-json\/wp\/v2\/media?parent=17955"}],"wp:term":[{"taxonomy":"product_brand","embeddable":true,"href":"https:\/\/baselle.com\/en\/wp-json\/wp\/v2\/product_brand?post=17955"},{"taxonomy":"product_cat","embeddable":true,"href":"https:\/\/baselle.com\/en\/wp-json\/wp\/v2\/product_cat?post=17955"},{"taxonomy":"product_tag","embeddable":true,"href":"https:\/\/baselle.com\/en\/wp-json\/wp\/v2\/product_tag?post=17955"}],"curies":[{"name":"wp","href":"https:\/\/api.w.org\/{rel}","templated":true}]}}