{"id":17933,"date":"2023-05-26T10:45:45","date_gmt":"2023-05-26T08:45:45","guid":{"rendered":"https:\/\/baselle.com\/?post_type=product&#038;p=17933"},"modified":"2023-07-30T11:26:54","modified_gmt":"2023-07-30T09:26:54","slug":"louis-vuitton-neverfull-mm-sunrise-pastel-17933","status":"publish","type":"product","link":"https:\/\/baselle.com\/en\/product\/louis-vuitton-neverfull-mm-sunrise-pastel-17933\/","title":{"rendered":"Louis Vuitton Neverfull MM"},"content":{"rendered":"<p>\n<strong>Louis Vuitton Neverfull MM Sunrise Pastel Handtasche Beschreibung<\/strong> <\/p>\n<p>Diese originale Louis Vuitton Neverfull MM Sunrise Pastel Handtasche ist eine limitierte Rarit\u00e4t aus der Louis Vuitton Summer in the City Kollektion. Die klassische Neverfull Tote Bag geh\u00f6rt zu den zeitlosen Ikonen des Hauses. Das limitierte Modell ist aus beschichtetem Monogram Canvas gefertigt und besticht durch ihre wundersch\u00f6nen Pastell Farben. Sie verf\u00fcgt \u00fcber eine trapezf\u00f6rmige Silhouette, seitliche Schn\u00fcre, schmale Ledergriffe sowie goldfarbene Hardware-Akzente. <\/p>\n<p>Das hellblaue Innenfutter mit Hakenverschluss umfasst ein Rei\u00dfverschlussfach f\u00fcr die Aufbewahrung von wichtigen Dingen des t\u00e4glichen Bedarfs. Die abnehmbare Pochette kann sowohl als zus\u00e4tzliches Innenfach in der Neverfull verwendet, sowie herausgenommen und als Clutch getragen werden.\n<\/p>\n<p>\n<strong>New condition:<\/strong><br \/>\nDiese Louis Vuitton Neverfull MM Sunrise Pastel Handtasche ist ungetragen und daher im Neuzustand.\n<\/p>\n<p>\n<strong>Style:<\/strong> Shoulder Bag<br \/>\n<strong>Size:<\/strong> MM<br \/>\n<strong>Dimensions (approx.):<\/strong> Breite 31 cm * H\u00f6he 28,5 cm * Tiefe 17 cm\n<\/p>\n<p>\n<strong>Exterior material:<\/strong> Coatet canvas, cowhide leather<br \/>\n<strong>Interior Material<\/strong> fabric lining\n<\/p>\n<p>The pictures represent the offered bag. The picture rights are held by MyLovelyBoutique.com. <\/p>\n<p>Follow us on <a href=\"https:\/\/www.instagram.com\/mylovelyboutique.de\/\" rel=\"noopener noreferrer\" target=\"_blank\"><span style=\"color: #96588a;\">Instagram<\/span><\/a> and get inspired. <\/p>","protected":false},"excerpt":{"rendered":"<table class=\"mlb-product-details\">\n<tbody>\n<tr>\n<td class=\"mlb-details-caption\">Model<\/td>\n<td class=\"mlb-details-value\">Neverfull MM Spring in the City Sunrise Pastel<\/td>\n<\/tr>\n<tr>\n<td class=\"mlb-details-caption\">Colour<\/td>\n<td class=\"mlb-details-value\">Blau, Rosa<\/td>\n<\/tr>\n<tr>\n<td class=\"mlb-details-caption\">Hardware<\/td>\n<td class=\"mlb-details-value\">Gold<\/td>\n<\/tr>\n<tr>\n<td class=\"mlb-details-caption\">Year<\/td>\n<td class=\"mlb-details-value\">2022<\/td>\n<\/tr>\n<tr>\n<td class=\"mlb-details-caption\">Accessoires<\/td>\n<td class=\"mlb-details-value\">LV-Rechnung, Box, Staubbeutel, Pochette mit Lederriemen, LV-Materialinfo<\/td>\n<\/tr>\n<tr>\n<td class=\"mlb-details-caption\">Condition<\/td>\n<td class=\"mlb-details-value\">New condition<\/td>\n<\/tr>\n<\/tbody>\n<\/table>","protected":false},"featured_media":17943,"template":"","meta":[],"product_brand":[],"product_cat":[154,68,1431,85,99],"product_tag":[],"class_list":{"0":"post-17933","1":"product","2":"type-product","3":"status-publish","4":"has-post-thumbnail","6":"product_cat-designer","7":"product_cat-handtaschen","8":"product_cat-louisvuitton","9":"product_cat-schultertaschen","10":"product_cat-taschen","12":"first","13":"outofstock","14":"shipping-taxable","15":"purchasable","16":"product-type-simple"},"_links":{"self":[{"href":"https:\/\/baselle.com\/en\/wp-json\/wp\/v2\/product\/17933","targetHints":{"allow":["GET"]}}],"collection":[{"href":"https:\/\/baselle.com\/en\/wp-json\/wp\/v2\/product"}],"about":[{"href":"https:\/\/baselle.com\/en\/wp-json\/wp\/v2\/types\/product"}],"wp:featuredmedia":[{"embeddable":true,"href":"https:\/\/baselle.com\/en\/wp-json\/wp\/v2\/media\/17943"}],"wp:attachment":[{"href":"https:\/\/baselle.com\/en\/wp-json\/wp\/v2\/media?parent=17933"}],"wp:term":[{"taxonomy":"product_brand","embeddable":true,"href":"https:\/\/baselle.com\/en\/wp-json\/wp\/v2\/product_brand?post=17933"},{"taxonomy":"product_cat","embeddable":true,"href":"https:\/\/baselle.com\/en\/wp-json\/wp\/v2\/product_cat?post=17933"},{"taxonomy":"product_tag","embeddable":true,"href":"https:\/\/baselle.com\/en\/wp-json\/wp\/v2\/product_tag?post=17933"}],"curies":[{"name":"wp","href":"https:\/\/api.w.org\/{rel}","templated":true}]}}