{"id":17882,"date":"2023-05-13T14:37:25","date_gmt":"2023-05-13T12:37:25","guid":{"rendered":"https:\/\/baselle.com\/?post_type=product&#038;p=17882"},"modified":"2024-05-09T09:56:59","modified_gmt":"2024-05-09T07:56:59","slug":"hermes-24-24-29-etoupe-togo-swift-leder-handtasche-17882","status":"publish","type":"product","link":"https:\/\/baselle.com\/en\/product\/hermes-24-24-29-etoupe-togo-swift-leder-handtasche-17882\/","title":{"rendered":"Herm\u00e8s 24\/24 &#8211; 29 \u00c9toupe"},"content":{"rendered":"<p>\n<strong>Herm\u00e8s 24\/24 &#8211; 29 \u00c9toupe Togo Leder Handtasche Beschreibung<\/strong><\/p>\n<p>Diese originale Herm\u00e8s 24\/24 &#8211; 29 \u00c9toupe Togo Leder Handtasche besticht durch ihr schlichtes Design und ist perfekt f\u00fcr die moderne Frau. Sie ist aus robustem Togo-Kalbsleder sowie Swift-Kalbsleder gefertigt und verf\u00fcgt \u00fcber einen Drehverschluss mit Palladiumauflage. Die Handtasche \u00f6ffnet sich zu einem gleichfarbigen Lederfutter mit einem Rei\u00dfverschlussfach. Ein weiteres Steckfach befindet sich auf dem Taschenr\u00fccken. Die 24\/24 kann \u00fcber der Schulter sowie an der Hand getragen werden und verspricht maximalen Tragekomfort.\n<\/p>\n<p>\n<strong>New condition:<\/strong><br \/>\nDiese Herm\u00e8s 24\/24 &#8211; 29 Colorblock Togo Leder Handtasche ist neu und ungetragen.\n<\/p>\n<p>\n<strong>Style:<\/strong> Shoulder bag, handbag<br \/>\n<strong>Size:<\/strong> 29<br \/>\n<strong>Dimensions (approx.):<\/strong> Breite 29 cm * H\u00f6he 27 cm * Tiefe 14 cm\n<\/p>\n<p>\n<strong>Exterior material:<\/strong> Togo Kalbsleder, Swift Kalbsleder<br \/>\n<strong>Interior Material<\/strong> Leather lining\n<\/p>\n<p>The pictures represent the offered bag. The picture rights are held by MyLovelyBoutique.com. <\/p>\n<p>Follow us on <a href=\"https:\/\/www.instagram.com\/mylovelyboutique.de\/\" rel=\"noopener noreferrer\" target=\"_blank\"><span style=\"color: #96588a;\">Instagram<\/span><\/a> and get inspired. <\/p>","protected":false},"excerpt":{"rendered":"<table class=\"mlb-product-details\">\n<tbody>\n<tr>\n<td class=\"mlb-details-caption\">Model<\/td>\n<td class=\"mlb-details-value\">24\/24 &#8211; 29<\/td>\n<\/tr>\n<tr>\n<td class=\"mlb-details-caption\">Colour<\/td>\n<td class=\"mlb-details-value\">\u00c9toupe<\/td>\n<\/tr>\n<tr>\n<td class=\"mlb-details-caption\">Hardware<\/td>\n<td class=\"mlb-details-value\">Silber-\/Palladiumauflage<\/td>\n<\/tr>\n<tr>\n<td class=\"mlb-details-caption\">Year<\/td>\n<td class=\"mlb-details-value\">2023<\/td>\n<\/tr>\n<tr>\n<td class=\"mlb-details-caption\">Accessoires<\/td>\n<td class=\"mlb-details-value\">Invoice, box, dustbag<\/td>\n<\/tr>\n<tr>\n<td class=\"mlb-details-caption\">Condition<\/td>\n<td class=\"mlb-details-value\">New<\/td>\n<\/tr>\n<\/tbody>\n<\/table>","protected":false},"featured_media":17883,"template":"","meta":[],"product_brand":[],"product_cat":[154,68,3671,85,99],"product_tag":[],"class_list":{"0":"post-17882","1":"product","2":"type-product","3":"status-publish","4":"has-post-thumbnail","6":"product_cat-designer","7":"product_cat-handtaschen","8":"product_cat-hermes","9":"product_cat-schultertaschen","10":"product_cat-taschen","11":"product_shipping_class-ab5001","13":"first","14":"outofstock","15":"sold-individually","16":"shipping-taxable","17":"purchasable","18":"product-type-simple"},"_links":{"self":[{"href":"https:\/\/baselle.com\/en\/wp-json\/wp\/v2\/product\/17882","targetHints":{"allow":["GET"]}}],"collection":[{"href":"https:\/\/baselle.com\/en\/wp-json\/wp\/v2\/product"}],"about":[{"href":"https:\/\/baselle.com\/en\/wp-json\/wp\/v2\/types\/product"}],"wp:featuredmedia":[{"embeddable":true,"href":"https:\/\/baselle.com\/en\/wp-json\/wp\/v2\/media\/17883"}],"wp:attachment":[{"href":"https:\/\/baselle.com\/en\/wp-json\/wp\/v2\/media?parent=17882"}],"wp:term":[{"taxonomy":"product_brand","embeddable":true,"href":"https:\/\/baselle.com\/en\/wp-json\/wp\/v2\/product_brand?post=17882"},{"taxonomy":"product_cat","embeddable":true,"href":"https:\/\/baselle.com\/en\/wp-json\/wp\/v2\/product_cat?post=17882"},{"taxonomy":"product_tag","embeddable":true,"href":"https:\/\/baselle.com\/en\/wp-json\/wp\/v2\/product_tag?post=17882"}],"curies":[{"name":"wp","href":"https:\/\/api.w.org\/{rel}","templated":true}]}}