{"id":17850,"date":"2023-04-28T15:40:56","date_gmt":"2023-04-28T13:40:56","guid":{"rendered":"https:\/\/baselle.com\/?post_type=product&#038;p=17850"},"modified":"2023-05-23T12:21:56","modified_gmt":"2023-05-23T10:21:56","slug":"louis-vuitton-sarah-spring-in-the-city-sunset-kaki-geldboerse-17850","status":"publish","type":"product","link":"https:\/\/baselle.com\/en\/product\/louis-vuitton-sarah-spring-in-the-city-sunset-kaki-geldboerse-17850\/","title":{"rendered":"Louis Vuitton Sarah Geldb\u00f6rse"},"content":{"rendered":"<p>\n<strong>Louis Vuitton Sarah Spring in the City Sunset Kaki Geldb\u00f6rse Beschreibung<\/strong> <\/p>\n<p>Diese originale Louis Vuitton Sarah Spring in the City Sunset Kaki Geldb\u00f6rse bietet ausreichend Platz f\u00fcr Kreditkarten, Kleingeld sowie Geldscheine und l\u00e4sst sich durch einen praktischen \u00dcberschlag mit Druckknopf \u00f6ffnen.\n<\/p>\n<p>\n<strong>Mint condition<\/strong><br \/>\nDiese Louis Vuitton Sarah Spring in the City Sunset Kaki Geldb\u00f6rse aus zweiter Hand ist ungetragen und daher in einem neuwertigen Zustand.\n<\/p>\n<p>\n<strong>Wallet size:<\/strong>  Gro\u00df<br \/>\n<strong>Dimensions (approx.):<\/strong> Breite 19 cm * H\u00f6he 10,5 cm * Tiefe 2,5 cm\n<\/p>\n<p>\n<strong>Exterior material:<\/strong> Canvas<br \/>\n<strong>Interior Material<\/strong> Genarbtes Rindsleder\n<\/p>\n<p>The pictures represent the offered wallet. The picture rights are held by MyLovelyBoutique.com. <\/p>\n<p>Follow us on <a href=\"https:\/\/www.instagram.com\/mylovelyboutique.de\/\" rel=\"noopener noreferrer\" target=\"_blank\"><span style=\"color: #96588a;\">Instagram<\/span><\/a> and get inspired. <\/p>","protected":false},"excerpt":{"rendered":"<table class=\"mlb-product-details\">\n<tbody>\n<tr>\n<td class=\"mlb-details-caption\">Model<\/td>\n<td class=\"mlb-details-value\">Sarah Spring in the City Geldb\u00f6rse<\/td>\n<\/tr>\n<tr>\n<td class=\"mlb-details-caption\">Colour<\/td>\n<td class=\"mlb-details-value\">Sunset Kaki<\/td>\n<\/tr>\n<tr>\n<td class=\"mlb-details-caption\">Hardware<\/td>\n<td class=\"mlb-details-value\">Gold<\/td>\n<\/tr>\n<tr>\n<td class=\"mlb-details-caption\">Year<\/td>\n<td class=\"mlb-details-value\">2022<\/td>\n<\/tr>\n<tr>\n<td class=\"mlb-details-caption\">Accessoires<\/td>\n<td class=\"mlb-details-value\">Invoice, box, dustbag<\/td>\n<\/tr>\n<tr>\n<td class=\"mlb-details-caption\">Condition<\/td>\n<td class=\"mlb-details-value\">Mint condition<\/td>\n<\/tr>\n<\/tbody>\n<\/table>","protected":false},"featured_media":17851,"template":"","meta":[],"product_brand":[],"product_cat":[57,154,1431,89],"product_tag":[],"class_list":{"0":"post-17850","1":"product","2":"type-product","3":"status-publish","4":"has-post-thumbnail","6":"product_cat-accessories","7":"product_cat-designer","8":"product_cat-louisvuitton","9":"product_cat-portemonnaie","10":"product_shipping_class-bis1000","12":"first","13":"outofstock","14":"sold-individually","15":"shipping-taxable","16":"purchasable","17":"product-type-simple"},"_links":{"self":[{"href":"https:\/\/baselle.com\/en\/wp-json\/wp\/v2\/product\/17850","targetHints":{"allow":["GET"]}}],"collection":[{"href":"https:\/\/baselle.com\/en\/wp-json\/wp\/v2\/product"}],"about":[{"href":"https:\/\/baselle.com\/en\/wp-json\/wp\/v2\/types\/product"}],"wp:featuredmedia":[{"embeddable":true,"href":"https:\/\/baselle.com\/en\/wp-json\/wp\/v2\/media\/17851"}],"wp:attachment":[{"href":"https:\/\/baselle.com\/en\/wp-json\/wp\/v2\/media?parent=17850"}],"wp:term":[{"taxonomy":"product_brand","embeddable":true,"href":"https:\/\/baselle.com\/en\/wp-json\/wp\/v2\/product_brand?post=17850"},{"taxonomy":"product_cat","embeddable":true,"href":"https:\/\/baselle.com\/en\/wp-json\/wp\/v2\/product_cat?post=17850"},{"taxonomy":"product_tag","embeddable":true,"href":"https:\/\/baselle.com\/en\/wp-json\/wp\/v2\/product_tag?post=17850"}],"curies":[{"name":"wp","href":"https:\/\/api.w.org\/{rel}","templated":true}]}}