{"id":17705,"date":"2023-03-07T16:53:00","date_gmt":"2023-03-07T15:53:00","guid":{"rendered":"https:\/\/baselle.com\/?post_type=product&#038;p=17705"},"modified":"2023-04-11T12:40:55","modified_gmt":"2023-04-11T10:40:55","slug":"chanel-small-filigree-vanity-bag-beige-17705","status":"publish","type":"product","link":"https:\/\/baselle.com\/en\/product\/chanel-small-filigree-vanity-bag-beige-17705\/","title":{"rendered":"CHANEL Vanity Bag"},"content":{"rendered":"<p>\n<strong>CHANEL Small Filigree Vanity Bag Handtasche Beschreibung<\/strong><\/p>\n<p>Diese originale CHANEL Small Filigree Vanity Bag Handtasche besticht durch ihren zeitlosen und modernen Look. Sie ist aus genarbtem Kalbsleder gefertigt und verf\u00fcgt \u00fcber einen klassisch gewebten Kettenriemen, einen Ledergriff und hellgoldene Hardware-Akzente. Die Schl\u00fcsselgl\u00f6ckchen mit verstecktem Schloss und Schl\u00fcssel setzen bei der Vanity Handtasche ein besonderes Highlight. <\/p>\n<p>Der umlaufende Rei\u00dfverschluss \u00f6ffnet sich zu einem beigen Innenfutter aus Leder mit einem Steckfach. Die Filigree Vanity Bag kann \u00fcber der Schulter, diagonal am K\u00f6rper und an der Hand getragen werden, so dass maximaler Tragekomfort garantiert ist. Ein elegantes Lieblingsst\u00fcck f\u00fcr den t\u00e4glichen Gebrauch.\n<\/p>\n<p>\n<strong>Mint condition<\/strong><br \/>\nDiese CHANEL Small Filigree Vanity Bag Handtasche aus zweiter Hand ist in einem neuwertigen Zustand. Dementsprechend ist das genarbte Kalbsleder, das Tascheninnere sowie die goldfarbene Hardware in einem einwandfreien Zustand.\n<\/p>\n<p>\n<strong>Style:<\/strong> Shoulder bag, handbag, crossbody<br \/>\n<strong>Size:<\/strong> Small<br \/>\n<strong>Dimensions (approx.):<\/strong> Breite 16,5 cm * H\u00f6he 13 cm * Tiefe 7,5 cm<br \/>\n<strong>Strap length:<\/strong> 132 cm\n<\/p>\n<p>\n<strong>Exterior material:<\/strong> Grained calfskin leather<br \/>\n<strong>Interior Material<\/strong> Leather lining\n<\/p>\n<p>The pictures represent the offered bag. The picture rights are held by MyLovelyBoutique.com. <\/p>\n<p>Follow us on <a href=\"https:\/\/www.instagram.com\/mylovelyboutique.de\/\" rel=\"noopener noreferrer\" target=\"_blank\"><span style=\"color: #96588a;\">Instagram<\/span><\/a> and get inspired. <\/p>","protected":false},"excerpt":{"rendered":"<br \/>\n<table class=\"mlb-product-details\">\n<tbody>\n<tr>\n<td class=\"mlb-details-caption\">Model<\/td>\n<td class=\"mlb-details-value\">Small Filigree Vanity Bag<\/td>\n<\/tr>\n<tr>\n<td class=\"mlb-details-caption\">Colour<\/td>\n<td class=\"mlb-details-value\">Beige<\/td>\n<\/tr>\n<tr>\n<td class=\"mlb-details-caption\">Hardware<\/td>\n<td class=\"mlb-details-value\">Light gold<\/td>\n<\/tr>\n<tr>\n<td class=\"mlb-details-caption\">Year<\/td>\n<td class=\"mlb-details-value\">2019<\/td>\n<\/tr>\n<tr>\n<td class=\"mlb-details-caption\">Accessoires<\/td>\n<td class=\"mlb-details-value\">Staubbeutel, Schloss + 2 Schl\u00fcssel mit Clochette, Authentizit\u00e4tskarte, Seriennummer mit Hologramm<\/td>\n<\/tr>\n<tr>\n<td class=\"mlb-details-caption\">Condition<\/td>\n<td class=\"mlb-details-value\">Mint condition<\/td>\n<\/tr>\n<\/tbody>\n<\/table>","protected":false},"featured_media":17706,"template":"","meta":[],"product_brand":[],"product_cat":[1430,87,154,68,86,99],"product_tag":[],"class_list":{"0":"post-17705","1":"product","2":"type-product","3":"status-publish","4":"has-post-thumbnail","6":"product_cat-chanel","7":"product_cat-crossbodytaschen","8":"product_cat-designer","9":"product_cat-handtaschen","10":"product_cat-kleinetaschen","11":"product_cat-taschen","12":"product_shipping_class-bis5000","14":"first","15":"outofstock","16":"sold-individually","17":"shipping-taxable","18":"purchasable","19":"product-type-simple"},"_links":{"self":[{"href":"https:\/\/baselle.com\/en\/wp-json\/wp\/v2\/product\/17705","targetHints":{"allow":["GET"]}}],"collection":[{"href":"https:\/\/baselle.com\/en\/wp-json\/wp\/v2\/product"}],"about":[{"href":"https:\/\/baselle.com\/en\/wp-json\/wp\/v2\/types\/product"}],"wp:featuredmedia":[{"embeddable":true,"href":"https:\/\/baselle.com\/en\/wp-json\/wp\/v2\/media\/17706"}],"wp:attachment":[{"href":"https:\/\/baselle.com\/en\/wp-json\/wp\/v2\/media?parent=17705"}],"wp:term":[{"taxonomy":"product_brand","embeddable":true,"href":"https:\/\/baselle.com\/en\/wp-json\/wp\/v2\/product_brand?post=17705"},{"taxonomy":"product_cat","embeddable":true,"href":"https:\/\/baselle.com\/en\/wp-json\/wp\/v2\/product_cat?post=17705"},{"taxonomy":"product_tag","embeddable":true,"href":"https:\/\/baselle.com\/en\/wp-json\/wp\/v2\/product_tag?post=17705"}],"curies":[{"name":"wp","href":"https:\/\/api.w.org\/{rel}","templated":true}]}}