{"id":17649,"date":"2023-02-18T15:41:00","date_gmt":"2023-02-18T14:41:00","guid":{"rendered":"https:\/\/baselle.com\/?post_type=product&#038;p=17649"},"modified":"2024-03-18T00:34:30","modified_gmt":"2024-03-17T23:34:30","slug":"chanel-square-flap-bag-17649","status":"publish","type":"product","link":"https:\/\/baselle.com\/en\/product\/chanel-square-flap-bag-17649\/","title":{"rendered":"CHANEL Square Flap Bag"},"content":{"rendered":"<p>\n<strong>CHANEL Square Flap Bag Handtasche Beschreibung<\/strong><\/p>\n<p>Diese originale CHANEL Square Flap Bag Handtasche ist ein klassisches Lieblingsst\u00fcck f\u00fcr den t\u00e4glichen Gebrauch. Sie ist aus genarbten Kalbsleder gefertigt und verf\u00fcgt \u00fcber gewebte Kettenriemen, ein CC-Turnlock-Verschluss sowie silberne Hardware Akzente.<\/p>\n<p>Die CHANEL Square Flap Bag kann als Schultertasche oder diagonal am K\u00f6rper getragen werden. F\u00fcr maximalen Tragekomfort geht der gewebte Kettenriemen im Schulterbereich in weiches Leder \u00fcber. Die Klappe \u00f6ffnet sich zu einem aus schwarzem Textil gef\u00fctterten Tascheninneren mit drei F\u00e4chern.\n<\/p>\n<p>\n<strong>Very good condition:<\/strong><br \/>\nDiese CHANEL Square Flap Bag Handtasche aus zweiter Hand ist insgesamt in einem sehr guten Zustand. Das Kalbsleder sowie die silberne Hardware ist in einem sehr gepflegten Zustand. Auch das Tascheninnere ist sauber, ohne Flecken und weist keine L\u00f6cher\/Risse auf.\n<\/p>\n<p>\n<strong>Style:<\/strong> Shoulder bag, clutch, crossbody<br \/>\n<strong>Size:<\/strong> Medium<br \/>\n<strong>Dimensions (approx.):<\/strong> Breite 20 cm * H\u00f6he 16 cm * Tiefe 7 cm\n<\/p>\n<p>\n<strong>Exterior material:<\/strong> Grained calfskin leather<br \/>\n<strong>Interior Material<\/strong> fabric lining\n<\/p>\n<p>The pictures represent the offered bag. The picture rights are held by MyLovelyBoutique.com. <\/p>\n<p>Follow us on <a href=\"https:\/\/www.instagram.com\/mylovelyboutique.de\/\" rel=\"noopener noreferrer\" target=\"_blank\"><span style=\"color: #96588a;\">Instagram<\/span><\/a> and get inspired. <\/p>","protected":false},"excerpt":{"rendered":"<table class=\"mlb-product-details\">\n<tbody>\n<tr>\n<td class=\"mlb-details-caption\">Model<\/td>\n<td class=\"mlb-details-value\">Square Flap Bag<\/td>\n<\/tr>\n<tr>\n<td class=\"mlb-details-caption\">Colour<\/td>\n<td class=\"mlb-details-value\">Black<\/td>\n<\/tr>\n<tr>\n<td class=\"mlb-details-caption\">Hardware<\/td>\n<td class=\"mlb-details-value\">Silver<\/td>\n<\/tr>\n<tr>\n<td class=\"mlb-details-caption\">Year<\/td>\n<td class=\"mlb-details-value\">2018<\/td>\n<\/tr>\n<tr>\n<td class=\"mlb-details-caption\">Accessoires<\/td>\n<td class=\"mlb-details-value\">Invoice, dustbag, authenticity card, serialnumber with hologram<\/td>\n<\/tr>\n<tr>\n<td class=\"mlb-details-caption\">Condition<\/td>\n<td class=\"mlb-details-value\">Very good condition<\/td>\n<\/tr>\n<\/tbody>\n<\/table>","protected":false},"featured_media":17650,"template":"","meta":[],"product_brand":[],"product_cat":[1430,87,154,85,99],"product_tag":[],"class_list":{"0":"post-17649","1":"product","2":"type-product","3":"status-publish","4":"has-post-thumbnail","6":"product_cat-chanel","7":"product_cat-crossbodytaschen","8":"product_cat-designer","9":"product_cat-schultertaschen","10":"product_cat-taschen","11":"product_shipping_class-bis5000","13":"first","14":"outofstock","15":"sold-individually","16":"shipping-taxable","17":"purchasable","18":"product-type-simple"},"_links":{"self":[{"href":"https:\/\/baselle.com\/en\/wp-json\/wp\/v2\/product\/17649","targetHints":{"allow":["GET"]}}],"collection":[{"href":"https:\/\/baselle.com\/en\/wp-json\/wp\/v2\/product"}],"about":[{"href":"https:\/\/baselle.com\/en\/wp-json\/wp\/v2\/types\/product"}],"wp:featuredmedia":[{"embeddable":true,"href":"https:\/\/baselle.com\/en\/wp-json\/wp\/v2\/media\/17650"}],"wp:attachment":[{"href":"https:\/\/baselle.com\/en\/wp-json\/wp\/v2\/media?parent=17649"}],"wp:term":[{"taxonomy":"product_brand","embeddable":true,"href":"https:\/\/baselle.com\/en\/wp-json\/wp\/v2\/product_brand?post=17649"},{"taxonomy":"product_cat","embeddable":true,"href":"https:\/\/baselle.com\/en\/wp-json\/wp\/v2\/product_cat?post=17649"},{"taxonomy":"product_tag","embeddable":true,"href":"https:\/\/baselle.com\/en\/wp-json\/wp\/v2\/product_tag?post=17649"}],"curies":[{"name":"wp","href":"https:\/\/api.w.org\/{rel}","templated":true}]}}