{"id":17592,"date":"2023-02-01T17:33:32","date_gmt":"2023-02-01T16:33:32","guid":{"rendered":"https:\/\/baselle.com\/?post_type=product&#038;p=17592"},"modified":"2024-05-21T14:09:39","modified_gmt":"2024-05-21T12:09:39","slug":"louis-vuitton-lockme-tote-mm-17592","status":"publish","type":"product","link":"https:\/\/baselle.com\/en\/product\/louis-vuitton-lockme-tote-mm-17592\/","title":{"rendered":"Louis Vuitton Lockme Tote MM"},"content":{"rendered":"<p><strong>Louis Vuitton Lockme Tote MM Leder Handtasche Beschreibung<\/strong><\/p>\n<p>Diese originale Louis Vuitton Lockme Tote MM Leder Handtasche ist ein zeitlos elegantes Modell. Sie ist aus weichem, genarbtem Kalbsleder gefertigt und verf\u00fcgt \u00fcber goldfarbene Metallbeschl\u00e4ge und einen Drehverschluss mit LV-Signatur.<\/p>\n<p>Die weichen Toron-Griffe sowie der abnehmbare Schulterriemen garantieren Dir maximalen Tragekomfort im Alltag. Das rosane Mikrofaserinnenfutter ist aufgeteilt in ein Hauptfach, zwei Steckf\u00e4cher und ein Rei\u00dfverschlussfach. Diese raffinierte Lockme Tote eignet sich hervorragenden f\u00fcr den t\u00e4glichen Gebrauch.<\/p>\n<p><strong>Mint condition<\/strong><br \/>\nDiese Louis Vuitton Lockme Tote MM Leder Handtasche aus zweiter Hand ist in einem neuwertigen Zustand. Dementsprechend sind das Kalbsleder sowie die goldenen Metallbeschl\u00e4ge in einem einwandfreien Zustand. Auf dem LV-Drehverschluss befindet sich noch die Folie zum Schutz der Hardware. Auch das Tascheninnere ist sauber, ohne Ger\u00fcche und weist keine L\u00f6cher\/Risse auf.<\/p>\n<p><strong>Style:<\/strong> Handbag, shoulder bag<br \/>\n<strong>Size:<\/strong> MM<br \/>\n<strong>Dimensions (approx.):<\/strong> Breite 34,5 * H\u00f6he 28 cm * Tiefe 15,5 cm<\/p>\n<p><strong>Exterior material:<\/strong> Grained calfskin leather<br \/>\n<strong>Interior Material<\/strong> microfibre lining<\/p>\n<p>The pictures represent the offered bag. The picture rights are held by MyLovelyBoutique.com.<\/p>\n<p>Follow us on <a href=\"https:\/\/www.instagram.com\/mylovelyboutique.de\/\" target=\"_blank\" rel=\"noopener noreferrer\"><span style=\"color: #96588a;\">Instagram<\/span><\/a> and get inspired.<\/p>","protected":false},"excerpt":{"rendered":"<table class=\"mlb-product-details\">\n<tbody>\n<tr>\n<td class=\"mlb-details-caption\">Model<\/td>\n<td class=\"mlb-details-value\">Lockme Tote MM<\/td>\n<\/tr>\n<tr>\n<td class=\"mlb-details-caption\">Colour<\/td>\n<td class=\"mlb-details-value\">Greige<\/td>\n<\/tr>\n<tr>\n<td class=\"mlb-details-caption\">Hardware<\/td>\n<td class=\"mlb-details-value\">Gold<\/td>\n<\/tr>\n<tr>\n<td class=\"mlb-details-caption\">Year<\/td>\n<td class=\"mlb-details-value\">2020<\/td>\n<\/tr>\n<tr>\n<td class=\"mlb-details-caption\">Accessoires<\/td>\n<td class=\"mlb-details-value\">Dustbag, LV material info, removable shoulder strap<\/td>\n<\/tr>\n<tr>\n<td class=\"mlb-details-caption\">Condition<\/td>\n<td class=\"mlb-details-value\">Mint condition<\/td>\n<\/tr>\n<\/tbody>\n<\/table>","protected":false},"featured_media":17593,"template":"","meta":[],"product_brand":[],"product_cat":[154,68,1431,85,99],"product_tag":[],"class_list":{"0":"post-17592","1":"product","2":"type-product","3":"status-publish","4":"has-post-thumbnail","6":"product_cat-designer","7":"product_cat-handtaschen","8":"product_cat-louisvuitton","9":"product_cat-schultertaschen","10":"product_cat-taschen","11":"product_shipping_class-bis2500","13":"first","14":"outofstock","15":"sold-individually","16":"shipping-taxable","17":"purchasable","18":"product-type-simple"},"_links":{"self":[{"href":"https:\/\/baselle.com\/en\/wp-json\/wp\/v2\/product\/17592","targetHints":{"allow":["GET"]}}],"collection":[{"href":"https:\/\/baselle.com\/en\/wp-json\/wp\/v2\/product"}],"about":[{"href":"https:\/\/baselle.com\/en\/wp-json\/wp\/v2\/types\/product"}],"wp:featuredmedia":[{"embeddable":true,"href":"https:\/\/baselle.com\/en\/wp-json\/wp\/v2\/media\/17593"}],"wp:attachment":[{"href":"https:\/\/baselle.com\/en\/wp-json\/wp\/v2\/media?parent=17592"}],"wp:term":[{"taxonomy":"product_brand","embeddable":true,"href":"https:\/\/baselle.com\/en\/wp-json\/wp\/v2\/product_brand?post=17592"},{"taxonomy":"product_cat","embeddable":true,"href":"https:\/\/baselle.com\/en\/wp-json\/wp\/v2\/product_cat?post=17592"},{"taxonomy":"product_tag","embeddable":true,"href":"https:\/\/baselle.com\/en\/wp-json\/wp\/v2\/product_tag?post=17592"}],"curies":[{"name":"wp","href":"https:\/\/api.w.org\/{rel}","templated":true}]}}