{"id":17456,"date":"2023-01-06T17:22:49","date_gmt":"2023-01-06T16:22:49","guid":{"rendered":"https:\/\/baselle.com\/?post_type=product&#038;p=17456"},"modified":"2024-02-14T22:58:40","modified_gmt":"2024-02-14T21:58:40","slug":"chanel-19-small-tweed-bag-17456","status":"publish","type":"product","link":"https:\/\/baselle.com\/en\/product\/chanel-19-small-tweed-bag-17456\/","title":{"rendered":"CHANEL 19 Small Tweed Bag"},"content":{"rendered":"<p>\n<strong>CHANEL 19 Small Tweed Flap Bag Description<\/strong><\/p>\n<p>This authentic CHANEL 19 Small Tweed Flap Bag captivates with its timeless and modern look. It is made of soft tweed and features a classic woven chain strap, a handle, and multicolored hardware accents. The woven turnlock closure with a large CC signature is a special highlight of this model. <\/p>\n<p>Die CHANEL 19 \u00f6ffnet sich zu einem grauen Innenfutter mit einem Rei\u00dfverschlussfach. Sie kann \u00fcber der Schulter, diagonal am K\u00f6rper und an der Hand getragen werden, so dass maximaler Tragekomfort garantiert ist. Eine komfortable und elegante Handtasche, die sich seit 2019 einen festen Platz neben Chanels Klassikern sichert.\n<\/p>\n<p>\n<strong>Mint condition<\/strong><br \/>\nDiese CHANEL 19 Small Tweed Flap Bag Handtasche ist ungetragen und daher in einem neuwertigen Zustand. Dementsprechend ist der Tweedstoff, das Tascheninnere sowie die Hardware in einem einwandfreien Zustand.\n<\/p>\n<p>\n<strong>Style:<\/strong> Shoulder bag, handbag, crossbody<br \/>\n<strong>Size:<\/strong> Small<br \/>\n<strong>Dimensions (approx.):<\/strong> width 26 cm * height 16 cm * depth 9 cm<br \/>\n<strong>Strap length:<\/strong> 106 cm\n<\/p>\n<p>\n<strong>Exterior material:<\/strong> Tweed<br \/>\n<strong>Interior Material<\/strong> fabric lining\n<\/p>\n<p>The pictures represent the offered bag. The picture rights are held by MyLovelyBoutique.com. <\/p>\n<p>Follow us on <a href=\"https:\/\/www.instagram.com\/mylovelyboutique.de\/\" rel=\"noopener noreferrer\" target=\"_blank\"><span style=\"color: #96588a;\">Instagram<\/span><\/a> and get inspired. <\/p>","protected":false},"excerpt":{"rendered":"<table class=\"mlb-product-details\">\n<tbody>\n<tr>\n<td class=\"mlb-details-caption\">Model<\/td>\n<td class=\"mlb-details-value\">CHANEL 19 Small Tweed Bag<\/td>\n<\/tr>\n<tr>\n<td class=\"mlb-details-caption\">Colour<\/td>\n<td class=\"mlb-details-value\">Grau, Schwarz, Wei\u00df<\/td>\n<\/tr>\n<tr>\n<td class=\"mlb-details-caption\">Hardware<\/td>\n<td class=\"mlb-details-value\">Gold, silver<\/td>\n<\/tr>\n<tr>\n<td class=\"mlb-details-caption\">Year<\/td>\n<td class=\"mlb-details-value\">2021<\/td>\n<\/tr>\n<tr>\n<td class=\"mlb-details-caption\">Accessoires<\/td>\n<td class=\"mlb-details-value\">Rechnung, Box, Staubbeutel, Microchip<\/td>\n<\/tr>\n<tr>\n<td class=\"mlb-details-caption\">Condition<\/td>\n<td class=\"mlb-details-value\">Mint condition<\/td>\n<\/tr>\n<\/tbody>\n<\/table>","protected":false},"featured_media":17457,"template":"","meta":[],"product_brand":[],"product_cat":[1430,87,154,68,85,99],"product_tag":[],"class_list":{"0":"post-17456","1":"product","2":"type-product","3":"status-publish","4":"has-post-thumbnail","6":"product_cat-chanel","7":"product_cat-crossbodytaschen","8":"product_cat-designer","9":"product_cat-handtaschen","10":"product_cat-schultertaschen","11":"product_cat-taschen","12":"product_shipping_class-bis5000","14":"first","15":"outofstock","16":"sold-individually","17":"shipping-taxable","18":"purchasable","19":"product-type-simple"},"_links":{"self":[{"href":"https:\/\/baselle.com\/en\/wp-json\/wp\/v2\/product\/17456","targetHints":{"allow":["GET"]}}],"collection":[{"href":"https:\/\/baselle.com\/en\/wp-json\/wp\/v2\/product"}],"about":[{"href":"https:\/\/baselle.com\/en\/wp-json\/wp\/v2\/types\/product"}],"wp:featuredmedia":[{"embeddable":true,"href":"https:\/\/baselle.com\/en\/wp-json\/wp\/v2\/media\/17457"}],"wp:attachment":[{"href":"https:\/\/baselle.com\/en\/wp-json\/wp\/v2\/media?parent=17456"}],"wp:term":[{"taxonomy":"product_brand","embeddable":true,"href":"https:\/\/baselle.com\/en\/wp-json\/wp\/v2\/product_brand?post=17456"},{"taxonomy":"product_cat","embeddable":true,"href":"https:\/\/baselle.com\/en\/wp-json\/wp\/v2\/product_cat?post=17456"},{"taxonomy":"product_tag","embeddable":true,"href":"https:\/\/baselle.com\/en\/wp-json\/wp\/v2\/product_tag?post=17456"}],"curies":[{"name":"wp","href":"https:\/\/api.w.org\/{rel}","templated":true}]}}