{"id":17298,"date":"2022-12-14T13:00:02","date_gmt":"2022-12-14T12:00:02","guid":{"rendered":"https:\/\/baselle.com\/?post_type=product&#038;p=17298"},"modified":"2023-01-03T16:37:10","modified_gmt":"2023-01-03T15:37:10","slug":"chanel-kaschmir-muetze-schwarz-17298","status":"publish","type":"product","link":"https:\/\/baselle.com\/en\/product\/chanel-kaschmir-muetze-schwarz-17298\/","title":{"rendered":"CHANEL Cashmere Beanie"},"content":{"rendered":"<p><strong>CHANEL Cashmere Beanie Description<\/strong><\/p>\n<p>Diese originale CHANEL Kaschmir M\u00fctze ist aus dickem und superweichen Kaschmir-Strick gefertigt. Mit dieser M\u00fctze h\u00e4ltst Du nicht nur Deinen Kopf warm, sondern tr\u00e4gst ein zeitloses und wundersch\u00f6nes Accessoire an eisigen Wintertagen!<\/p>\n<p><strong>Excellent condition<\/strong><br \/>\nDiese CHANEL Kaschmir M\u00fctze aus zweiter Hand ist in einem einwandfreien Zustand.<\/p>\n<p><strong>Dimensions (approx.):<\/strong> Umfang = 48 cm bis 58 cm<\/p>\n<p><strong>Material:<\/strong> 100 % cashmere<\/p>\n<p>Die Bilder stellen die angebotene M\u00fctze dar und sind Eigentum von MyLovelyBoutique.com.<\/p>\n<p>Follow us on <a href=\"https:\/\/www.instagram.com\/mylovelyboutique.de\/\" rel=\"noopener noreferrer\" target=\"_blank\"><span style=\"color: #96588a;\">Instagram<\/span><\/a> and get inspired. <\/p>","protected":false},"excerpt":{"rendered":"<table class=\"mlb-product-details\">\n<tbody>\n<tr>\n<td class=\"mlb-details-caption\">Model<\/td>\n<td class=\"mlb-details-value\">Kaschmir M\u00fctze<\/td>\n<\/tr>\n<tr>\n<td class=\"mlb-details-caption\">Colour<\/td>\n<td class=\"mlb-details-value\">Black<\/td>\n<\/tr>\n<tr>\n<td class=\"mlb-details-caption\">Hardware<\/td>\n<td class=\"mlb-details-value\">&#8211;<\/td>\n<\/tr>\n<tr>\n<td class=\"mlb-details-caption\">Year<\/td>\n<td class=\"mlb-details-value\">&#8211;<\/td>\n<\/tr>\n<tr>\n<td class=\"mlb-details-caption\">Accessoires<\/td>\n<td class=\"mlb-details-value\">Box<\/td>\n<\/tr>\n<tr>\n<td class=\"mlb-details-caption\">Condition<\/td>\n<td class=\"mlb-details-value\">Excellent condition<\/td>\n<\/tr>\n<\/tbody>\n<\/table>","protected":false},"featured_media":17362,"template":"","meta":[],"product_brand":[],"product_cat":[57,1430,154,91],"product_tag":[],"class_list":{"0":"post-17298","1":"product","2":"type-product","3":"status-publish","4":"has-post-thumbnail","6":"product_cat-accessories","7":"product_cat-chanel","8":"product_cat-designer","9":"product_cat-muetzen","10":"product_shipping_class-0-500","12":"first","13":"outofstock","14":"sold-individually","15":"shipping-taxable","16":"purchasable","17":"product-type-simple"},"_links":{"self":[{"href":"https:\/\/baselle.com\/en\/wp-json\/wp\/v2\/product\/17298","targetHints":{"allow":["GET"]}}],"collection":[{"href":"https:\/\/baselle.com\/en\/wp-json\/wp\/v2\/product"}],"about":[{"href":"https:\/\/baselle.com\/en\/wp-json\/wp\/v2\/types\/product"}],"wp:featuredmedia":[{"embeddable":true,"href":"https:\/\/baselle.com\/en\/wp-json\/wp\/v2\/media\/17362"}],"wp:attachment":[{"href":"https:\/\/baselle.com\/en\/wp-json\/wp\/v2\/media?parent=17298"}],"wp:term":[{"taxonomy":"product_brand","embeddable":true,"href":"https:\/\/baselle.com\/en\/wp-json\/wp\/v2\/product_brand?post=17298"},{"taxonomy":"product_cat","embeddable":true,"href":"https:\/\/baselle.com\/en\/wp-json\/wp\/v2\/product_cat?post=17298"},{"taxonomy":"product_tag","embeddable":true,"href":"https:\/\/baselle.com\/en\/wp-json\/wp\/v2\/product_tag?post=17298"}],"curies":[{"name":"wp","href":"https:\/\/api.w.org\/{rel}","templated":true}]}}