{"id":17240,"date":"2022-12-08T15:57:10","date_gmt":"2022-12-08T14:57:10","guid":{"rendered":"https:\/\/baselle.com\/?post_type=product&#038;p=17240"},"modified":"2024-02-02T18:44:36","modified_gmt":"2024-02-02T17:44:36","slug":"louis-vuitton-palm-springs-mini-17240","status":"publish","type":"product","link":"https:\/\/baselle.com\/en\/product\/louis-vuitton-palm-springs-mini-17240\/","title":{"rendered":"Louis Vuitton Palm Springs Mini"},"content":{"rendered":"<p>\n<strong>Louis Vuitton Palm Springs Mini Monogram Canvas Rucksack Beschreibung<\/strong><\/p>\n<p>Dieser originale Louis Vuitton Palm Springs Mini Monogram Canvas Rucksack ist ein kompaktes Accessoire f\u00fcr den t\u00e4glichen Gebrauch. Die Kombination aus trendigem Design mit moderner Funktionalit\u00e4t machen aus diesem Rucksack den perfekten City-Begleiter. Er ist aus beschichtetem Canvas gefertigt und verf\u00fcgt \u00fcber schwarze Kalbsleder-Akzente, einen gepolstertem Ledergriff, eine Schalschlaufe und goldfarbene Hardware. <\/p>\n<p>Die Schulterriemen sind verstellbar und k\u00f6nnen beliebig angebracht werden, so dass der Mini Palm Springs diagonal am K\u00f6rper, bequem \u00fcber der Schulter oder als Rucksack getragen werden kann. Die verschiedenen Trageweisen garantieren Dir maximalen Tragekomfort im Alltag.Der Rei\u00dfverschluss \u00f6ffnet sich zu einem schwarzen Innenraum aus Textilinnenfutter mit einem Steckfach. Zus\u00e4tzlichen Stauraum bietet das aufgesetzte Rei\u00dfverschlussfach auf der Vorderseite des Palm Springs Rucksacks.\n<\/p>\n<p>\n<strong>Mint condition<\/strong><br \/>\nDieser  Louis Vuitton Palm Springs Mini Monogram Canvas Rucksack aus zweiter Hand ist ungetragen und daher in einem neuwertigen Zustand. Das beschichtete Canvas, die Kalbsleder-Bes\u00e4tze sowie die goldfarbenen Beschl\u00e4ge sind daher in einem einwandfreien Zustand.\n<\/p>\n<p>\n<strong>Style:<\/strong> Backpack<br \/>\n<strong>Size:<\/strong> Mini<br \/>\n<strong>Dimensions (approx.):<\/strong> Breite 17 cm * H\u00f6he 22 cm * Tiefe 10 cm\n<\/p>\n<p>\n<strong>Exterior material:<\/strong> Canvas, calfskin leather<br \/>\n<strong>Interior Material<\/strong> fabric lining\n<\/p>\n<p>Die Bilder stellen den angebotenen Rucksack dar und sind Eigentum von MyLovelyBoutique.com.<\/p>\n<p>Follow us on <a href=\"https:\/\/www.instagram.com\/mylovelyboutique.de\/\" rel=\"noopener noreferrer\" target=\"_blank\"><span style=\"color: #96588a;\">Instagram<\/span><\/a> and get inspired. <\/p>","protected":false},"excerpt":{"rendered":"<table class=\"mlb-product-details\">\n<tbody>\n<tr>\n<td class=\"mlb-details-caption\">Model<\/td>\n<td class=\"mlb-details-value\">Palm Springs Mini<\/td>\n<\/tr>\n<tr>\n<td class=\"mlb-details-caption\">Colour<\/td>\n<td class=\"mlb-details-value\">Brown, Black<\/td>\n<\/tr>\n<tr>\n<td class=\"mlb-details-caption\">Hardware<\/td>\n<td class=\"mlb-details-value\">Gold<\/td>\n<\/tr>\n<tr>\n<td class=\"mlb-details-caption\">Year<\/td>\n<td class=\"mlb-details-value\">2020<\/td>\n<\/tr>\n<tr>\n<td class=\"mlb-details-caption\">Accessoires<\/td>\n<td class=\"mlb-details-value\">LV-Rechnung, Box, Staubbeutel, LV-Booklet, LV-Materialinfo<\/td>\n<\/tr>\n<tr>\n<td class=\"mlb-details-caption\">Condition<\/td>\n<td class=\"mlb-details-value\">Mint condition<\/td>\n<\/tr>\n<\/tbody>\n<\/table>","protected":false},"featured_media":17260,"template":"","meta":[],"product_brand":[],"product_cat":[87,154,86,1431,88,85,99],"product_tag":[],"class_list":{"0":"post-17240","1":"product","2":"type-product","3":"status-publish","4":"has-post-thumbnail","6":"product_cat-crossbodytaschen","7":"product_cat-designer","8":"product_cat-kleinetaschen","9":"product_cat-louisvuitton","10":"product_cat-rucksaecke","11":"product_cat-schultertaschen","12":"product_cat-taschen","13":"product_shipping_class-bis2500","15":"first","16":"outofstock","17":"sold-individually","18":"shipping-taxable","19":"purchasable","20":"product-type-simple"},"_links":{"self":[{"href":"https:\/\/baselle.com\/en\/wp-json\/wp\/v2\/product\/17240","targetHints":{"allow":["GET"]}}],"collection":[{"href":"https:\/\/baselle.com\/en\/wp-json\/wp\/v2\/product"}],"about":[{"href":"https:\/\/baselle.com\/en\/wp-json\/wp\/v2\/types\/product"}],"wp:featuredmedia":[{"embeddable":true,"href":"https:\/\/baselle.com\/en\/wp-json\/wp\/v2\/media\/17260"}],"wp:attachment":[{"href":"https:\/\/baselle.com\/en\/wp-json\/wp\/v2\/media?parent=17240"}],"wp:term":[{"taxonomy":"product_brand","embeddable":true,"href":"https:\/\/baselle.com\/en\/wp-json\/wp\/v2\/product_brand?post=17240"},{"taxonomy":"product_cat","embeddable":true,"href":"https:\/\/baselle.com\/en\/wp-json\/wp\/v2\/product_cat?post=17240"},{"taxonomy":"product_tag","embeddable":true,"href":"https:\/\/baselle.com\/en\/wp-json\/wp\/v2\/product_tag?post=17240"}],"curies":[{"name":"wp","href":"https:\/\/api.w.org\/{rel}","templated":true}]}}