{"id":17150,"date":"2022-10-05T16:04:24","date_gmt":"2022-10-05T14:04:24","guid":{"rendered":"https:\/\/baselle.com\/?post_type=product&#038;p=17150"},"modified":"2024-09-28T22:32:28","modified_gmt":"2024-09-28T20:32:28","slug":"hermes-24-24-29-colorblock-17150","status":"publish","type":"product","link":"https:\/\/baselle.com\/en\/product\/hermes-24-24-29-colorblock-17150\/","title":{"rendered":"Herm\u00e8s 24\/24 &#8211; 29 Colorblock"},"content":{"rendered":"<p>\n<strong>Herm\u00e8s 24\/24 &#8211; 29 Colorblock Togo Leder Handtasche Beschreibung<\/strong><\/p>\n<p>Diese originale Herm\u00e8s 24\/24 &#8211; 29 Colorblock Togo Leder Handtasche besticht durch ihr schlichtes Design und ist perfekt f\u00fcr die moderne Frau. Sie ist aus robustem Togo-Kalbsleder sowie Swift-Kalbsleder gefertigt und verf\u00fcgt \u00fcber einen Drehverschluss mit Palladiumauflage. Die Handtasche \u00f6ffnet sich zu einem gleichfarbigen Lederfutter mit einem Rei\u00dfverschlussfach. Ein weiteres Steckfach befindet sich auf dem Taschenr\u00fccken. Die 24\/24 kann \u00fcber der Schulter sowie an der Hand getragen werden und verspricht maximalen Tragekomfort.\n<\/p>\n<p>\n<strong>Mint condition<\/strong><br \/>\nDiese Herm\u00e8s 24\/24 &#8211; 29 Colorblock Togo Leder Handtasche ist neu und ungetragen.\n<\/p>\n<p>\n<strong>Style:<\/strong> Shoulder bag, handbag<br \/>\n<strong>Size:<\/strong> 29<br \/>\n<strong>Dimensions (approx.):<\/strong> Breite 29 cm * H\u00f6he 27 cm * Tiefe 14 cm\n<\/p>\n<p>\n<strong>Exterior material:<\/strong> Togo Kalbsleder, Swift Kalbsleder<br \/>\n<strong>Interior Material<\/strong> Leather lining\n<\/p>\n<p>Die Bilder stellen die angebotene Tasche dar und sind Eigentum von BASELLE.com. <\/p>\n<p>Follow us on <a href=\"https:\/\/www.instagram.com\/baselle_com\/\" rel=\"noopener noreferrer\" target=\"_blank\"><strong>Instagram<\/strong><\/a> and get inspired. <\/p>","protected":false},"excerpt":{"rendered":"<table class=\"mlb-product-details\">\n<tbody>\n<tr>\n<td class=\"mlb-details-caption\">Model<\/td>\n<td class=\"mlb-details-value\">24\/24 &#8211; 29 Colorblock<\/td>\n<\/tr>\n<tr>\n<td class=\"mlb-details-caption\">Colour<\/td>\n<td class=\"mlb-details-value\">Rouge Sellier, Cuivre<\/td>\n<\/tr>\n<tr>\n<td class=\"mlb-details-caption\">Hardware<\/td>\n<td class=\"mlb-details-value\">Silber-\/Palladiumauflage<\/td>\n<\/tr>\n<tr>\n<td class=\"mlb-details-caption\">Year<\/td>\n<td class=\"mlb-details-value\">2022<\/td>\n<\/tr>\n<tr>\n<td class=\"mlb-details-caption\">Accessoires<\/td>\n<td class=\"mlb-details-value\">Invoice, box, dustbag<\/td>\n<\/tr>\n<tr>\n<td class=\"mlb-details-caption\">Condition<\/td>\n<td class=\"mlb-details-value\">New<\/td>\n<\/tr>\n<\/tbody>\n<\/table>","protected":false},"featured_media":17152,"template":"","meta":[],"product_brand":[],"product_cat":[154,68,3671,85,99],"product_tag":[],"class_list":{"0":"post-17150","1":"product","2":"type-product","3":"status-publish","4":"has-post-thumbnail","6":"product_cat-designer","7":"product_cat-handtaschen","8":"product_cat-hermes","9":"product_cat-schultertaschen","10":"product_cat-taschen","11":"product_shipping_class-ab5001","13":"first","14":"outofstock","15":"sold-individually","16":"shipping-taxable","17":"purchasable","18":"product-type-simple"},"_links":{"self":[{"href":"https:\/\/baselle.com\/en\/wp-json\/wp\/v2\/product\/17150","targetHints":{"allow":["GET"]}}],"collection":[{"href":"https:\/\/baselle.com\/en\/wp-json\/wp\/v2\/product"}],"about":[{"href":"https:\/\/baselle.com\/en\/wp-json\/wp\/v2\/types\/product"}],"wp:featuredmedia":[{"embeddable":true,"href":"https:\/\/baselle.com\/en\/wp-json\/wp\/v2\/media\/17152"}],"wp:attachment":[{"href":"https:\/\/baselle.com\/en\/wp-json\/wp\/v2\/media?parent=17150"}],"wp:term":[{"taxonomy":"product_brand","embeddable":true,"href":"https:\/\/baselle.com\/en\/wp-json\/wp\/v2\/product_brand?post=17150"},{"taxonomy":"product_cat","embeddable":true,"href":"https:\/\/baselle.com\/en\/wp-json\/wp\/v2\/product_cat?post=17150"},{"taxonomy":"product_tag","embeddable":true,"href":"https:\/\/baselle.com\/en\/wp-json\/wp\/v2\/product_tag?post=17150"}],"curies":[{"name":"wp","href":"https:\/\/api.w.org\/{rel}","templated":true}]}}