{"id":17138,"date":"2022-10-03T14:55:58","date_gmt":"2022-10-03T12:55:58","guid":{"rendered":"https:\/\/baselle.com\/?post_type=product&#038;p=17138"},"modified":"2022-11-25T14:38:19","modified_gmt":"2022-11-25T13:38:19","slug":"hermes-roulis-23-caban-17138","status":"publish","type":"product","link":"https:\/\/baselle.com\/en\/product\/hermes-roulis-23-caban-17138\/","title":{"rendered":"Herm\u00e8s Roulis 23"},"content":{"rendered":"<p>\n<strong>Herm\u00e8s Roulis 23 Leder Handtasche Beschreibung<\/strong><\/p>\n<p>Diese originale Herm\u00e8s Roulis 23 Leder Handtasche ist ein zeitlos elegantes und wundersch\u00f6nes Modell. Sie ist aus robustem Togo-Kalbsleder gefertigt und verf\u00fcgt \u00fcber einen Permabrass-Verschluss. Die Handtasche \u00f6ffnet sich zu einem dunklen Lederfutter mit drei F\u00e4chern. Ein weiteres Steckfach befindet sich auf dem Taschenr\u00fccken. Die schlichte Roulis kann diagonal am K\u00f6rper sowie kurz oder lange \u00fcber der Schulter getragen werden und verspricht maximalen Tragekomfort.\n<\/p>\n<p>\n<strong>Mint condition<\/strong><br \/>\nDiese Herm\u00e8s Roulis 23 Handtasche ist neu und ungetragen.\n<\/p>\n<p>\n<strong>Style:<\/strong> Shoulder bag, clutch, crossbody<br \/>\n<strong>Size:<\/strong> 23<br \/>\n<strong>Dimensions (approx.):<\/strong> Breite 23 cm * H\u00f6he 21 cm * Tiefe 8 cm\n<\/p>\n<p>\n<strong>Exterior material:<\/strong> Grained calfskin leather <br \/>\n<strong>Interior Material<\/strong> Leather lining\n<\/p>\n<p>The pictures represent the offered bag. The picture rights are held by MyLovelyBoutique.com. <\/p>\n<p>Follow us on <a href=\"https:\/\/www.instagram.com\/mylovelyboutique.de\/\" rel=\"noopener noreferrer\" target=\"_blank\"><span style=\"color: #96588a;\">Instagram<\/span><\/a> and get inspired. <\/p>","protected":false},"excerpt":{"rendered":"<table class=\"mlb-product-details\">\n<tbody>\n<tr>\n<td class=\"mlb-details-caption\">Model<\/td>\n<td class=\"mlb-details-value\">Roulis 23<\/td>\n<\/tr>\n<tr>\n<td class=\"mlb-details-caption\">Colour<\/td>\n<td class=\"mlb-details-value\">Caban\/Schwarz<\/td>\n<\/tr>\n<tr>\n<td class=\"mlb-details-caption\">Hardware<\/td>\n<td class=\"mlb-details-value\">Permabrass\/Champagnergold<\/td>\n<\/tr>\n<tr>\n<td class=\"mlb-details-caption\">Year<\/td>\n<td class=\"mlb-details-value\">2022<\/td>\n<\/tr>\n<tr>\n<td class=\"mlb-details-caption\">Accessoires<\/td>\n<td class=\"mlb-details-value\">Invoice, box, dustbag<\/td>\n<\/tr>\n<tr>\n<td class=\"mlb-details-caption\">Condition<\/td>\n<td class=\"mlb-details-value\">New<\/td>\n<\/tr>\n<\/tbody>\n<\/table>","protected":false},"featured_media":17139,"template":"","meta":[],"product_brand":[],"product_cat":[87,154,3671,85,99],"product_tag":[],"class_list":{"0":"post-17138","1":"product","2":"type-product","3":"status-publish","4":"has-post-thumbnail","6":"product_cat-crossbodytaschen","7":"product_cat-designer","8":"product_cat-hermes","9":"product_cat-schultertaschen","10":"product_cat-taschen","11":"product_shipping_class-ab5001","13":"first","14":"outofstock","15":"sold-individually","16":"shipping-taxable","17":"purchasable","18":"product-type-simple"},"_links":{"self":[{"href":"https:\/\/baselle.com\/en\/wp-json\/wp\/v2\/product\/17138","targetHints":{"allow":["GET"]}}],"collection":[{"href":"https:\/\/baselle.com\/en\/wp-json\/wp\/v2\/product"}],"about":[{"href":"https:\/\/baselle.com\/en\/wp-json\/wp\/v2\/types\/product"}],"wp:featuredmedia":[{"embeddable":true,"href":"https:\/\/baselle.com\/en\/wp-json\/wp\/v2\/media\/17139"}],"wp:attachment":[{"href":"https:\/\/baselle.com\/en\/wp-json\/wp\/v2\/media?parent=17138"}],"wp:term":[{"taxonomy":"product_brand","embeddable":true,"href":"https:\/\/baselle.com\/en\/wp-json\/wp\/v2\/product_brand?post=17138"},{"taxonomy":"product_cat","embeddable":true,"href":"https:\/\/baselle.com\/en\/wp-json\/wp\/v2\/product_cat?post=17138"},{"taxonomy":"product_tag","embeddable":true,"href":"https:\/\/baselle.com\/en\/wp-json\/wp\/v2\/product_tag?post=17138"}],"curies":[{"name":"wp","href":"https:\/\/api.w.org\/{rel}","templated":true}]}}