{"id":17127,"date":"2022-10-01T15:05:56","date_gmt":"2022-10-01T13:05:56","guid":{"rendered":"https:\/\/baselle.com\/?post_type=product&#038;p=17127"},"modified":"2022-12-02T17:50:45","modified_gmt":"2022-12-02T16:50:45","slug":"hermes-herbag-zip-31-menthe-ecru-beige-nature-17127","status":"publish","type":"product","link":"https:\/\/baselle.com\/en\/product\/hermes-herbag-zip-31-menthe-ecru-beige-nature-17127\/","title":{"rendered":"Herm\u00e8s Herbag Zip 31"},"content":{"rendered":"<p>\n<strong>Herm\u00e8s Herbag Zip 31 Handtasche Beschreibung<\/strong><\/p>\n<p>Diese originale Herm\u00e8s Herbag Zip 31 Handtasche vereint schlichtes Design mit l\u00e4ssigem Tragekomfort. Sie ist aus Vache Hunter und Toile gefertigt und verf\u00fcgt \u00fcber silberne Hardware-Akzente.  Durch den &#8220;Clou de Selle&#8221;-Verschluss aus Palladium \u00f6ffnet sich die Tasche zu einem hellen Stofffutter mit einer abnehmbaren Pochette im Tascheninneren. Die sportliche Herbag kann an der Hand, \u00fcber der Schulter oder diagonal am K\u00f6rper getragen werden und verspricht maximalen Tragekomfort.\n<\/p>\n<p>\n<strong>Mint condition<\/strong><br \/>\nDiese Herm\u00e8s Herbag Zip 31 Handtasche ist neu und ungetragen.\n<\/p>\n<p>\n<strong>Style:<\/strong> Shoulder bag, handbag<br \/>\n<strong>Size:<\/strong> 31<br \/>\n<strong>Dimensions (approx.):<\/strong> Breite 31 cm * H\u00f6he 25 cm * Tiefe 10 cm\n<\/p>\n<p>\n<strong>Exterior material:<\/strong> Rindsleder, Stoff <br \/>\n<strong>Interior Material<\/strong> fabric lining\n<\/p>\n<p>The pictures represent the offered bag. The picture rights are held by MyLovelyBoutique.com. <\/p>\n<p>Follow us on <a href=\"https:\/\/www.instagram.com\/mylovelyboutique.de\/\" rel=\"noopener noreferrer\" target=\"_blank\"><span style=\"color: #96588a;\">Instagram<\/span><\/a> and get inspired. <\/p>","protected":false},"excerpt":{"rendered":"<table class=\"mlb-product-details\">\n<tbody>\n<tr>\n<td class=\"mlb-details-caption\">Model<\/td>\n<td class=\"mlb-details-value\">Herbag Zip 31<\/td>\n<\/tr>\n<tr>\n<td class=\"mlb-details-caption\">Colour<\/td>\n<td class=\"mlb-details-value\">Menthe\/\u00c9cru\/Beige\/Nature<\/td>\n<\/tr>\n<tr>\n<td class=\"mlb-details-caption\">Hardware<\/td>\n<td class=\"mlb-details-value\">Silber-\/Palladiumauflage<\/td>\n<\/tr>\n<tr>\n<td class=\"mlb-details-caption\">Year<\/td>\n<td class=\"mlb-details-value\">2022<\/td>\n<\/tr>\n<tr>\n<td class=\"mlb-details-caption\">Accessoires<\/td>\n<td class=\"mlb-details-value\">Rechnung, Box, Staubbeutel, Pochette, Clochette, Schloss + Schl\u00fcssel<\/td>\n<\/tr>\n<tr>\n<td class=\"mlb-details-caption\">Condition<\/td>\n<td class=\"mlb-details-value\">New<\/td>\n<\/tr>\n<\/tbody>\n<\/table>","protected":false},"featured_media":17128,"template":"","meta":[],"product_brand":[],"product_cat":[87,154,68,3671,85,99],"product_tag":[],"class_list":{"0":"post-17127","1":"product","2":"type-product","3":"status-publish","4":"has-post-thumbnail","6":"product_cat-crossbodytaschen","7":"product_cat-designer","8":"product_cat-handtaschen","9":"product_cat-hermes","10":"product_cat-schultertaschen","11":"product_cat-taschen","12":"product_shipping_class-bis5000","14":"first","15":"outofstock","16":"sold-individually","17":"shipping-taxable","18":"purchasable","19":"product-type-simple"},"_links":{"self":[{"href":"https:\/\/baselle.com\/en\/wp-json\/wp\/v2\/product\/17127","targetHints":{"allow":["GET"]}}],"collection":[{"href":"https:\/\/baselle.com\/en\/wp-json\/wp\/v2\/product"}],"about":[{"href":"https:\/\/baselle.com\/en\/wp-json\/wp\/v2\/types\/product"}],"wp:featuredmedia":[{"embeddable":true,"href":"https:\/\/baselle.com\/en\/wp-json\/wp\/v2\/media\/17128"}],"wp:attachment":[{"href":"https:\/\/baselle.com\/en\/wp-json\/wp\/v2\/media?parent=17127"}],"wp:term":[{"taxonomy":"product_brand","embeddable":true,"href":"https:\/\/baselle.com\/en\/wp-json\/wp\/v2\/product_brand?post=17127"},{"taxonomy":"product_cat","embeddable":true,"href":"https:\/\/baselle.com\/en\/wp-json\/wp\/v2\/product_cat?post=17127"},{"taxonomy":"product_tag","embeddable":true,"href":"https:\/\/baselle.com\/en\/wp-json\/wp\/v2\/product_tag?post=17127"}],"curies":[{"name":"wp","href":"https:\/\/api.w.org\/{rel}","templated":true}]}}