{"id":17051,"date":"2022-09-19T14:59:17","date_gmt":"2022-09-19T12:59:17","guid":{"rendered":"https:\/\/baselle.com\/?post_type=product&#038;p=17051"},"modified":"2022-11-25T14:38:15","modified_gmt":"2022-11-25T13:38:15","slug":"chanel-2-55-reissue-maxi-double-flap-bag-black-17051","status":"publish","type":"product","link":"https:\/\/baselle.com\/en\/product\/chanel-2-55-reissue-maxi-double-flap-bag-black-17051\/","title":{"rendered":"CHANEL 2.55 Reissue Maxi"},"content":{"rendered":"<p>\n<strong>CHANEL 2.55 Reissue Maxi Double Flap Bag Handtasche Beschreibung<\/strong><\/p>\n<p>Diese originale CHANEL 2.55 Reissue Maxi Double Flap Bag Handtasche ist eine schicke und klassische Tasche im typisch zeitlosen Stil von Chanel. In ihrer Maxi-Gr\u00f6\u00dfe eignet sie sich perfekt f\u00fcr den Alltag &#8211; sie bietet genug Platz f\u00fcr alles, was Frau \u00fcber den Tag so braucht. Die Reissue Bag ist aus Kalbsleder mit Diamant-Steppung gefertigt und verf\u00fcgt \u00fcber einen flexiblen Kettenriemen, ein Mademoiselle-Turnlock und silberne Hardware-Akzente.  <\/p>\n<p>Der Mademoiselle-Turnlock-Verschluss und die Klappe mit Druckknopfverschluss \u00f6ffnen sich zu einem roten Lederfutter, aufgeteilt in ein Hauptfach, zwei Steckf\u00e4cher und ein vorne aufgesetztes Steckfach. Des weiteren befindet sich unter der Lasche ein kleines Rei\u00dfverschlussfach und am Taschenr\u00fccken ein aufgesetztes Steckfach. Die Double Flap Bag kann kurz oder lang \u00fcber der Schulter getragen werden, so dass maximaler Tragekomfort garantiert ist. Eine komfortable und schlichte Handtasche, die Chanels klassisches Design verk\u00f6rpert.\n<\/p>\n<p>\n<strong>Very good condition:<\/strong><br \/>\nDiese CHANEL 2.55 Reissue Maxi Double Flap Bag Handtasche aus zweiter Hand ist insgesamt in einem sehr guten Zustand. Das Kalbsleder &#8211; auch die Ecken &#8211; sind in einem sehr sch\u00f6nen gepflegten Zustand. Das Tascheninnere ist sauber und weist keine L\u00f6cher\/Risse auf. Die silberfarbenen Hardware-Akzente sind in einem sehr guten Zustand.\n<\/p>\n<p>\n<strong>Style:<\/strong> Shoulder bag, crossbody<br \/>\n<strong>Size:<\/strong> Maxi<br \/>\n<strong>Dimensions (approx.):<\/strong> Breite 31,5 cm * H\u00f6he 20 cm * Tiefe 10 cm<br \/>\n<strong>Shoulder chain:<\/strong> einfach = 102 cm; doppelt = 62 cm\n<\/p>\n<p>\n<strong>Exterior material:<\/strong> Kalbsleder in Vintage-Optik<br \/>\n<strong>Interior Material<\/strong> calfskin leather\n<\/p>\n<p>The pictures represent the offered bag. The picture rights are held by MyLovelyBoutique.com. <\/p>\n<p>Follow us on <a href=\"https:\/\/www.instagram.com\/mylovelyboutique.de\/\" rel=\"noopener noreferrer\" target=\"_blank\"><span style=\"color: #96588a;\">Instagram<\/span><\/a> and get inspired. <\/p>","protected":false},"excerpt":{"rendered":"<br \/>\n<table class=\"mlb-product-details\">\n<tbody>\n<tr>\n<td class=\"mlb-details-caption\">Model<\/td>\n<td class=\"mlb-details-value\">2.55 Reissue Maxi Double Flap Bag<\/td>\n<\/tr>\n<tr>\n<td class=\"mlb-details-caption\">Colour<\/td>\n<td class=\"mlb-details-value\">Black<\/td>\n<\/tr>\n<tr>\n<td class=\"mlb-details-caption\">Hardware<\/td>\n<td class=\"mlb-details-value\">Silver with ruthenium finish<\/td>\n<\/tr>\n<tr>\n<td class=\"mlb-details-caption\">Year<\/td>\n<td class=\"mlb-details-value\">2013<\/td>\n<\/tr>\n<tr>\n<td class=\"mlb-details-caption\">Accessoires<\/td>\n<td class=\"mlb-details-value\">Box, dustbag, serialnumber with hologram<\/td>\n<\/tr>\n<tr>\n<td class=\"mlb-details-caption\">Condition<\/td>\n<td class=\"mlb-details-value\">Very good condition<\/td>\n<\/tr>\n<\/tbody>\n<\/table>","protected":false},"featured_media":17065,"template":"","meta":[],"product_brand":[],"product_cat":[1430,87,154,85,99],"product_tag":[],"class_list":{"0":"post-17051","1":"product","2":"type-product","3":"status-publish","4":"has-post-thumbnail","6":"product_cat-chanel","7":"product_cat-crossbodytaschen","8":"product_cat-designer","9":"product_cat-schultertaschen","10":"product_cat-taschen","11":"product_shipping_class-bis5000","13":"first","14":"outofstock","15":"sold-individually","16":"shipping-taxable","17":"purchasable","18":"product-type-simple"},"_links":{"self":[{"href":"https:\/\/baselle.com\/en\/wp-json\/wp\/v2\/product\/17051","targetHints":{"allow":["GET"]}}],"collection":[{"href":"https:\/\/baselle.com\/en\/wp-json\/wp\/v2\/product"}],"about":[{"href":"https:\/\/baselle.com\/en\/wp-json\/wp\/v2\/types\/product"}],"wp:featuredmedia":[{"embeddable":true,"href":"https:\/\/baselle.com\/en\/wp-json\/wp\/v2\/media\/17065"}],"wp:attachment":[{"href":"https:\/\/baselle.com\/en\/wp-json\/wp\/v2\/media?parent=17051"}],"wp:term":[{"taxonomy":"product_brand","embeddable":true,"href":"https:\/\/baselle.com\/en\/wp-json\/wp\/v2\/product_brand?post=17051"},{"taxonomy":"product_cat","embeddable":true,"href":"https:\/\/baselle.com\/en\/wp-json\/wp\/v2\/product_cat?post=17051"},{"taxonomy":"product_tag","embeddable":true,"href":"https:\/\/baselle.com\/en\/wp-json\/wp\/v2\/product_tag?post=17051"}],"curies":[{"name":"wp","href":"https:\/\/api.w.org\/{rel}","templated":true}]}}