{"id":17001,"date":"2023-04-11T12:39:57","date_gmt":"2023-04-11T10:39:57","guid":{"rendered":"https:\/\/baselle.com\/?post_type=product&#038;p=17001"},"modified":"2024-01-28T14:31:06","modified_gmt":"2024-01-28T13:31:06","slug":"louis-vuitton-speedy-35-monogram-aquarelle-watercolor-17001","status":"publish","type":"product","link":"https:\/\/baselle.com\/en\/product\/louis-vuitton-speedy-35-monogram-aquarelle-watercolor-17001\/","title":{"rendered":"Louis Vuitton Speedy 35"},"content":{"rendered":"<p>\n<strong>Louis Vuitton Speedy 35 Monogram Aquarelle Watercolor Handtasche Beschreibung<\/strong><\/p>\n<p>Diese originale Louis Vuitton Speedy 35 Monogram Aquarelle Watercolor Handtasche by Richard Prince war als limitierte Edition sofort ausverkauft. Sie ist nach wie vor eine der begehrtesten Most-Wanted-Bags. Durch ihre Farbvielfalt l\u00e4sst sich dieses Sch\u00e4tzchen zu unz\u00e4hligen Outfits kombinieren und verleiht jeder noch so schlichten Garderobe den letzten Schliff. <\/p>\n<p>Die Speedy 35 ist aus beschichtetem Canvas und naturbelassenen Rindslederbes\u00e4tzen gefertigt und verf\u00fcgt \u00fcber doppelt gerollte Griffe sowie goldfarbene Beschl\u00e4ge. Durch einen Rei\u00dfverschluss \u00f6ffnet sich die Speedy zu einem Textilinnenfutter mit einem Innenfach. Die wundersch\u00f6ne Speedy Watercolor ist ein absolutes Lieblingspiece mit Sammlerwert.\n<\/p>\n<p>\n<strong>Mint condition<\/strong><br \/>\nDiese Louis Vuitton Speedy 35 Monogram Aquarelle Watercolor Handtasche ist ungetragen und daher in einem neuwertigen Zustand. Das beschichtete Monogram Canvas, das naturbelassene Rindsleder sowie das Innenfutter sind daher in einem einwandfreien Zustand.\n<\/p>\n<p>\n<strong>Style:<\/strong> Handbag<br \/>\n<strong>Size:<\/strong> 35<br \/>\n<strong>Dimensions (approx.):<\/strong> Breite 35 cm * H\u00f6he 23 cm * Tiefe 18 cm\n<\/p>\n<p>\n<strong>Exterior material:<\/strong> Beschichtetes Monogram Canvas, naturbelassenes Rindsleder<br \/>\n<strong>Interior Material<\/strong> fabric lining\n<\/p>\n<p>The pictures represent the offered bag. The picture rights are held by MyLovelyBoutique.com.<\/p>\n<p>Follow us on <a href=\"https:\/\/www.instagram.com\/mylovelyboutique.de\/\" rel=\"noopener noreferrer\" target=\"_blank\"><span style=\"color: #96588a;\">Instagram<\/span><\/a> and get inspired. <\/p>","protected":false},"excerpt":{"rendered":"<table class=\"mlb-product-details\">\n<tbody>\n<tr>\n<td class=\"mlb-details-caption\">Model<\/td>\n<td class=\"mlb-details-value\">Speedy 35 Monogram Aquarelle Watercolor<\/td>\n<\/tr>\n<tr>\n<td class=\"mlb-details-caption\">Colour<\/td>\n<td class=\"mlb-details-value\">Wei\u00df, Bunt<\/td>\n<\/tr>\n<tr>\n<td class=\"mlb-details-caption\">Hardware<\/td>\n<td class=\"mlb-details-value\">Gold<\/td>\n<\/tr>\n<tr>\n<td class=\"mlb-details-caption\">Year<\/td>\n<td class=\"mlb-details-value\">2008<\/td>\n<\/tr>\n<tr>\n<td class=\"mlb-details-caption\">Accessoires<\/td>\n<td class=\"mlb-details-value\">Rechnung, Staubbeutel, Schloss + Schl\u00fcssel, LV-Materialinfo, LV-Booklet<\/td>\n<\/tr>\n<tr>\n<td class=\"mlb-details-caption\">Condition<\/td>\n<td class=\"mlb-details-value\">Mint condition<\/td>\n<\/tr>\n<\/tbody>\n<\/table>","protected":false},"featured_media":17004,"template":"","meta":[],"product_brand":[],"product_cat":[154,68,1431,99],"product_tag":[],"class_list":{"0":"post-17001","1":"product","2":"type-product","3":"status-publish","4":"has-post-thumbnail","6":"product_cat-designer","7":"product_cat-handtaschen","8":"product_cat-louisvuitton","9":"product_cat-taschen","10":"product_shipping_class-bis5000","12":"first","13":"outofstock","14":"sold-individually","15":"shipping-taxable","16":"purchasable","17":"product-type-simple"},"_links":{"self":[{"href":"https:\/\/baselle.com\/en\/wp-json\/wp\/v2\/product\/17001","targetHints":{"allow":["GET"]}}],"collection":[{"href":"https:\/\/baselle.com\/en\/wp-json\/wp\/v2\/product"}],"about":[{"href":"https:\/\/baselle.com\/en\/wp-json\/wp\/v2\/types\/product"}],"wp:featuredmedia":[{"embeddable":true,"href":"https:\/\/baselle.com\/en\/wp-json\/wp\/v2\/media\/17004"}],"wp:attachment":[{"href":"https:\/\/baselle.com\/en\/wp-json\/wp\/v2\/media?parent=17001"}],"wp:term":[{"taxonomy":"product_brand","embeddable":true,"href":"https:\/\/baselle.com\/en\/wp-json\/wp\/v2\/product_brand?post=17001"},{"taxonomy":"product_cat","embeddable":true,"href":"https:\/\/baselle.com\/en\/wp-json\/wp\/v2\/product_cat?post=17001"},{"taxonomy":"product_tag","embeddable":true,"href":"https:\/\/baselle.com\/en\/wp-json\/wp\/v2\/product_tag?post=17001"}],"curies":[{"name":"wp","href":"https:\/\/api.w.org\/{rel}","templated":true}]}}